{"id":21919,"date":"2026-04-28T15:12:25","date_gmt":"2026-04-28T12:12:25","guid":{"rendered":"https:\/\/ceoparts.com\/?post_type=product&#038;p=21919"},"modified":"2026-05-02T06:11:27","modified_gmt":"2026-05-02T03:11:27","slug":"linde-t20sp-denge-mekanizma-ayagi-1318501603","status":"publish","type":"product","link":"https:\/\/ceoparts.com\/fr\/urun\/linde-t20sp-denge-mekanizma-ayagi-1318501603\/","title":{"rendered":"LINDE T20SP Pied Du M\u00e9canisme D&#8217;\u00e9quilibrage &#8211; 1318501603"},"content":{"rendered":"<p>LINDE T20SP Pied Du M\u00e9canisme D&#8217;\u00e9quilibrage &#8211; 1318501603<\/p>","protected":false},"excerpt":{"rendered":"<p><span style=\"font-family: tim;\">Linde 1318501603, 1314560303<\/span><\/p>\n<p>&nbsp;<\/p>\n<table border=\"0\" width=\"240\" cellspacing=\"0\" cellpadding=\"0\">\n<colgroup><\/colgroup>\n<colgroup>\n<col width=\"64\" \/><\/colgroup>\n<colgroup>\n<col width=\"176\" \/><\/colgroup>\n<tbody>\n<tr>\n<td class=\"xl65\" width=\"64\" height=\"20\"><span style=\"font-family: tim;\">1158<\/span><\/td>\n<td class=\"xl65\" width=\"176\"><span style=\"font-family: tim;\">T20AP-04\/T20SP<\/span><\/td>\n<\/tr>\n<tr>\n<td class=\"xl65\" height=\"20\"><span style=\"font-family: tim;\">131<\/span><\/td>\n<td class=\"xl65\"><span style=\"font-family: tim;\">T20AP\/T20SP<\/span><\/td>\n<\/tr>\n<tr>\n<td class=\"xl65\" height=\"20\"><span style=\"font-family: tim;\">131<\/span><\/td>\n<td class=\"xl65\"><span style=\"font-family: tim;\">T20AP\/T20SP<\/span><\/td>\n<\/tr>\n<tr>\n<td class=\"xl65\" height=\"20\"><span style=\"font-family: tim;\">131<\/span><\/td>\n<td class=\"xl65\"><span style=\"font-family: tim;\">T20AP\/T20SP<\/span><\/td>\n<\/tr>\n<tr>\n<td class=\"xl65\" height=\"20\"><span style=\"font-family: tim;\">132<\/span><\/td>\n<td class=\"xl65\"><span style=\"font-family: tim;\">N20\/N24\/N20L\/N20LI<\/span><\/td>\n<\/tr>\n<tr>\n<td class=\"xl65\" height=\"20\"><span style=\"font-family: tim;\">132<\/span><\/td>\n<td class=\"xl65\"><span style=\"font-family: tim;\">N20\/N24\/N20L\/N20LI<\/span><\/td>\n<\/tr>\n<tr>\n<td class=\"xl65\" height=\"20\"><span style=\"font-family: tim;\">133<\/span><\/td>\n<td class=\"xl65\"><span style=\"font-family: tim;\">L12\/L14-L12L\/L14L-L12LHP<\/span><\/td>\n<\/tr>\n<\/tbody>\n<\/table>\n","protected":false},"featured_media":21924,"template":"","meta":[],"product_brand":[],"product_cat":[470,425,523],"product_tag":[],"class_list":{"0":"post-21919","1":"product","2":"type-product","3":"status-publish","4":"has-post-thumbnail","6":"product_cat-diger-yedek-parcalar","7":"product_cat-linde-denge-mekanizma","8":"product_cat-yedek-parca-linde","10":"first","11":"instock","12":"taxable","13":"shipping-taxable","14":"purchasable","15":"product-type-simple"},"_links":{"self":[{"href":"https:\/\/ceoparts.com\/fr\/wp-json\/wp\/v2\/product\/21919","targetHints":{"allow":["GET"]}}],"collection":[{"href":"https:\/\/ceoparts.com\/fr\/wp-json\/wp\/v2\/product"}],"about":[{"href":"https:\/\/ceoparts.com\/fr\/wp-json\/wp\/v2\/types\/product"}],"wp:featuredmedia":[{"embeddable":true,"href":"https:\/\/ceoparts.com\/fr\/wp-json\/wp\/v2\/media\/21924"}],"wp:attachment":[{"href":"https:\/\/ceoparts.com\/fr\/wp-json\/wp\/v2\/media?parent=21919"}],"wp:term":[{"taxonomy":"product_brand","embeddable":true,"href":"https:\/\/ceoparts.com\/fr\/wp-json\/wp\/v2\/product_brand?post=21919"},{"taxonomy":"product_cat","embeddable":true,"href":"https:\/\/ceoparts.com\/fr\/wp-json\/wp\/v2\/product_cat?post=21919"},{"taxonomy":"product_tag","embeddable":true,"href":"https:\/\/ceoparts.com\/fr\/wp-json\/wp\/v2\/product_tag?post=21919"}],"curies":[{"name":"wp","href":"https:\/\/api.w.org\/{rel}","templated":true}]}}