{"id":21928,"date":"2026-04-28T16:31:32","date_gmt":"2026-04-28T13:31:32","guid":{"rendered":"https:\/\/ceoparts.com\/?post_type=product&#038;p=21928"},"modified":"2026-05-02T05:53:17","modified_gmt":"2026-05-02T02:53:17","slug":"256x70-30-wicke-yuruyus-tekeri-272124500-2792431","status":"publish","type":"product","link":"https:\/\/ceoparts.com\/fr\/urun\/256x70-30-wicke-yuruyus-tekeri-272124500-2792431\/","title":{"rendered":"256&#215;70-30 Wicke Roue Motrice &#8211; 272124500, 2792431"},"content":{"rendered":"<p>256&#215;70-30 Wicke Roue Motrice &#8211; 272124500, 2792431<\/p>","protected":false},"excerpt":{"rendered":"<p data-start=\"2588\" data-end=\"2731\">La <strong data-start=\"2591\" data-end=\"2623\">roue motrice Wicke 256\u00d770-30<\/strong> est utilis\u00e9e dans les chariots \u00e9l\u00e9vateurs et \u00e9quipements de manutention pour assurer un d\u00e9placement stable.<\/p>\n<p data-start=\"2733\" data-end=\"3018\"><strong data-start=\"2733\" data-end=\"2755\">Caract\u00e9ristiques :<\/strong><br data-start=\"2755\" data-end=\"2758\" \/>Nom du produit : Roue motrice Wicke 256\u00d770-30<br data-start=\"2803\" data-end=\"2806\" \/>R\u00e9f\u00e9rences : 272124500, 2792431<br data-start=\"2837\" data-end=\"2840\" \/>Mat\u00e9riau : Rev\u00eatement en polyur\u00e9thane avec noyau en acier<br data-start=\"2897\" data-end=\"2900\" \/>Application : Roue motrice pour \u00e9quipements industriels<br data-start=\"2955\" data-end=\"2958\" \/>Avantage : Haute r\u00e9sistance \u00e0 l\u2019usure et longue dur\u00e9e de vie<\/p>\n","protected":false},"featured_media":21933,"template":"","meta":[],"product_brand":[],"product_cat":[404,270,193],"product_tag":[],"class_list":{"0":"post-21928","1":"product","2":"type-product","3":"status-publish","4":"has-post-thumbnail","6":"product_cat-yuruyus-tekeri-wicke","7":"product_cat-yuruyus-tekeri-yale","8":"product_cat-yuruyus-tekeri","10":"first","11":"instock","12":"taxable","13":"shipping-taxable","14":"purchasable","15":"product-type-simple"},"_links":{"self":[{"href":"https:\/\/ceoparts.com\/fr\/wp-json\/wp\/v2\/product\/21928","targetHints":{"allow":["GET"]}}],"collection":[{"href":"https:\/\/ceoparts.com\/fr\/wp-json\/wp\/v2\/product"}],"about":[{"href":"https:\/\/ceoparts.com\/fr\/wp-json\/wp\/v2\/types\/product"}],"wp:featuredmedia":[{"embeddable":true,"href":"https:\/\/ceoparts.com\/fr\/wp-json\/wp\/v2\/media\/21933"}],"wp:attachment":[{"href":"https:\/\/ceoparts.com\/fr\/wp-json\/wp\/v2\/media?parent=21928"}],"wp:term":[{"taxonomy":"product_brand","embeddable":true,"href":"https:\/\/ceoparts.com\/fr\/wp-json\/wp\/v2\/product_brand?post=21928"},{"taxonomy":"product_cat","embeddable":true,"href":"https:\/\/ceoparts.com\/fr\/wp-json\/wp\/v2\/product_cat?post=21928"},{"taxonomy":"product_tag","embeddable":true,"href":"https:\/\/ceoparts.com\/fr\/wp-json\/wp\/v2\/product_tag?post=21928"}],"curies":[{"name":"wp","href":"https:\/\/api.w.org\/{rel}","templated":true}]}}