{"id":21934,"date":"2026-04-28T16:44:18","date_gmt":"2026-04-28T13:44:18","guid":{"rendered":"https:\/\/ceoparts.com\/?post_type=product&#038;p=21934"},"modified":"2026-05-02T05:39:39","modified_gmt":"2026-05-02T02:39:39","slug":"jungheinrich-ekx-kumanda-paneli-mandali-50038446","status":"publish","type":"product","link":"https:\/\/ceoparts.com\/fr\/urun\/jungheinrich-ekx-kumanda-paneli-mandali-50038446\/","title":{"rendered":"JUNGHEINRICH Ekx Loquet Du Panneau De Commande &#8211; 50038446"},"content":{"rendered":"<p>JUNGHEINRICH Ekx Loquet Du Panneau De Commande &#8211; 50038446<\/p>\n<p>JUNGHEINRICH Ekx Loquet Du Panneau De Commande &#8211; 50038446<\/p>\n<p><\/p>","protected":false},"excerpt":{"rendered":"<p data-start=\"2887\" data-end=\"3025\">Le <strong data-start=\"2890\" data-end=\"2949\">loquet de panneau de commande Jungheinrich EKX 50038446<\/strong> permet de verrouiller et s\u00e9curiser le panneau de commande des chariots EKX.<\/p>\n<p data-start=\"3027\" data-end=\"3324\"><strong data-start=\"3027\" data-end=\"3049\">Caract\u00e9ristiques :<\/strong><br data-start=\"3049\" data-end=\"3052\" \/>Nom du produit : Loquet de panneau de commande Jungheinrich EKX<br data-start=\"3115\" data-end=\"3118\" \/>R\u00e9f\u00e9rence : 50038446<br data-start=\"3138\" data-end=\"3141\" \/>Type : M\u00e9canisme de verrouillage<br data-start=\"3173\" data-end=\"3176\" \/>Mat\u00e9riau : Structure m\u00e9tallique r\u00e9sistante<br data-start=\"3218\" data-end=\"3221\" \/>Application : Fixation du panneau de commande<br data-start=\"3266\" data-end=\"3269\" \/>Avantage : Verrouillage s\u00e9curis\u00e9 et longue dur\u00e9e de vie<\/p>\n","protected":false},"featured_media":21938,"template":"","meta":[],"product_brand":[],"product_cat":[454,522],"product_tag":[],"class_list":{"0":"post-21934","1":"product","2":"type-product","3":"status-publish","4":"has-post-thumbnail","6":"product_cat-switch-ve-buton","7":"product_cat-yedek-parca-jungheinrich","9":"first","10":"instock","11":"taxable","12":"shipping-taxable","13":"purchasable","14":"product-type-simple"},"_links":{"self":[{"href":"https:\/\/ceoparts.com\/fr\/wp-json\/wp\/v2\/product\/21934","targetHints":{"allow":["GET"]}}],"collection":[{"href":"https:\/\/ceoparts.com\/fr\/wp-json\/wp\/v2\/product"}],"about":[{"href":"https:\/\/ceoparts.com\/fr\/wp-json\/wp\/v2\/types\/product"}],"wp:featuredmedia":[{"embeddable":true,"href":"https:\/\/ceoparts.com\/fr\/wp-json\/wp\/v2\/media\/21938"}],"wp:attachment":[{"href":"https:\/\/ceoparts.com\/fr\/wp-json\/wp\/v2\/media?parent=21934"}],"wp:term":[{"taxonomy":"product_brand","embeddable":true,"href":"https:\/\/ceoparts.com\/fr\/wp-json\/wp\/v2\/product_brand?post=21934"},{"taxonomy":"product_cat","embeddable":true,"href":"https:\/\/ceoparts.com\/fr\/wp-json\/wp\/v2\/product_cat?post=21934"},{"taxonomy":"product_tag","embeddable":true,"href":"https:\/\/ceoparts.com\/fr\/wp-json\/wp\/v2\/product_tag?post=21934"}],"curies":[{"name":"wp","href":"https:\/\/api.w.org\/{rel}","templated":true}]}}