{"id":21939,"date":"2026-04-28T16:57:13","date_gmt":"2026-04-28T13:57:13","guid":{"rendered":"https:\/\/ceoparts.com\/?post_type=product&#038;p=21939"},"modified":"2026-05-02T05:57:41","modified_gmt":"2026-05-02T02:57:41","slug":"crown-koruyucu-ped-824090","status":"publish","type":"product","link":"https:\/\/ceoparts.com\/fr\/urun\/crown-koruyucu-ped-824090\/","title":{"rendered":"Crown Coussin De Protection &#8211; 824090"},"content":{"rendered":"<p>Crown Coussin De Protection &#8211; 824090<\/p>","protected":false},"excerpt":{"rendered":"<p data-start=\"2201\" data-end=\"2318\">Le <strong data-start=\"2204\" data-end=\"2241\">tampon de protection Crown 824090<\/strong> est utilis\u00e9 pour absorber les chocs et prot\u00e9ger les \u00e9quipements industriels.<\/p>\n<p data-start=\"2320\" data-end=\"2552\"><strong data-start=\"2320\" data-end=\"2342\">Caract\u00e9ristiques :<\/strong><br data-start=\"2342\" data-end=\"2345\" \/>Nom du produit : Tampon de protection Crown<br data-start=\"2388\" data-end=\"2391\" \/>R\u00e9f\u00e9rence : 824090<br data-start=\"2409\" data-end=\"2412\" \/>Mat\u00e9riau : Caoutchouc \/ \u00e9lastom\u00e8re<br data-start=\"2446\" data-end=\"2449\" \/>Application : Protection contre les chocs<br data-start=\"2490\" data-end=\"2493\" \/>Avantage : Absorption des vibrations et longue dur\u00e9e de vie<\/p>\n","protected":false},"featured_media":21940,"template":"","meta":[],"product_brand":[],"product_cat":[519,470],"product_tag":[],"class_list":{"0":"post-21939","1":"product","2":"type-product","3":"status-publish","4":"has-post-thumbnail","6":"product_cat-yedek-parca-crown","7":"product_cat-diger-yedek-parcalar","9":"first","10":"instock","11":"taxable","12":"shipping-taxable","13":"purchasable","14":"product-type-simple"},"_links":{"self":[{"href":"https:\/\/ceoparts.com\/fr\/wp-json\/wp\/v2\/product\/21939","targetHints":{"allow":["GET"]}}],"collection":[{"href":"https:\/\/ceoparts.com\/fr\/wp-json\/wp\/v2\/product"}],"about":[{"href":"https:\/\/ceoparts.com\/fr\/wp-json\/wp\/v2\/types\/product"}],"wp:featuredmedia":[{"embeddable":true,"href":"https:\/\/ceoparts.com\/fr\/wp-json\/wp\/v2\/media\/21940"}],"wp:attachment":[{"href":"https:\/\/ceoparts.com\/fr\/wp-json\/wp\/v2\/media?parent=21939"}],"wp:term":[{"taxonomy":"product_brand","embeddable":true,"href":"https:\/\/ceoparts.com\/fr\/wp-json\/wp\/v2\/product_brand?post=21939"},{"taxonomy":"product_cat","embeddable":true,"href":"https:\/\/ceoparts.com\/fr\/wp-json\/wp\/v2\/product_cat?post=21939"},{"taxonomy":"product_tag","embeddable":true,"href":"https:\/\/ceoparts.com\/fr\/wp-json\/wp\/v2\/product_tag?post=21939"}],"curies":[{"name":"wp","href":"https:\/\/api.w.org\/{rel}","templated":true}]}}