{"id":21945,"date":"2026-04-28T17:14:15","date_gmt":"2026-04-28T14:14:15","guid":{"rendered":"https:\/\/ceoparts.com\/?post_type=product&#038;p=21945"},"modified":"2026-05-02T05:53:02","modified_gmt":"2026-05-02T02:53:02","slug":"linde-hidrolik-filtre-0009831678","status":"publish","type":"product","link":"https:\/\/ceoparts.com\/fr\/urun\/linde-hidrolik-filtre-0009831678\/","title":{"rendered":"LINDE Filtre Hydraulique &#8211; 0009831678"},"content":{"rendered":"<p>LINDE Filtre Hydraulique &#8211; 0009831678<\/p>","protected":false},"excerpt":{"rendered":"<p data-start=\"2342\" data-end=\"2490\">Le <strong data-start=\"2345\" data-end=\"2384\">filtre hydraulique Linde 0009831678<\/strong> est utilis\u00e9 dans les syst\u00e8mes hydrauliques des chariots \u00e9l\u00e9vateurs pour filtrer les impuret\u00e9s de l\u2019huile.<\/p>\n<p data-start=\"2492\" data-end=\"2727\"><strong data-start=\"2492\" data-end=\"2514\">Caract\u00e9ristiques :<\/strong><br data-start=\"2514\" data-end=\"2517\" \/>Nom du produit : Filtre hydraulique Linde<br data-start=\"2558\" data-end=\"2561\" \/>R\u00e9f\u00e9rence : 0009831678<br data-start=\"2583\" data-end=\"2586\" \/>Type : Filtre d\u2019huile hydraulique<br data-start=\"2619\" data-end=\"2622\" \/>Application : Syst\u00e8mes hydrauliques industriels<br data-start=\"2669\" data-end=\"2672\" \/>Avantage : Protection du syst\u00e8me et longue dur\u00e9e de vie<\/p>\n","protected":false},"featured_media":21949,"template":"","meta":[],"product_brand":[],"product_cat":[498],"product_tag":[],"class_list":{"0":"post-21945","1":"product","2":"type-product","3":"status-publish","4":"has-post-thumbnail","6":"product_cat-filtre-cesitleri","8":"first","9":"instock","10":"taxable","11":"shipping-taxable","12":"purchasable","13":"product-type-simple"},"_links":{"self":[{"href":"https:\/\/ceoparts.com\/fr\/wp-json\/wp\/v2\/product\/21945","targetHints":{"allow":["GET"]}}],"collection":[{"href":"https:\/\/ceoparts.com\/fr\/wp-json\/wp\/v2\/product"}],"about":[{"href":"https:\/\/ceoparts.com\/fr\/wp-json\/wp\/v2\/types\/product"}],"wp:featuredmedia":[{"embeddable":true,"href":"https:\/\/ceoparts.com\/fr\/wp-json\/wp\/v2\/media\/21949"}],"wp:attachment":[{"href":"https:\/\/ceoparts.com\/fr\/wp-json\/wp\/v2\/media?parent=21945"}],"wp:term":[{"taxonomy":"product_brand","embeddable":true,"href":"https:\/\/ceoparts.com\/fr\/wp-json\/wp\/v2\/product_brand?post=21945"},{"taxonomy":"product_cat","embeddable":true,"href":"https:\/\/ceoparts.com\/fr\/wp-json\/wp\/v2\/product_cat?post=21945"},{"taxonomy":"product_tag","embeddable":true,"href":"https:\/\/ceoparts.com\/fr\/wp-json\/wp\/v2\/product_tag?post=21945"}],"curies":[{"name":"wp","href":"https:\/\/api.w.org\/{rel}","templated":true}]}}