{"id":21950,"date":"2026-04-28T17:29:00","date_gmt":"2026-04-28T14:29:00","guid":{"rendered":"https:\/\/ceoparts.com\/?post_type=product&#038;p=21950"},"modified":"2026-05-02T05:35:29","modified_gmt":"2026-05-02T02:35:29","slug":"kontaktor-sw200-279-250a-36-48v","status":"publish","type":"product","link":"https:\/\/ceoparts.com\/fr\/urun\/kontaktor-sw200-279-250a-36-48v\/","title":{"rendered":"Contacteur &#8211; Sw200\/279 250A 36-48V"},"content":{"rendered":"<p>Contacteur &#8211; Sw200\/279 250A 36-48V<\/p>","protected":false},"excerpt":{"rendered":"<p data-start=\"2392\" data-end=\"2556\">Le <strong data-start=\"2395\" data-end=\"2431\">contacteur SW200\/279 250A 36-48V<\/strong> est utilis\u00e9 dans les chariots \u00e9l\u00e9vateurs et v\u00e9hicules industriels \u00e9lectriques pour la commutation des circuits de puissance.<\/p>\n<p data-start=\"2558\" data-end=\"2794\"><strong data-start=\"2558\" data-end=\"2580\">Caract\u00e9ristiques :<\/strong><br data-start=\"2580\" data-end=\"2583\" \/>Nom du produit : Contacteur<br data-start=\"2610\" data-end=\"2613\" \/>Mod\u00e8le : SW200\/279<br data-start=\"2631\" data-end=\"2634\" \/>Courant : 250A<br data-start=\"2648\" data-end=\"2651\" \/>Tension : 36-48V<br data-start=\"2667\" data-end=\"2670\" \/>Type : Contacteur DC<br data-start=\"2690\" data-end=\"2693\" \/>Application : Syst\u00e8mes \u00e9lectriques industriels<br data-start=\"2739\" data-end=\"2742\" \/>Avantage : Commutation fiable et longue dur\u00e9e de vie<\/p>\n","protected":false},"featured_media":21953,"template":"","meta":[],"product_brand":[],"product_cat":[462],"product_tag":[],"class_list":{"0":"post-21950","1":"product","2":"type-product","3":"status-publish","4":"has-post-thumbnail","6":"product_cat-kontaktorler","8":"first","9":"instock","10":"taxable","11":"shipping-taxable","12":"purchasable","13":"product-type-simple"},"_links":{"self":[{"href":"https:\/\/ceoparts.com\/fr\/wp-json\/wp\/v2\/product\/21950","targetHints":{"allow":["GET"]}}],"collection":[{"href":"https:\/\/ceoparts.com\/fr\/wp-json\/wp\/v2\/product"}],"about":[{"href":"https:\/\/ceoparts.com\/fr\/wp-json\/wp\/v2\/types\/product"}],"wp:featuredmedia":[{"embeddable":true,"href":"https:\/\/ceoparts.com\/fr\/wp-json\/wp\/v2\/media\/21953"}],"wp:attachment":[{"href":"https:\/\/ceoparts.com\/fr\/wp-json\/wp\/v2\/media?parent=21950"}],"wp:term":[{"taxonomy":"product_brand","embeddable":true,"href":"https:\/\/ceoparts.com\/fr\/wp-json\/wp\/v2\/product_brand?post=21950"},{"taxonomy":"product_cat","embeddable":true,"href":"https:\/\/ceoparts.com\/fr\/wp-json\/wp\/v2\/product_cat?post=21950"},{"taxonomy":"product_tag","embeddable":true,"href":"https:\/\/ceoparts.com\/fr\/wp-json\/wp\/v2\/product_tag?post=21950"}],"curies":[{"name":"wp","href":"https:\/\/api.w.org\/{rel}","templated":true}]}}