{"id":21956,"date":"2026-04-28T17:42:24","date_gmt":"2026-04-28T14:42:24","guid":{"rendered":"https:\/\/ceoparts.com\/?post_type=product&#038;p=21956"},"modified":"2026-05-02T05:53:18","modified_gmt":"2026-05-02T02:53:18","slug":"linde-r16-sekillendirilmis-kaucuk-hortum","status":"publish","type":"product","link":"https:\/\/ceoparts.com\/fr\/urun\/linde-r16-sekillendirilmis-kaucuk-hortum\/","title":{"rendered":"LINDE R16 Tuyau En Caoutchouc Fa\u00e7onn\u00e9"},"content":{"rendered":"<p>LINDE R16 Tuyau En Caoutchouc Fa\u00e7onn\u00e9<\/p>","protected":false},"excerpt":{"rendered":"<p data-start=\"2459\" data-end=\"2601\">La <strong data-start=\"2462\" data-end=\"2503\">durite en caoutchouc moul\u00e9e Linde R16<\/strong> est utilis\u00e9e dans les syst\u00e8mes hydrauliques ou de transfert de fluides des chariots r\u00e9tractables.<\/p>\n<p data-start=\"2603\" data-end=\"2784\"><strong data-start=\"2603\" data-end=\"2625\">Caract\u00e9ristiques :<\/strong><br data-start=\"2625\" data-end=\"2628\" \/>Nom du produit : Durite moul\u00e9e Linde R16<br data-start=\"2668\" data-end=\"2671\" \/>Mat\u00e9riau : Caoutchouc moul\u00e9<br data-start=\"2698\" data-end=\"2701\" \/>Application : Syst\u00e8mes hydrauliques<br data-start=\"2736\" data-end=\"2739\" \/>Avantage : Flexibilit\u00e9 et longue dur\u00e9e de vie<\/p>\n","protected":false},"featured_media":21958,"template":"","meta":[],"product_brand":[],"product_cat":[470,523],"product_tag":[],"class_list":{"0":"post-21956","1":"product","2":"type-product","3":"status-publish","4":"has-post-thumbnail","6":"product_cat-diger-yedek-parcalar","7":"product_cat-yedek-parca-linde","9":"first","10":"instock","11":"taxable","12":"shipping-taxable","13":"purchasable","14":"product-type-simple"},"_links":{"self":[{"href":"https:\/\/ceoparts.com\/fr\/wp-json\/wp\/v2\/product\/21956","targetHints":{"allow":["GET"]}}],"collection":[{"href":"https:\/\/ceoparts.com\/fr\/wp-json\/wp\/v2\/product"}],"about":[{"href":"https:\/\/ceoparts.com\/fr\/wp-json\/wp\/v2\/types\/product"}],"wp:featuredmedia":[{"embeddable":true,"href":"https:\/\/ceoparts.com\/fr\/wp-json\/wp\/v2\/media\/21958"}],"wp:attachment":[{"href":"https:\/\/ceoparts.com\/fr\/wp-json\/wp\/v2\/media?parent=21956"}],"wp:term":[{"taxonomy":"product_brand","embeddable":true,"href":"https:\/\/ceoparts.com\/fr\/wp-json\/wp\/v2\/product_brand?post=21956"},{"taxonomy":"product_cat","embeddable":true,"href":"https:\/\/ceoparts.com\/fr\/wp-json\/wp\/v2\/product_cat?post=21956"},{"taxonomy":"product_tag","embeddable":true,"href":"https:\/\/ceoparts.com\/fr\/wp-json\/wp\/v2\/product_tag?post=21956"}],"curies":[{"name":"wp","href":"https:\/\/api.w.org\/{rel}","templated":true}]}}