{"id":21961,"date":"2026-04-29T09:45:00","date_gmt":"2026-04-29T06:45:00","guid":{"rendered":"https:\/\/ceoparts.com\/?post_type=product&#038;p=21961"},"modified":"2026-05-02T06:11:27","modified_gmt":"2026-05-02T03:11:27","slug":"hyster-kapak-1476664","status":"publish","type":"product","link":"https:\/\/ceoparts.com\/fr\/urun\/hyster-kapak-1476664\/","title":{"rendered":"HYSTER Couvercle &#8211; 1476664"},"content":{"rendered":"<p>HYSTER Couvercle &#8211; 1476664<\/p>","protected":false},"excerpt":{"rendered":"<p data-start=\"2003\" data-end=\"2124\">Le <strong data-start=\"2006\" data-end=\"2034\">couvercle Hyster 1476664<\/strong> prot\u00e8ge les composants internes des chariots \u00e9l\u00e9vateurs contre les chocs et la poussi\u00e8re.<\/p>\n<p data-start=\"2126\" data-end=\"2317\"><strong data-start=\"2126\" data-end=\"2148\">Caract\u00e9ristiques :<\/strong><br data-start=\"2148\" data-end=\"2151\" \/>Nom du produit : Couvercle Hyster<br data-start=\"2184\" data-end=\"2187\" \/>R\u00e9f\u00e9rence : 1476664<br data-start=\"2206\" data-end=\"2209\" \/>Mat\u00e9riau : Plastique \/ m\u00e9tal<br data-start=\"2237\" data-end=\"2240\" \/>Application : Protection des composants<br data-start=\"2279\" data-end=\"2282\" \/>Avantage : Durabilit\u00e9 et protection<\/p>\n","protected":false},"featured_media":21966,"template":"","meta":[],"product_brand":[],"product_cat":[520,472],"product_tag":[],"class_list":{"0":"post-21961","1":"product","2":"type-product","3":"status-publish","4":"has-post-thumbnail","6":"product_cat-yedek-parca-hyster","7":"product_cat-kaporta-aksami","9":"first","10":"instock","11":"taxable","12":"shipping-taxable","13":"purchasable","14":"product-type-simple"},"_links":{"self":[{"href":"https:\/\/ceoparts.com\/fr\/wp-json\/wp\/v2\/product\/21961","targetHints":{"allow":["GET"]}}],"collection":[{"href":"https:\/\/ceoparts.com\/fr\/wp-json\/wp\/v2\/product"}],"about":[{"href":"https:\/\/ceoparts.com\/fr\/wp-json\/wp\/v2\/types\/product"}],"wp:featuredmedia":[{"embeddable":true,"href":"https:\/\/ceoparts.com\/fr\/wp-json\/wp\/v2\/media\/21966"}],"wp:attachment":[{"href":"https:\/\/ceoparts.com\/fr\/wp-json\/wp\/v2\/media?parent=21961"}],"wp:term":[{"taxonomy":"product_brand","embeddable":true,"href":"https:\/\/ceoparts.com\/fr\/wp-json\/wp\/v2\/product_brand?post=21961"},{"taxonomy":"product_cat","embeddable":true,"href":"https:\/\/ceoparts.com\/fr\/wp-json\/wp\/v2\/product_cat?post=21961"},{"taxonomy":"product_tag","embeddable":true,"href":"https:\/\/ceoparts.com\/fr\/wp-json\/wp\/v2\/product_tag?post=21961"}],"curies":[{"name":"wp","href":"https:\/\/api.w.org\/{rel}","templated":true}]}}