{"id":21972,"date":"2026-04-29T10:19:28","date_gmt":"2026-04-29T07:19:28","guid":{"rendered":"https:\/\/ceoparts.com\/?post_type=product&#038;p=21972"},"modified":"2026-05-02T06:30:31","modified_gmt":"2026-05-02T03:30:31","slug":"linde-r16-kapak-11204382200","status":"publish","type":"product","link":"https:\/\/ceoparts.com\/fr\/urun\/linde-r16-kapak-11204382200\/","title":{"rendered":"LINDE R16 Couvercle &#8211; 11204382200"},"content":{"rendered":"<p>LINDE R16 Couvercle &#8211; 11204382200<\/p>","protected":false},"excerpt":{"rendered":"<p data-start=\"2296\" data-end=\"2420\">Le <strong data-start=\"2299\" data-end=\"2334\">couvercle Linde R16 11204382200<\/strong> prot\u00e8ge les composants internes des chariots \u00e9l\u00e9vateurs et des chariots r\u00e9tractables.<\/p>\n<p data-start=\"2422\" data-end=\"2624\"><strong data-start=\"2422\" data-end=\"2444\">Caract\u00e9ristiques :<\/strong><br data-start=\"2444\" data-end=\"2447\" \/>Nom du produit : Couvercle Linde R16<br data-start=\"2483\" data-end=\"2486\" \/>R\u00e9f\u00e9rence : 11204382200<br data-start=\"2509\" data-end=\"2512\" \/>Mat\u00e9riau : Plastique \/ composite<br data-start=\"2544\" data-end=\"2547\" \/>Application : Protection des composants<br data-start=\"2586\" data-end=\"2589\" \/>Avantage : Durabilit\u00e9 et protection<\/p>\n","protected":false},"featured_media":21969,"template":"","meta":[],"product_brand":[],"product_cat":[523,472],"product_tag":[],"class_list":{"0":"post-21972","1":"product","2":"type-product","3":"status-publish","4":"has-post-thumbnail","6":"product_cat-yedek-parca-linde","7":"product_cat-kaporta-aksami","9":"first","10":"instock","11":"taxable","12":"shipping-taxable","13":"purchasable","14":"product-type-simple"},"_links":{"self":[{"href":"https:\/\/ceoparts.com\/fr\/wp-json\/wp\/v2\/product\/21972","targetHints":{"allow":["GET"]}}],"collection":[{"href":"https:\/\/ceoparts.com\/fr\/wp-json\/wp\/v2\/product"}],"about":[{"href":"https:\/\/ceoparts.com\/fr\/wp-json\/wp\/v2\/types\/product"}],"wp:featuredmedia":[{"embeddable":true,"href":"https:\/\/ceoparts.com\/fr\/wp-json\/wp\/v2\/media\/21969"}],"wp:attachment":[{"href":"https:\/\/ceoparts.com\/fr\/wp-json\/wp\/v2\/media?parent=21972"}],"wp:term":[{"taxonomy":"product_brand","embeddable":true,"href":"https:\/\/ceoparts.com\/fr\/wp-json\/wp\/v2\/product_brand?post=21972"},{"taxonomy":"product_cat","embeddable":true,"href":"https:\/\/ceoparts.com\/fr\/wp-json\/wp\/v2\/product_cat?post=21972"},{"taxonomy":"product_tag","embeddable":true,"href":"https:\/\/ceoparts.com\/fr\/wp-json\/wp\/v2\/product_tag?post=21972"}],"curies":[{"name":"wp","href":"https:\/\/api.w.org\/{rel}","templated":true}]}}