{"id":21973,"date":"2026-04-30T16:42:48","date_gmt":"2026-04-30T13:42:48","guid":{"rendered":"https:\/\/ceoparts.com\/?post_type=product&#038;p=21973"},"modified":"2026-05-02T06:48:51","modified_gmt":"2026-05-02T03:48:51","slug":"linde-r16-kelepceli-bant-0009551817","status":"publish","type":"product","link":"https:\/\/ceoparts.com\/fr\/urun\/linde-r16-kelepceli-bant-0009551817\/","title":{"rendered":"LINDE R16 Bande De Serrage &#8211; 0009551817"},"content":{"rendered":"<p>LINDE R16 Bande De Serrage &#8211; 0009551817<\/p>\n<p>LINDE R16 Bande De Serrage &#8211; 0009551817<\/p>\n<p><\/p>","protected":false},"excerpt":{"rendered":"<p data-start=\"2594\" data-end=\"2719\">Le <strong data-start=\"2597\" data-end=\"2640\">collier de serrage Linde R16 0009551817<\/strong> est utilis\u00e9 pour fixer des tuyaux ou des c\u00e2bles sur les chariots r\u00e9tractables.<\/p>\n<p data-start=\"2721\" data-end=\"2990\"><strong data-start=\"2721\" data-end=\"2743\">Caract\u00e9ristiques :<\/strong><br data-start=\"2743\" data-end=\"2746\" \/>Nom du produit : Collier de serrage Linde R16<br data-start=\"2791\" data-end=\"2794\" \/>R\u00e9f\u00e9rence : 0009551817<br data-start=\"2816\" data-end=\"2819\" \/>Type : Collier de fixation<br data-start=\"2845\" data-end=\"2848\" \/>Mat\u00e9riau : Structure m\u00e9tallique r\u00e9sistante<br data-start=\"2890\" data-end=\"2893\" \/>Application : Fixation de tuyaux et c\u00e2bles<br data-start=\"2935\" data-end=\"2938\" \/>Avantage : Fixation s\u00e9curis\u00e9e et longue dur\u00e9e de vie<\/p>\n<p data-start=\"2992\" data-end=\"3033\"><strong data-start=\"2992\" data-end=\"3017\">Mod\u00e8les compatibles :<\/strong><\/p>\n","protected":false},"featured_media":21975,"template":"","meta":[],"product_brand":[],"product_cat":[523,470],"product_tag":[],"class_list":{"0":"post-21973","1":"product","2":"type-product","3":"status-publish","4":"has-post-thumbnail","6":"product_cat-yedek-parca-linde","7":"product_cat-diger-yedek-parcalar","9":"first","10":"instock","11":"taxable","12":"shipping-taxable","13":"product-type-simple"},"_links":{"self":[{"href":"https:\/\/ceoparts.com\/fr\/wp-json\/wp\/v2\/product\/21973","targetHints":{"allow":["GET"]}}],"collection":[{"href":"https:\/\/ceoparts.com\/fr\/wp-json\/wp\/v2\/product"}],"about":[{"href":"https:\/\/ceoparts.com\/fr\/wp-json\/wp\/v2\/types\/product"}],"wp:featuredmedia":[{"embeddable":true,"href":"https:\/\/ceoparts.com\/fr\/wp-json\/wp\/v2\/media\/21975"}],"wp:attachment":[{"href":"https:\/\/ceoparts.com\/fr\/wp-json\/wp\/v2\/media?parent=21973"}],"wp:term":[{"taxonomy":"product_brand","embeddable":true,"href":"https:\/\/ceoparts.com\/fr\/wp-json\/wp\/v2\/product_brand?post=21973"},{"taxonomy":"product_cat","embeddable":true,"href":"https:\/\/ceoparts.com\/fr\/wp-json\/wp\/v2\/product_cat?post=21973"},{"taxonomy":"product_tag","embeddable":true,"href":"https:\/\/ceoparts.com\/fr\/wp-json\/wp\/v2\/product_tag?post=21973"}],"curies":[{"name":"wp","href":"https:\/\/api.w.org\/{rel}","templated":true}]}}