{"id":22031,"date":"2026-05-04T14:56:08","date_gmt":"2026-05-04T11:56:08","guid":{"rendered":"https:\/\/ceoparts.com\/?post_type=product&#038;p=22031"},"modified":"2026-05-06T15:04:54","modified_gmt":"2026-05-06T12:04:54","slug":"linde-piyon-dislisi-3505274700","status":"publish","type":"product","link":"https:\/\/ceoparts.com\/fr\/urun\/linde-piyon-dislisi-3505274700\/","title":{"rendered":"LINDE Pignon &#8211; 3505274700"},"content":{"rendered":"<p>LINDE Pignon &#8211; 3505274700<\/p>","protected":false},"excerpt":{"rendered":"<p>Le <strong data-start=\"3431\" data-end=\"3458\">pignon Linde 3505274700<\/strong> est un composant essentiel de transmission de puissance utilis\u00e9 dans les syst\u00e8mes d\u2019entra\u00eenement des chariots \u00e9l\u00e9vateurs et des \u00e9quipements de manutention. Il transmet la puissance du moteur \u00e0 travers le syst\u00e8me d\u2019engrenages, assurant un mouvement fluide et efficace. Gr\u00e2ce \u00e0 sa structure en acier haute r\u00e9sistance, il offre de hautes performances sous charges lourdes, r\u00e9siste \u00e0 l\u2019usure et garantit une longue dur\u00e9e de vie. Il contribue au fonctionnement stable du syst\u00e8me de d\u00e9placement et d\u2019entra\u00eenement de la machine.<\/p>\n","protected":false},"featured_media":22039,"template":"","meta":[],"product_brand":[],"product_cat":[523,470],"product_tag":[],"class_list":{"0":"post-22031","1":"product","2":"type-product","3":"status-publish","4":"has-post-thumbnail","6":"product_cat-yedek-parca-linde","7":"product_cat-diger-yedek-parcalar","9":"first","10":"instock","11":"taxable","12":"shipping-taxable","13":"purchasable","14":"product-type-simple"},"_links":{"self":[{"href":"https:\/\/ceoparts.com\/fr\/wp-json\/wp\/v2\/product\/22031","targetHints":{"allow":["GET"]}}],"collection":[{"href":"https:\/\/ceoparts.com\/fr\/wp-json\/wp\/v2\/product"}],"about":[{"href":"https:\/\/ceoparts.com\/fr\/wp-json\/wp\/v2\/types\/product"}],"wp:featuredmedia":[{"embeddable":true,"href":"https:\/\/ceoparts.com\/fr\/wp-json\/wp\/v2\/media\/22039"}],"wp:attachment":[{"href":"https:\/\/ceoparts.com\/fr\/wp-json\/wp\/v2\/media?parent=22031"}],"wp:term":[{"taxonomy":"product_brand","embeddable":true,"href":"https:\/\/ceoparts.com\/fr\/wp-json\/wp\/v2\/product_brand?post=22031"},{"taxonomy":"product_cat","embeddable":true,"href":"https:\/\/ceoparts.com\/fr\/wp-json\/wp\/v2\/product_cat?post=22031"},{"taxonomy":"product_tag","embeddable":true,"href":"https:\/\/ceoparts.com\/fr\/wp-json\/wp\/v2\/product_tag?post=22031"}],"curies":[{"name":"wp","href":"https:\/\/api.w.org\/{rel}","templated":true}]}}