{"id":22042,"date":"2026-05-04T16:22:21","date_gmt":"2026-05-04T13:22:21","guid":{"rendered":"https:\/\/ceoparts.com\/?post_type=product&#038;p=22042"},"modified":"2026-05-06T15:05:47","modified_gmt":"2026-05-06T12:05:47","slug":"still-exu-s-22-denge-mekanizmasi-4492535","status":"publish","type":"product","link":"https:\/\/ceoparts.com\/fr\/urun\/still-exu-s-22-denge-mekanizmasi-4492535\/","title":{"rendered":"STILL \/ EXU-S 22 M\u00e9canisme D&#8217;\u00e9quilibrage &#8211; 4492535"},"content":{"rendered":"<p>STILL \/ EXU-S 22 M\u00e9canisme D&#8217;\u00e9quilibrage &#8211; 4492535<\/p>","protected":false},"excerpt":{"rendered":"<p>Le <strong data-start=\"4237\" data-end=\"4287\">m\u00e9canisme d\u2019\u00e9quilibrage STILL EXU-S 22 4492535<\/strong> est un composant m\u00e9canique essentiel utilis\u00e9 dans les transpalettes \u00e9lectriques et les \u00e9quipements de manutention pour assurer un mouvement stable et \u00e9quilibr\u00e9 de la machine. Il soutient le contr\u00f4le de stabilit\u00e9 sous charge et contribue \u00e0 un fonctionnement s\u00fbr et contr\u00f4l\u00e9 du syst\u00e8me de d\u00e9placement. Gr\u00e2ce \u00e0 sa structure robuste et \u00e0 ses composants durables, il offre une longue dur\u00e9e de vie et des performances fiables dans des conditions industrielles exigeantes. Il contribue \u00e9galement \u00e0 r\u00e9duire les vibrations pendant le fonctionnement et \u00e0 am\u00e9liorer le contr\u00f4le de l\u2019op\u00e9rateur.<\/p>\n","protected":false},"featured_media":22050,"template":"","meta":[],"product_brand":[],"product_cat":[524,420],"product_tag":[],"class_list":{"0":"post-22042","1":"product","2":"type-product","3":"status-publish","4":"has-post-thumbnail","6":"product_cat-yedek-parca-still","7":"product_cat-denge-mekanizmalar","9":"first","10":"instock","11":"taxable","12":"shipping-taxable","13":"purchasable","14":"product-type-simple"},"_links":{"self":[{"href":"https:\/\/ceoparts.com\/fr\/wp-json\/wp\/v2\/product\/22042","targetHints":{"allow":["GET"]}}],"collection":[{"href":"https:\/\/ceoparts.com\/fr\/wp-json\/wp\/v2\/product"}],"about":[{"href":"https:\/\/ceoparts.com\/fr\/wp-json\/wp\/v2\/types\/product"}],"wp:featuredmedia":[{"embeddable":true,"href":"https:\/\/ceoparts.com\/fr\/wp-json\/wp\/v2\/media\/22050"}],"wp:attachment":[{"href":"https:\/\/ceoparts.com\/fr\/wp-json\/wp\/v2\/media?parent=22042"}],"wp:term":[{"taxonomy":"product_brand","embeddable":true,"href":"https:\/\/ceoparts.com\/fr\/wp-json\/wp\/v2\/product_brand?post=22042"},{"taxonomy":"product_cat","embeddable":true,"href":"https:\/\/ceoparts.com\/fr\/wp-json\/wp\/v2\/product_cat?post=22042"},{"taxonomy":"product_tag","embeddable":true,"href":"https:\/\/ceoparts.com\/fr\/wp-json\/wp\/v2\/product_tag?post=22042"}],"curies":[{"name":"wp","href":"https:\/\/api.w.org\/{rel}","templated":true}]}}