{"id":22056,"date":"2026-05-05T10:00:29","date_gmt":"2026-05-05T07:00:29","guid":{"rendered":"https:\/\/ceoparts.com\/?post_type=product&#038;p=22056"},"modified":"2026-05-06T16:33:07","modified_gmt":"2026-05-06T13:33:07","slug":"160x50-20-poliuretan-dokum-yuruyus-tekeri","status":"publish","type":"product","link":"https:\/\/ceoparts.com\/fr\/urun\/160x50-20-poliuretan-dokum-yuruyus-tekeri\/","title":{"rendered":"160&#215;50-20 Roue de marche"},"content":{"rendered":"<p>160&#215;50-20 Roue de marche<\/p>","protected":false},"excerpt":{"rendered":"<p data-start=\"0\" data-end=\"426\">160\u00d750-20 roue de marche en polyur\u00e9thane moul\u00e9 est une roue robuste et durable utilis\u00e9e pour les chariots \u00e9l\u00e9vateurs et v\u00e9hicules industriels. Avec un diam\u00e8tre de 160 mm et une largeur de 50 mm, son corps moul\u00e9 offre une grande capacit\u00e9 de charge. Le rev\u00eatement en polyur\u00e9thane assure un bon contact au sol, \u00e9vite le glissement et est r\u00e9sistant \u00e0 l\u2019usure. Con\u00e7ue pour un usage intensif, elle offre une longue dur\u00e9e de vie et un fonctionnement silencieux.<\/p>\n<p data-start=\"3537\" data-end=\"3914\"><strong data-start=\"3537\" data-end=\"3559\">Caract\u00e9ristiques :<\/strong><br data-start=\"3559\" data-end=\"3562\" \/><strong data-start=\"3562\" data-end=\"3582\">Nom du produit :<\/strong> 160\u00d750-20 roue de marche en polyur\u00e9thane moul\u00e9<br data-start=\"3629\" data-end=\"3632\" \/><strong data-start=\"3632\" data-end=\"3648\">Code pi\u00e8ce :<\/strong> \u2013<br data-start=\"3650\" data-end=\"3653\" \/><strong data-start=\"3653\" data-end=\"3667\">Mat\u00e9riau :<\/strong> Rev\u00eatement en polyur\u00e9thane, corps moul\u00e9<br data-start=\"3707\" data-end=\"3710\" \/><strong data-start=\"3710\" data-end=\"3736\">Domaine d\u2019utilisation:<\/strong> Roue de marche pour chariots \u00e9l\u00e9vateurs et v\u00e9hicules industriels<br data-start=\"3801\" data-end=\"3804\" \/><strong data-start=\"3804\" data-end=\"3817\">Avantage:<\/strong> Haute capacit\u00e9 de charge, rev\u00eatement r\u00e9sistant \u00e0 l\u2019usure, fonctionnement silencieux et durable<\/p>\n<p data-start=\"3916\" data-end=\"4362\">\n","protected":false},"featured_media":22057,"template":"","meta":[],"product_brand":[],"product_cat":[539,546,193],"product_tag":[],"class_list":{"0":"post-22056","1":"product","2":"type-product","3":"status-publish","4":"has-post-thumbnail","6":"product_cat-transpalet-tekeri","7":"product_cat-poliuretan-yuruyus-tekeri","8":"product_cat-yuruyus-tekeri","10":"first","11":"instock","12":"taxable","13":"shipping-taxable","14":"purchasable","15":"product-type-simple"},"_links":{"self":[{"href":"https:\/\/ceoparts.com\/fr\/wp-json\/wp\/v2\/product\/22056","targetHints":{"allow":["GET"]}}],"collection":[{"href":"https:\/\/ceoparts.com\/fr\/wp-json\/wp\/v2\/product"}],"about":[{"href":"https:\/\/ceoparts.com\/fr\/wp-json\/wp\/v2\/types\/product"}],"wp:featuredmedia":[{"embeddable":true,"href":"https:\/\/ceoparts.com\/fr\/wp-json\/wp\/v2\/media\/22057"}],"wp:attachment":[{"href":"https:\/\/ceoparts.com\/fr\/wp-json\/wp\/v2\/media?parent=22056"}],"wp:term":[{"taxonomy":"product_brand","embeddable":true,"href":"https:\/\/ceoparts.com\/fr\/wp-json\/wp\/v2\/product_brand?post=22056"},{"taxonomy":"product_cat","embeddable":true,"href":"https:\/\/ceoparts.com\/fr\/wp-json\/wp\/v2\/product_cat?post=22056"},{"taxonomy":"product_tag","embeddable":true,"href":"https:\/\/ceoparts.com\/fr\/wp-json\/wp\/v2\/product_tag?post=22056"}],"curies":[{"name":"wp","href":"https:\/\/api.w.org\/{rel}","templated":true}]}}