{"id":22087,"date":"2026-05-06T13:34:12","date_gmt":"2026-05-06T10:34:12","guid":{"rendered":"https:\/\/ceoparts.com\/?post_type=product&#038;p=22087"},"modified":"2026-05-06T16:33:15","modified_gmt":"2026-05-06T13:33:15","slug":"linde-r16-plastik-kapak-0009620309","status":"publish","type":"product","link":"https:\/\/ceoparts.com\/fr\/urun\/linde-r16-plastik-kapak-0009620309\/","title":{"rendered":"LINDE &#8211; R16 Capuchon En Plastique &#8211; 0009620309"},"content":{"rendered":"<p>LINDE &#8211; R16 Capuchon En Plastique &#8211; 0009620309<\/p>","protected":false},"excerpt":{"rendered":"<p data-start=\"3199\" data-end=\"3657\">Le <strong data-start=\"3202\" data-end=\"3246\">couvercle plastique Linde R16 0009620309<\/strong> est un \u00e9l\u00e9ment de protection utilis\u00e9 dans les chariots \u00e9l\u00e9vateurs et chariots r\u00e9tractables. Il prot\u00e8ge les composants m\u00e9caniques et \u00e9lectroniques contre la poussi\u00e8re, les salet\u00e9s, les chocs et les influences ext\u00e9rieures. Gr\u00e2ce \u00e0 sa structure en plastique robuste, il offre une longue dur\u00e9e de vie m\u00eame dans des conditions industrielles intensives et contribue \u00e0 un fonctionnement s\u00fbr et stable de l\u2019\u00e9quipement.<\/p>\n<p data-start=\"3659\" data-end=\"3961\"><strong data-start=\"3659\" data-end=\"3681\">Caract\u00e9ristiques :<\/strong><br data-start=\"3681\" data-end=\"3684\" \/>Nom du produit : Couvercle plastique Linde R16<br data-start=\"3730\" data-end=\"3733\" \/>R\u00e9f\u00e9rence : 0009620309<br data-start=\"3755\" data-end=\"3758\" \/>Mat\u00e9riau : Plastique industriel r\u00e9sistant<br data-start=\"3799\" data-end=\"3802\" \/>Application : Syst\u00e8me de protection pour chariots \u00e9l\u00e9vateurs et reach trucks<br data-start=\"3878\" data-end=\"3881\" \/>Avantage : Protection des composants, structure robuste et longue dur\u00e9e de vie<\/p>\n","protected":false},"featured_media":22088,"template":"","meta":[],"product_brand":[],"product_cat":[523,554,470],"product_tag":[],"class_list":{"0":"post-22087","1":"product","2":"type-product","3":"status-publish","4":"has-post-thumbnail","6":"product_cat-yedek-parca-linde","7":"product_cat-haftanin-urunleri","8":"product_cat-diger-yedek-parcalar","10":"first","11":"instock","12":"taxable","13":"shipping-taxable","14":"purchasable","15":"product-type-simple"},"_links":{"self":[{"href":"https:\/\/ceoparts.com\/fr\/wp-json\/wp\/v2\/product\/22087","targetHints":{"allow":["GET"]}}],"collection":[{"href":"https:\/\/ceoparts.com\/fr\/wp-json\/wp\/v2\/product"}],"about":[{"href":"https:\/\/ceoparts.com\/fr\/wp-json\/wp\/v2\/types\/product"}],"wp:featuredmedia":[{"embeddable":true,"href":"https:\/\/ceoparts.com\/fr\/wp-json\/wp\/v2\/media\/22088"}],"wp:attachment":[{"href":"https:\/\/ceoparts.com\/fr\/wp-json\/wp\/v2\/media?parent=22087"}],"wp:term":[{"taxonomy":"product_brand","embeddable":true,"href":"https:\/\/ceoparts.com\/fr\/wp-json\/wp\/v2\/product_brand?post=22087"},{"taxonomy":"product_cat","embeddable":true,"href":"https:\/\/ceoparts.com\/fr\/wp-json\/wp\/v2\/product_cat?post=22087"},{"taxonomy":"product_tag","embeddable":true,"href":"https:\/\/ceoparts.com\/fr\/wp-json\/wp\/v2\/product_tag?post=22087"}],"curies":[{"name":"wp","href":"https:\/\/api.w.org\/{rel}","templated":true}]}}