{"id":22097,"date":"2026-05-07T09:33:08","date_gmt":"2026-05-07T06:33:08","guid":{"rendered":"https:\/\/ceoparts.com\/?post_type=product&#038;p=22097"},"modified":"2026-05-14T06:31:45","modified_gmt":"2026-05-14T03:31:45","slug":"rema-aku-soketi-sre-160-gri","status":"publish","type":"product","link":"https:\/\/ceoparts.com\/fr\/urun\/rema-aku-soketi-sre-160-gri\/","title":{"rendered":"Connecteur De Batterie Rema SRE 160 Gris"},"content":{"rendered":"<p>Connecteur De Batterie Rema SRE 160 Gris<\/p>\n<p>Connecteur De Batterie Rema SRE 160 Gris<\/p>\n<p><\/p>","protected":false},"excerpt":{"rendered":"<p data-start=\"2566\" data-end=\"2898\">Le connecteur de batterie Rema SR 160 Gris est un mod\u00e8le durable et performant con\u00e7u pour assurer une connexion s\u00e9curis\u00e9e des batteries dans les chariots \u00e9l\u00e9vateurs, \u00e9quipements d\u2019entrep\u00f4t et autres v\u00e9hicules \u00e9lectriques. Gr\u00e2ce \u00e0 sa capacit\u00e9 \u00e9lev\u00e9e de transport de courant, il garantit une transmission d\u2019\u00e9nergie s\u00fbre et continue.<\/p>\n<p data-start=\"2900\" data-end=\"2920\">Caract\u00e9ristiques :<\/p>\n<p data-start=\"2922\" data-end=\"3285\">Nom Du Produit : Connecteur De Batterie Rema SR 160 Gris<br data-start=\"2978\" data-end=\"2981\" \/>Mat\u00e9riau : Plastique r\u00e9sistant et alliage m\u00e9tallique conducteur<br data-start=\"3044\" data-end=\"3047\" \/>Domaine D\u2019utilisation : Connexion de batterie pour chariots \u00e9l\u00e9vateurs, v\u00e9hicules d\u2019entrep\u00f4t et \u00e9quipements \u00e9lectriques<br data-start=\"3166\" data-end=\"3169\" \/>Avantage : Haute capacit\u00e9 de transport de courant, structure robuste, transmission d\u2019\u00e9nergie s\u00fbre et ininterrompue<\/p>\n","protected":false},"featured_media":22102,"template":"","meta":[],"product_brand":[],"product_cat":[444],"product_tag":[],"class_list":{"0":"post-22097","1":"product","2":"type-product","3":"status-publish","4":"has-post-thumbnail","6":"product_cat-aku-fisi","8":"first","9":"instock","10":"taxable","11":"shipping-taxable","12":"purchasable","13":"product-type-simple"},"_links":{"self":[{"href":"https:\/\/ceoparts.com\/fr\/wp-json\/wp\/v2\/product\/22097","targetHints":{"allow":["GET"]}}],"collection":[{"href":"https:\/\/ceoparts.com\/fr\/wp-json\/wp\/v2\/product"}],"about":[{"href":"https:\/\/ceoparts.com\/fr\/wp-json\/wp\/v2\/types\/product"}],"wp:featuredmedia":[{"embeddable":true,"href":"https:\/\/ceoparts.com\/fr\/wp-json\/wp\/v2\/media\/22102"}],"wp:attachment":[{"href":"https:\/\/ceoparts.com\/fr\/wp-json\/wp\/v2\/media?parent=22097"}],"wp:term":[{"taxonomy":"product_brand","embeddable":true,"href":"https:\/\/ceoparts.com\/fr\/wp-json\/wp\/v2\/product_brand?post=22097"},{"taxonomy":"product_cat","embeddable":true,"href":"https:\/\/ceoparts.com\/fr\/wp-json\/wp\/v2\/product_cat?post=22097"},{"taxonomy":"product_tag","embeddable":true,"href":"https:\/\/ceoparts.com\/fr\/wp-json\/wp\/v2\/product_tag?post=22097"}],"curies":[{"name":"wp","href":"https:\/\/api.w.org\/{rel}","templated":true}]}}