{"id":22103,"date":"2026-05-07T09:37:08","date_gmt":"2026-05-07T06:37:08","guid":{"rendered":"https:\/\/ceoparts.com\/?post_type=product&#038;p=22103"},"modified":"2026-05-14T05:43:04","modified_gmt":"2026-05-14T02:43:04","slug":"rema-160a-tutamak","status":"publish","type":"product","link":"https:\/\/ceoparts.com\/fr\/urun\/rema-160a-tutamak\/","title":{"rendered":"Poign\u00e9e Rema 160A"},"content":{"rendered":"<p>Poign\u00e9e Rema 160A<\/p>","protected":false},"excerpt":{"rendered":"<p data-start=\"0\" data-end=\"320\">La poign\u00e9e Rema 160\/320A est une poign\u00e9e durable et fiable utilis\u00e9e pour les connexions de batterie des chariots \u00e9l\u00e9vateurs et machines industrielles. Con\u00e7ue pour des applications \u00e0 haute intensit\u00e9, elle assure des connexions s\u00e9curis\u00e9es des circuits de batterie. Son design ergonomique et ses mat\u00e9riaux robustes offrent une utilisation durable et facile.<\/p>\n<p data-start=\"2989\" data-end=\"3363\"><strong data-start=\"2989\" data-end=\"3011\">Caract\u00e9ristiques :<\/strong><br data-start=\"3011\" data-end=\"3014\" \/><strong data-start=\"3014\" data-end=\"3034\">Nom du produit :<\/strong> Poign\u00e9e Rema 160\/320A<br data-start=\"3056\" data-end=\"3059\" \/><strong data-start=\"3059\" data-end=\"3075\">Code pi\u00e8ce :<\/strong> &#8211;<br data-start=\"3077\" data-end=\"3080\" \/><strong data-start=\"3080\" data-end=\"3094\">Mat\u00e9riau :<\/strong> Plastique de haute qualit\u00e9 et pi\u00e8ces de connexion m\u00e9talliques<br data-start=\"3156\" data-end=\"3159\" \/><strong data-start=\"3159\" data-end=\"3185\">Domaine d\u2019utilisation:<\/strong> Connexions de batterie pour chariots \u00e9l\u00e9vateurs, syst\u00e8mes \u00e9lectriques industriels<br data-start=\"3267\" data-end=\"3270\" \/><strong data-start=\"3270\" data-end=\"3283\">Avantage:<\/strong> Haute capacit\u00e9 de courant, construction robuste, installation facile, durable<\/p>\n<p data-start=\"3365\" data-end=\"3717\">\n","protected":false},"featured_media":12579,"template":"","meta":[],"product_brand":[],"product_cat":[442,444],"product_tag":[],"class_list":{"0":"post-22103","1":"product","2":"type-product","3":"status-publish","4":"has-post-thumbnail","6":"product_cat-aku-yedek-parcalari","7":"product_cat-aku-fisi","9":"first","10":"instock","11":"taxable","12":"shipping-taxable","13":"purchasable","14":"product-type-simple"},"_links":{"self":[{"href":"https:\/\/ceoparts.com\/fr\/wp-json\/wp\/v2\/product\/22103","targetHints":{"allow":["GET"]}}],"collection":[{"href":"https:\/\/ceoparts.com\/fr\/wp-json\/wp\/v2\/product"}],"about":[{"href":"https:\/\/ceoparts.com\/fr\/wp-json\/wp\/v2\/types\/product"}],"wp:featuredmedia":[{"embeddable":true,"href":"https:\/\/ceoparts.com\/fr\/wp-json\/wp\/v2\/media\/12579"}],"wp:attachment":[{"href":"https:\/\/ceoparts.com\/fr\/wp-json\/wp\/v2\/media?parent=22103"}],"wp:term":[{"taxonomy":"product_brand","embeddable":true,"href":"https:\/\/ceoparts.com\/fr\/wp-json\/wp\/v2\/product_brand?post=22103"},{"taxonomy":"product_cat","embeddable":true,"href":"https:\/\/ceoparts.com\/fr\/wp-json\/wp\/v2\/product_cat?post=22103"},{"taxonomy":"product_tag","embeddable":true,"href":"https:\/\/ceoparts.com\/fr\/wp-json\/wp\/v2\/product_tag?post=22103"}],"curies":[{"name":"wp","href":"https:\/\/api.w.org\/{rel}","templated":true}]}}