{"id":22126,"date":"2026-05-08T12:31:08","date_gmt":"2026-05-08T09:31:08","guid":{"rendered":"https:\/\/ceoparts.com\/?post_type=product&#038;p=22126"},"modified":"2026-05-14T05:46:52","modified_gmt":"2026-05-14T02:46:52","slug":"nh00-7125-125a-bicakli-sigorta-busonu","status":"publish","type":"product","link":"https:\/\/ceoparts.com\/fr\/urun\/nh00-7125-125a-bicakli-sigorta-busonu\/","title":{"rendered":"NH00 \u2013 7125 125A \u2013 Cartouche fusible \u00e0 lames"},"content":{"rendered":"<p>NH00 \u2013 7125 125A \u2013 Cartouche fusible \u00e0 lames<\/p>","protected":false},"excerpt":{"rendered":"<p data-start=\"2259\" data-end=\"2614\"><strong data-start=\"2259\" data-end=\"2300\">NH00 \u2013 7125\u00a0 Porte-fusible \u00e0 lame 125A<\/strong> est un porte-fusible durable et fiable qui assure la protection contre les surintensit\u00e9s dans les syst\u00e8mes \u00e9lectriques. Avec une capacit\u00e9 de 160 amp\u00e8res, il offre une connexion s\u00fbre et une protection dans les circuits \u00e0 haute intensit\u00e9. Utilis\u00e9 couramment dans les tableaux \u00e9lectriques industriels et commerciaux.<\/p>\n<p data-start=\"2616\" data-end=\"2640\"><strong data-start=\"2616\" data-end=\"2638\">Caract\u00e9ristiques :<\/strong><\/p>\n<ul data-start=\"2641\" data-end=\"2818\">\n<li data-start=\"2641\" data-end=\"2681\">\n<p data-start=\"2643\" data-end=\"2681\"><strong data-start=\"2643\" data-end=\"2653\">Type :<\/strong> Porte-fusible \u00e0 lame NH00<\/p>\n<\/li>\n<li data-start=\"2682\" data-end=\"2711\">\n<p data-start=\"2684\" data-end=\"2711\"><strong data-start=\"2684\" data-end=\"2697\">Courant :<\/strong> 125 Amp\u00e8res<\/p>\n<\/li>\n<li data-start=\"2712\" data-end=\"2781\">\n<p data-start=\"2714\" data-end=\"2781\"><strong data-start=\"2714\" data-end=\"2728\">Fonction :<\/strong> Porte-fusible, protection contre les surintensit\u00e9s<\/p>\n<\/li>\n<li data-start=\"2782\" data-end=\"2818\">\n<p data-start=\"2784\" data-end=\"2818\"><strong data-start=\"2784\" data-end=\"2818\">Construction durable et fiable<\/strong><\/p>\n<\/li>\n<\/ul>\n","protected":false},"featured_media":22128,"template":"","meta":[],"product_brand":[],"product_cat":[443],"product_tag":[],"class_list":{"0":"post-22126","1":"product","2":"type-product","3":"status-publish","4":"has-post-thumbnail","6":"product_cat-aku-parcalari","8":"first","9":"instock","10":"taxable","11":"shipping-taxable","12":"purchasable","13":"product-type-simple"},"_links":{"self":[{"href":"https:\/\/ceoparts.com\/fr\/wp-json\/wp\/v2\/product\/22126","targetHints":{"allow":["GET"]}}],"collection":[{"href":"https:\/\/ceoparts.com\/fr\/wp-json\/wp\/v2\/product"}],"about":[{"href":"https:\/\/ceoparts.com\/fr\/wp-json\/wp\/v2\/types\/product"}],"wp:featuredmedia":[{"embeddable":true,"href":"https:\/\/ceoparts.com\/fr\/wp-json\/wp\/v2\/media\/22128"}],"wp:attachment":[{"href":"https:\/\/ceoparts.com\/fr\/wp-json\/wp\/v2\/media?parent=22126"}],"wp:term":[{"taxonomy":"product_brand","embeddable":true,"href":"https:\/\/ceoparts.com\/fr\/wp-json\/wp\/v2\/product_brand?post=22126"},{"taxonomy":"product_cat","embeddable":true,"href":"https:\/\/ceoparts.com\/fr\/wp-json\/wp\/v2\/product_cat?post=22126"},{"taxonomy":"product_tag","embeddable":true,"href":"https:\/\/ceoparts.com\/fr\/wp-json\/wp\/v2\/product_tag?post=22126"}],"curies":[{"name":"wp","href":"https:\/\/api.w.org\/{rel}","templated":true}]}}