{"id":22144,"date":"2026-05-08T17:31:49","date_gmt":"2026-05-08T14:31:49","guid":{"rendered":"https:\/\/ceoparts.com\/?post_type=product&#038;p=22144"},"modified":"2026-05-14T05:46:51","modified_gmt":"2026-05-14T02:46:51","slug":"lityum-aku-soketi-sbs75c-siyah","status":"publish","type":"product","link":"https:\/\/ceoparts.com\/fr\/urun\/lityum-aku-soketi-sbs75c-siyah\/","title":{"rendered":"Connecteur De Batterie Lithium SBS75C Noir"},"content":{"rendered":"<p>Connecteur De Batterie Lithium SBS75C Noir<\/p>","protected":false},"excerpt":{"rendered":"<p data-start=\"3787\" data-end=\"4287\">Le <strong data-start=\"3790\" data-end=\"3836\">connecteur de batterie lithium SBS75C noir<\/strong> est un composant robuste utilis\u00e9 pour assurer une transmission d\u2019\u00e9nergie s\u00e9curis\u00e9e dans les chariots \u00e9l\u00e9vateurs, transpalettes \u00e9lectriques, gerbeurs et syst\u00e8mes de batteries lithium industriels. Il garantit une connexion \u00e9lectrique stable, s\u00e9curis\u00e9e et avec peu de pertes entre la batterie lithium et l\u2019\u00e9quipement. Gr\u00e2ce \u00e0 ses contacts haute conductivit\u00e9, il assure une transmission fiable de l\u2019\u00e9nergie m\u00eame dans des conditions de travail intensives.<\/p>\n<p data-start=\"4289\" data-end=\"4712\"><strong data-start=\"4289\" data-end=\"4311\">Caract\u00e9ristiques :<\/strong><br data-start=\"4311\" data-end=\"4314\" \/>Nom du produit : Connecteur de batterie lithium SBS75C Noir<br data-start=\"4373\" data-end=\"4376\" \/>Mod\u00e8le : SBS75C<br data-start=\"4391\" data-end=\"4394\" \/>Couleur : Noir<br data-start=\"4408\" data-end=\"4411\" \/>Type : Connecteur de batterie lithium<br data-start=\"4448\" data-end=\"4451\" \/>Mat\u00e9riau : Bo\u00eetier industriel robuste avec contacts haute conductivit\u00e9<br data-start=\"4521\" data-end=\"4524\" \/>Application : Chariots \u00e9l\u00e9vateurs, transpalettes, gerbeurs et syst\u00e8mes de batteries lithium<br data-start=\"4615\" data-end=\"4618\" \/>Avantage : Transmission d\u2019\u00e9nergie s\u00e9curis\u00e9e, faibles pertes d\u2019\u00e9nergie et longue dur\u00e9e de vie<\/p>\n","protected":false},"featured_media":22148,"template":"","meta":[],"product_brand":[],"product_cat":[444],"product_tag":[],"class_list":{"0":"post-22144","1":"product","2":"type-product","3":"status-publish","4":"has-post-thumbnail","6":"product_cat-aku-fisi","8":"first","9":"instock","10":"taxable","11":"shipping-taxable","12":"purchasable","13":"product-type-simple"},"_links":{"self":[{"href":"https:\/\/ceoparts.com\/fr\/wp-json\/wp\/v2\/product\/22144","targetHints":{"allow":["GET"]}}],"collection":[{"href":"https:\/\/ceoparts.com\/fr\/wp-json\/wp\/v2\/product"}],"about":[{"href":"https:\/\/ceoparts.com\/fr\/wp-json\/wp\/v2\/types\/product"}],"wp:featuredmedia":[{"embeddable":true,"href":"https:\/\/ceoparts.com\/fr\/wp-json\/wp\/v2\/media\/22148"}],"wp:attachment":[{"href":"https:\/\/ceoparts.com\/fr\/wp-json\/wp\/v2\/media?parent=22144"}],"wp:term":[{"taxonomy":"product_brand","embeddable":true,"href":"https:\/\/ceoparts.com\/fr\/wp-json\/wp\/v2\/product_brand?post=22144"},{"taxonomy":"product_cat","embeddable":true,"href":"https:\/\/ceoparts.com\/fr\/wp-json\/wp\/v2\/product_cat?post=22144"},{"taxonomy":"product_tag","embeddable":true,"href":"https:\/\/ceoparts.com\/fr\/wp-json\/wp\/v2\/product_tag?post=22144"}],"curies":[{"name":"wp","href":"https:\/\/api.w.org\/{rel}","templated":true}]}}