{"id":22422,"date":"2026-05-15T09:22:33","date_gmt":"2026-05-15T06:22:33","guid":{"rendered":"https:\/\/ceoparts.com\/?post_type=product&#038;p=22422"},"modified":"2026-05-16T07:17:44","modified_gmt":"2026-05-16T04:17:44","slug":"jungheinrich-acil-stop-kontaktoru-200a-51316837","status":"publish","type":"product","link":"https:\/\/ceoparts.com\/fr\/urun\/jungheinrich-acil-stop-kontaktoru-200a-51316837\/","title":{"rendered":"Jungheinrich Contacteur D&#8217;arr\u00eat D&#8217;urgence 200A &#8211; 51316837"},"content":{"rendered":"<p>Jungheinrich Contacteur D&#8217;arr\u00eat D&#8217;urgence 200A &#8211; 51316837<\/p>","protected":false},"excerpt":{"rendered":"<p data-start=\"3671\" data-end=\"4246\">Le <strong data-start=\"3674\" data-end=\"3733\">contacteur d\u2019arr\u00eat d\u2019urgence Jungheinrich 200A 51316837<\/strong> est un composant de commutation haute intensit\u00e9 utilis\u00e9 dans les chariots \u00e9l\u00e9vateurs et \u00e9quipements de manutention pour couper rapidement et en toute s\u00e9curit\u00e9 l\u2019alimentation \u00e9lectrique en cas d\u2019urgence. En tant qu\u2019\u00e9l\u00e9ment important du syst\u00e8me d\u2019arr\u00eat d\u2019urgence, il contribue \u00e0 l\u2019arr\u00eat s\u00e9curis\u00e9 de la machine. Gr\u00e2ce \u00e0 sa capacit\u00e9 de 200A, il offre des performances fiables dans des conditions industrielles intensives. Sa structure de contact robuste et son bo\u00eetier r\u00e9sistant garantissent une longue dur\u00e9e de vie.<\/p>\n<p data-start=\"4248\" data-end=\"4639\"><strong data-start=\"4248\" data-end=\"4270\">Caract\u00e9ristiques :<\/strong><br data-start=\"4270\" data-end=\"4273\" \/>Nom du produit : Contacteur d\u2019arr\u00eat d\u2019urgence Jungheinrich<br data-start=\"4331\" data-end=\"4334\" \/>R\u00e9f\u00e9rence : 51316837<br data-start=\"4354\" data-end=\"4357\" \/>Capacit\u00e9 de courant : 200A<br data-start=\"4383\" data-end=\"4386\" \/>Type : Contacteur d\u2019arr\u00eat d\u2019urgence \/ contacteur de puissance DC<br data-start=\"4450\" data-end=\"4453\" \/>Application : Syst\u00e8mes \u00e9lectriques des chariots \u00e9l\u00e9vateurs et \u00e9quipements industriels<br data-start=\"4538\" data-end=\"4541\" \/>Avantage : Coupure s\u00e9curis\u00e9e de l\u2019alimentation, haute capacit\u00e9 de courant et longue dur\u00e9e de vie<\/p>\n","protected":false},"featured_media":22423,"template":"","meta":[],"product_brand":[],"product_cat":[522,462,554],"product_tag":[],"class_list":{"0":"post-22422","1":"product","2":"type-product","3":"status-publish","4":"has-post-thumbnail","6":"product_cat-yedek-parca-jungheinrich","7":"product_cat-kontaktorler","8":"product_cat-haftanin-urunleri","10":"first","11":"instock","12":"taxable","13":"shipping-taxable","14":"purchasable","15":"product-type-simple"},"_links":{"self":[{"href":"https:\/\/ceoparts.com\/fr\/wp-json\/wp\/v2\/product\/22422","targetHints":{"allow":["GET"]}}],"collection":[{"href":"https:\/\/ceoparts.com\/fr\/wp-json\/wp\/v2\/product"}],"about":[{"href":"https:\/\/ceoparts.com\/fr\/wp-json\/wp\/v2\/types\/product"}],"wp:featuredmedia":[{"embeddable":true,"href":"https:\/\/ceoparts.com\/fr\/wp-json\/wp\/v2\/media\/22423"}],"wp:attachment":[{"href":"https:\/\/ceoparts.com\/fr\/wp-json\/wp\/v2\/media?parent=22422"}],"wp:term":[{"taxonomy":"product_brand","embeddable":true,"href":"https:\/\/ceoparts.com\/fr\/wp-json\/wp\/v2\/product_brand?post=22422"},{"taxonomy":"product_cat","embeddable":true,"href":"https:\/\/ceoparts.com\/fr\/wp-json\/wp\/v2\/product_cat?post=22422"},{"taxonomy":"product_tag","embeddable":true,"href":"https:\/\/ceoparts.com\/fr\/wp-json\/wp\/v2\/product_tag?post=22422"}],"curies":[{"name":"wp","href":"https:\/\/api.w.org\/{rel}","templated":true}]}}