{"id":22448,"date":"2026-05-15T16:58:30","date_gmt":"2026-05-15T13:58:30","guid":{"rendered":"https:\/\/ceoparts.com\/?post_type=product&#038;p=22448"},"modified":"2026-05-16T05:39:33","modified_gmt":"2026-05-16T02:39:33","slug":"still-kapak-50024300619","status":"publish","type":"product","link":"https:\/\/ceoparts.com\/fr\/urun\/still-kapak-50024300619\/","title":{"rendered":"STILL Couvercle &#8211; 50024300619"},"content":{"rendered":"<p>STILL Couvercle &#8211; 50024300619<\/p>","protected":false},"excerpt":{"rendered":"<p data-start=\"3382\" data-end=\"3934\">Le <strong data-start=\"3385\" data-end=\"3416\">couvercle STILL 50024300619<\/strong> est un \u00e9l\u00e9ment de protection utilis\u00e9 dans les chariots \u00e9l\u00e9vateurs et \u00e9quipements de manutention. Il prot\u00e8ge les composants m\u00e9caniques, \u00e9lectriques et \u00e9lectroniques contre la poussi\u00e8re, les salet\u00e9s, les chocs et les influences ext\u00e9rieures. Gr\u00e2ce \u00e0 sa structure robuste, il garantit une longue dur\u00e9e de vie m\u00eame dans des conditions industrielles intensives et contribue \u00e0 un fonctionnement s\u00fbr, stable et organis\u00e9 de l\u2019\u00e9quipement. Il aide \u00e9galement \u00e0 prot\u00e9ger les composants du syst\u00e8me contre l\u2019environnement ext\u00e9rieur.<\/p>\n<p data-start=\"3936\" data-end=\"4289\"><strong data-start=\"3936\" data-end=\"3958\">Caract\u00e9ristiques :<\/strong><br data-start=\"3958\" data-end=\"3961\" \/>Nom du produit : Couvercle STILL<br data-start=\"3993\" data-end=\"3996\" \/>R\u00e9f\u00e9rence : 50024300619<br data-start=\"4019\" data-end=\"4022\" \/>Type : Couvercle de protection \/ \u00e9l\u00e9ment de carrosserie<br data-start=\"4077\" data-end=\"4080\" \/>Mat\u00e9riau : Plastique industriel r\u00e9sistant \/ structure composite<br data-start=\"4143\" data-end=\"4146\" \/>Application : Chariots \u00e9l\u00e9vateurs et \u00e9quipements industriels<br data-start=\"4206\" data-end=\"4209\" \/>Avantage : Protection des composants, structure robuste et longue dur\u00e9e de vie<\/p>\n","protected":false},"featured_media":22452,"template":"","meta":[],"product_brand":[],"product_cat":[524,472,554],"product_tag":[],"class_list":{"0":"post-22448","1":"product","2":"type-product","3":"status-publish","4":"has-post-thumbnail","6":"product_cat-yedek-parca-still","7":"product_cat-kaporta-aksami","8":"product_cat-haftanin-urunleri","10":"first","11":"instock","12":"taxable","13":"shipping-taxable","14":"purchasable","15":"product-type-simple"},"_links":{"self":[{"href":"https:\/\/ceoparts.com\/fr\/wp-json\/wp\/v2\/product\/22448","targetHints":{"allow":["GET"]}}],"collection":[{"href":"https:\/\/ceoparts.com\/fr\/wp-json\/wp\/v2\/product"}],"about":[{"href":"https:\/\/ceoparts.com\/fr\/wp-json\/wp\/v2\/types\/product"}],"wp:featuredmedia":[{"embeddable":true,"href":"https:\/\/ceoparts.com\/fr\/wp-json\/wp\/v2\/media\/22452"}],"wp:attachment":[{"href":"https:\/\/ceoparts.com\/fr\/wp-json\/wp\/v2\/media?parent=22448"}],"wp:term":[{"taxonomy":"product_brand","embeddable":true,"href":"https:\/\/ceoparts.com\/fr\/wp-json\/wp\/v2\/product_brand?post=22448"},{"taxonomy":"product_cat","embeddable":true,"href":"https:\/\/ceoparts.com\/fr\/wp-json\/wp\/v2\/product_cat?post=22448"},{"taxonomy":"product_tag","embeddable":true,"href":"https:\/\/ceoparts.com\/fr\/wp-json\/wp\/v2\/product_tag?post=22448"}],"curies":[{"name":"wp","href":"https:\/\/api.w.org\/{rel}","templated":true}]}}