{"id":7552,"date":"2020-10-21T10:38:01","date_gmt":"2020-10-21T07:38:01","guid":{"rendered":"http:\/\/ceoparts.com\/tr\/?post_type=product&#038;p=7552"},"modified":"2026-05-16T10:50:52","modified_gmt":"2026-05-16T07:50:52","slug":"400x160-110-tahrik-tekerlegi-50112525","status":"publish","type":"product","link":"https:\/\/ceoparts.com\/fr\/urun\/400x160-110-tahrik-tekerlegi-50112525\/","title":{"rendered":"400&#215;160-110 8B Stellana Vulkollan Roue de marche &#8211; 50112525"},"content":{"rendered":"<p>400&#215;160-110 8B Stellana Vulkollan Roue de marche &#8211; 50112525<\/p>\n<div class=\"font12\">Jungheinrich 50112525\u00a0\u00a0 400&#215;150\/160&#215;110<\/div>\n<div class=\"font12\"><\/div>\n<div class=\"font12\">ETX-K 125\/150<br \/>\nKMS 125<br \/>\nETX AC 125<br \/>\nETX AC 125IF<br \/>\nETX AC 150\/AC 150 KH<br \/>\nETX AC 150SX<br \/>\nWA 13-15 MK 2 (STB)<br \/>\nWD 13-15 MK 4 (STB)<br \/>\nWK 13-15 MK 2 (STB)<br \/>\nEKX 513\/515K S\/F I<br \/>\nEKS 513\/515K\/L S\/F I ZG<br \/>\nETX 513\/515 S\/FI\/S<\/div>","protected":false},"excerpt":{"rendered":"<div>\n<p data-start=\"141\" data-end=\"1150\"><br data-start=\"4278\" data-end=\"4281\" \/>La Roue Motrice 400\u00d7160-110 8B Stellana Vulkollan est une roue haute performance et haute r\u00e9sistance con\u00e7ue pour chariots \u00e9l\u00e9vateurs et gerbeurs. Avec un diam\u00e8tre de 400 mm, une largeur de 160 mm et un al\u00e9sage de 110 mm, elle assure une capacit\u00e9 de charge maximale et une stabilit\u00e9 op\u00e9rationnelle dans les op\u00e9rations de manutention intensives. Le rev\u00eatement Vulkollan de qualit\u00e9 sup\u00e9rieure de Stellana offre une r\u00e9sistance exceptionnelle \u00e0 l\u2019usure, aux chocs et aux produits chimiques. Son syst\u00e8me de fixation 8B permet une installation s\u00fbre et durable sur les machines. Parfaite pour les entrep\u00f4ts industriels, les centres logistiques et les lignes de production, elle garantit une utilisation silencieuse, durable et sans vibrations m\u00eame en conditions exigeantes.<br data-start=\"5046\" data-end=\"5049\" \/><strong data-start=\"5049\" data-end=\"5071\">Caract\u00e9ristiques :<\/strong><br data-start=\"5071\" data-end=\"5074\" \/><strong data-start=\"5074\" data-end=\"5094\">Nom du produit :<\/strong> Roue Motrice 400\u00d7160-110 8B Stellana Vulkollan<br data-start=\"5141\" data-end=\"5144\" \/><strong data-start=\"5144\" data-end=\"5160\">Code pi\u00e8ce :<\/strong> 50112525<br data-start=\"5169\" data-end=\"5172\" \/><strong data-start=\"5172\" data-end=\"5186\">Mat\u00e9riau :<\/strong> Vulkollan (polyur\u00e9thane haute densit\u00e9), noyau m\u00e9tallique<br data-start=\"5243\" data-end=\"5246\" \/><strong data-start=\"5246\" data-end=\"5272\">Domaine d\u2019utilisation:<\/strong> Chariots \u00e9l\u00e9vateurs, reach trucks et syst\u00e8mes de manutention lourde<br data-start=\"5340\" data-end=\"5343\" \/><strong data-start=\"5343\" data-end=\"5356\">Avantage:<\/strong> Grande capacit\u00e9 de charge, r\u00e9sistance \u00e0 l\u2019usure et aux produits chimiques, fonctionnement silencieux et sans vibration, longue dur\u00e9e de vie<\/p>\n<p data-start=\"5500\" data-end=\"6639\">\n","protected":false},"featured_media":11360,"template":"","meta":[],"product_brand":[],"product_cat":[236,239,416,418,193],"product_tag":[],"class_list":{"0":"post-7552","1":"product","2":"type-product","3":"status-publish","4":"has-post-thumbnail","6":"product_cat-jungheinrich","7":"product_cat-yuruyus-tekeri-jungheinrich","8":"product_cat-stellana","9":"product_cat-yuruyus-tekeri-stellana","10":"product_cat-yuruyus-tekeri","12":"first","13":"instock","14":"taxable","15":"shipping-taxable","16":"purchasable","17":"product-type-simple"},"_links":{"self":[{"href":"https:\/\/ceoparts.com\/fr\/wp-json\/wp\/v2\/product\/7552","targetHints":{"allow":["GET"]}}],"collection":[{"href":"https:\/\/ceoparts.com\/fr\/wp-json\/wp\/v2\/product"}],"about":[{"href":"https:\/\/ceoparts.com\/fr\/wp-json\/wp\/v2\/types\/product"}],"wp:featuredmedia":[{"embeddable":true,"href":"https:\/\/ceoparts.com\/fr\/wp-json\/wp\/v2\/media\/11360"}],"wp:attachment":[{"href":"https:\/\/ceoparts.com\/fr\/wp-json\/wp\/v2\/media?parent=7552"}],"wp:term":[{"taxonomy":"product_brand","embeddable":true,"href":"https:\/\/ceoparts.com\/fr\/wp-json\/wp\/v2\/product_brand?post=7552"},{"taxonomy":"product_cat","embeddable":true,"href":"https:\/\/ceoparts.com\/fr\/wp-json\/wp\/v2\/product_cat?post=7552"},{"taxonomy":"product_tag","embeddable":true,"href":"https:\/\/ceoparts.com\/fr\/wp-json\/wp\/v2\/product_tag?post=7552"}],"curies":[{"name":"wp","href":"https:\/\/api.w.org\/{rel}","templated":true}]}}