{"id":7711,"date":"2020-10-25T10:37:27","date_gmt":"2020-10-25T07:37:27","guid":{"rendered":"http:\/\/ceoparts.com\/?post_type=product&#038;p=7711"},"modified":"2026-05-16T15:14:31","modified_gmt":"2026-05-16T12:14:31","slug":"85x105-110-12-still-4401476","status":"publish","type":"product","link":"https:\/\/ceoparts.com\/fr\/urun\/85x105-110-12-still-4401476\/","title":{"rendered":"85&#215;105\/110-12 Still Roulettes Charge &#8211; 4401476 , 0039933604, 0039933649"},"content":{"rendered":"<p>85&#215;105\/110-12 Still Roulettes Charge &#8211; 4401476 , 0039933604, 0039933649<\/p>\n<p><\/p>\n<table border=\"0\" width=\"410\" cellspacing=\"0\" cellpadding=\"0\">\n<colgroup>\n<col width=\"95\" \/>\n<col width=\"315\" \/><\/colgroup>\n<tbody>\n<tr>\n<td class=\"xl65\" width=\"95\" height=\"20\"><span style=\"font-family: Calibri;\">1151<\/span><\/td>\n<td class=\"xl65\" width=\"315\"><span style=\"font-family: Calibri;\">T16\/T16P\/T20\/T20P<\/span><\/td>\n<\/tr>\n<tr>\n<td class=\"xl65\" height=\"20\"><span style=\"font-family: Calibri;\">1152<\/span><\/td>\n<td class=\"xl65\"><span style=\"font-family: Calibri;\">T16\/T18\/T20\/T16L<\/span><\/td>\n<\/tr>\n<tr>\n<td class=\"xl65\" height=\"20\"><span style=\"font-family: Calibri;\">1158<\/span><\/td>\n<td class=\"xl65\"><span style=\"font-family: Calibri;\">T20AP-04\/T20SP<\/span><\/td>\n<\/tr>\n<tr>\n<td class=\"xl65\" height=\"20\"><span style=\"font-family: Calibri;\">131<\/span><\/td>\n<td class=\"xl65\"><span style=\"font-family: Calibri;\">T20AP\/T20SP<\/span><\/td>\n<\/tr>\n<tr>\n<td class=\"xl65\" height=\"20\"><span style=\"font-family: Calibri;\">131<\/span><\/td>\n<td class=\"xl65\"><span style=\"font-family: Calibri;\">L14\/16AS<\/span><\/td>\n<\/tr>\n<tr>\n<td class=\"xl65\" height=\"20\"><span style=\"font-family: Calibri;\">132<\/span><\/td>\n<td class=\"xl65\"><span style=\"font-family: Calibri;\">N20\/N24\/N20L\/N20LI<\/span><\/td>\n<\/tr>\n<tr>\n<td class=\"xl65\" height=\"20\"><span style=\"font-family: Calibri;\">140<\/span><\/td>\n<td class=\"xl65\"><span style=\"font-family: Calibri;\">T20R<\/span><\/td>\n<\/tr>\n<tr>\n<td class=\"xl65\" height=\"20\"><span style=\"font-family: Calibri;\">140<\/span><\/td>\n<td class=\"xl65\"><span style=\"font-family: Calibri;\">T20R<\/span><\/td>\n<\/tr>\n<tr>\n<td class=\"xl65\" height=\"20\"><span style=\"font-family: Calibri;\">141<\/span><\/td>\n<td class=\"xl65\"><span style=\"font-family: Calibri;\">T20AP<\/span><\/td>\n<\/tr>\n<tr>\n<td class=\"xl65\" height=\"20\"><span style=\"font-family: Calibri;\">141<\/span><\/td>\n<td class=\"xl65\"><span style=\"font-family: Calibri;\">T20AP<\/span><\/td>\n<\/tr>\n<tr>\n<td class=\"xl65\" height=\"20\"><span style=\"font-family: Calibri;\">141<\/span><\/td>\n<td class=\"xl65\"><span style=\"font-family: Calibri;\">T20AP<\/span><\/td>\n<\/tr>\n<tr>\n<td class=\"xl65\" height=\"20\"><span style=\"font-family: Calibri;\">141<\/span><\/td>\n<td class=\"xl65\"><span style=\"font-family: Calibri;\">T20AP<\/span><\/td>\n<\/tr>\n<tr>\n<td class=\"xl65\" height=\"20\"><span style=\"font-family: Calibri;\">141<\/span><\/td>\n<td class=\"xl65\"><span style=\"font-family: Calibri;\">T20\/30<\/span><\/td>\n<\/tr>\n<tr>\n<td class=\"xl65\" height=\"20\"><span style=\"font-family: Calibri;\">141<\/span><\/td>\n<td class=\"xl65\"><span style=\"font-family: Calibri;\">T20\/30<\/span><\/td>\n<\/tr>\n<tr>\n<td class=\"xl65\" height=\"20\"><span style=\"font-family: Calibri;\">144<\/span><\/td>\n<td class=\"xl65\"><span style=\"font-family: Calibri;\">T20S\/T20SF<\/span><\/td>\n<\/tr>\n<tr>\n<td class=\"xl65\" height=\"20\"><span style=\"font-family: Calibri;\">144<\/span><\/td>\n<td class=\"xl65\"><span style=\"font-family: Calibri;\">T20S\/T20SF<\/span><\/td>\n<\/tr>\n<tr>\n<td class=\"xl65\" height=\"20\"><span style=\"font-family: Calibri;\">149<\/span><\/td>\n<td class=\"xl65\"><span style=\"font-family: Calibri;\">N20\/N25\/N20L\/LI\/LX<\/span><\/td>\n<\/tr>\n<tr>\n<td class=\"xl65\" height=\"20\"><span style=\"font-family: Calibri;\">149<\/span><\/td>\n<td class=\"xl65\"><span style=\"font-family: Calibri;\">N20\/N25\/N20L\/LI\/LX<\/span><\/td>\n<\/tr>\n<tr>\n<td class=\"xl65\" height=\"20\"><span style=\"font-family: Calibri;\">360<\/span><\/td>\n<td class=\"xl65\"><span style=\"font-family: Calibri;\">T16\/T18\/T20<\/span><\/td>\n<\/tr>\n<tr>\n<td class=\"xl65\" height=\"20\"><span style=\"font-family: Calibri;\">360<\/span><\/td>\n<td class=\"xl65\"><span style=\"font-family: Calibri;\">T16\/T18\/T20<\/span><\/td>\n<\/tr>\n<tr>\n<td class=\"xl65\" height=\"20\"><span style=\"font-family: Calibri;\">360<\/span><\/td>\n<td class=\"xl65\"><span style=\"font-family: Calibri;\">T16\/T18\/T20\/T16L<\/span><\/td>\n<\/tr>\n<tr>\n<td class=\"xl65\" height=\"20\"><span style=\"font-family: Calibri;\">360<\/span><\/td>\n<td class=\"xl65\"><span style=\"font-family: Calibri;\">T16\/T18\/T20\/T16L<\/span><\/td>\n<\/tr>\n<\/tbody>\n<\/table>\n<p><\/p>","protected":false},"excerpt":{"rendered":"<p data-start=\"147\" data-end=\"1129\"><br data-start=\"4103\" data-end=\"4106\" \/>La Roue de Charge 85\u00d7105\/110-12 Still est une roue compacte et haute capacit\u00e9, sp\u00e9cialement con\u00e7ue pour les chariots \u00e9l\u00e9vateurs et gerbeurs. Avec ses dimensions de 85 mm de largeur, 105\/110 mm de diam\u00e8tre et un al\u00e9sage de 12 mm, elle garantit des man\u0153uvres s\u00fbres et stables dans des espaces restreints lors du transport de charges lourdes. Son rev\u00eatement en polyur\u00e9thane haut de gamme offre une excellente r\u00e9sistance \u00e0 l&#8217;usure et aux chocs, tandis que le noyau m\u00e9tallique robuste minimise les d\u00e9formations sous utilisation intensive. Compatible avec les \u00e9quipements Still, elle assure un fonctionnement silencieux, durable et fiable dans les entrep\u00f4ts et lignes de production.<br data-start=\"4782\" data-end=\"4785\" \/><strong data-start=\"4785\" data-end=\"4807\">Caract\u00e9ristiques :<\/strong><br data-start=\"4807\" data-end=\"4810\" \/><strong data-start=\"4810\" data-end=\"4830\">Nom du produit :<\/strong> Roue de Charge 85\u00d7105\/110-12 Still<br data-start=\"4865\" data-end=\"4868\" \/><strong data-start=\"4868\" data-end=\"4884\">Code pi\u00e8ce :<\/strong> 4401476, 0039933604, 0039933649<br data-start=\"4916\" data-end=\"4919\" \/><strong data-start=\"4919\" data-end=\"4933\">Mat\u00e9riau :<\/strong> Rev\u00eatement en polyur\u00e9thane, noyau m\u00e9tallique<br data-start=\"4978\" data-end=\"4981\" \/><strong data-start=\"4981\" data-end=\"5007\">Domaine d\u2019utilisation:<\/strong> Chariots \u00e9l\u00e9vateurs et gerbeurs Still<br data-start=\"5045\" data-end=\"5048\" \/><strong data-start=\"5048\" data-end=\"5061\">Avantage:<\/strong> Grande capacit\u00e9 de charge, man\u0153uvre stable et silencieuse dans des espaces restreints, longue dur\u00e9e de vie, r\u00e9sistance \u00e0 l\u2019usure et aux produits chimiques<\/p>\n<p data-start=\"5220\" data-end=\"6276\">\n","protected":false},"featured_media":15421,"template":"","meta":[],"product_brand":[],"product_cat":[241,243,400],"product_tag":[],"class_list":{"0":"post-7711","1":"product","2":"type-product","3":"status-publish","4":"has-post-thumbnail","6":"product_cat-still","7":"product_cat-catal-tekeri-still","8":"product_cat-catal-tekeri","10":"first","11":"instock","12":"taxable","13":"shipping-taxable","14":"purchasable","15":"product-type-simple"},"_links":{"self":[{"href":"https:\/\/ceoparts.com\/fr\/wp-json\/wp\/v2\/product\/7711","targetHints":{"allow":["GET"]}}],"collection":[{"href":"https:\/\/ceoparts.com\/fr\/wp-json\/wp\/v2\/product"}],"about":[{"href":"https:\/\/ceoparts.com\/fr\/wp-json\/wp\/v2\/types\/product"}],"wp:featuredmedia":[{"embeddable":true,"href":"https:\/\/ceoparts.com\/fr\/wp-json\/wp\/v2\/media\/15421"}],"wp:attachment":[{"href":"https:\/\/ceoparts.com\/fr\/wp-json\/wp\/v2\/media?parent=7711"}],"wp:term":[{"taxonomy":"product_brand","embeddable":true,"href":"https:\/\/ceoparts.com\/fr\/wp-json\/wp\/v2\/product_brand?post=7711"},{"taxonomy":"product_cat","embeddable":true,"href":"https:\/\/ceoparts.com\/fr\/wp-json\/wp\/v2\/product_cat?post=7711"},{"taxonomy":"product_tag","embeddable":true,"href":"https:\/\/ceoparts.com\/fr\/wp-json\/wp\/v2\/product_tag?post=7711"}],"curies":[{"name":"wp","href":"https:\/\/api.w.org\/{rel}","templated":true}]}}