{"id":7724,"date":"2020-10-25T14:41:22","date_gmt":"2020-10-25T11:41:22","guid":{"rendered":"http:\/\/ceoparts.com\/?post_type=product&#038;p=7724"},"modified":"2026-05-16T07:28:31","modified_gmt":"2026-05-16T04:28:31","slug":"285x100-40-jung-50303244","status":"publish","type":"product","link":"https:\/\/ceoparts.com\/fr\/urun\/285x100-40-jung-50303244\/","title":{"rendered":"285&#215;100-40 Jungheinrich Vulkoprin Roulettes charge &#8211; 50303244, 50262621, 51078774"},"content":{"rendered":"<p>285&#215;100-40 Jungheinrich Vulkoprin Roulettes charge &#8211; 50303244, 50262621, 51078774<\/p>\n<p>Jungheinrich 51078774, 50303244, 50262621, 129TA9789<\/p>\n<p>ETM\/V 214\/216 12.03 &#8211;<br \/>\nESE 420\/430 7.09 &#8211;<br \/>\nETM\/V 214\/216 (US) 1.11 &#8211;<\/p>","protected":false},"excerpt":{"rendered":"<p data-start=\"157\" data-end=\"1141\"><br data-start=\"4142\" data-end=\"4145\" \/>La Roue de Charge 285\u00d7100-40 Jungheinrich Vulkoprin est une roue de charge haute r\u00e9sistance, sp\u00e9cialement con\u00e7ue pour les chariots \u00e9l\u00e9vateurs et \u00e9quipements de manutention lourds. Avec un diam\u00e8tre de 285 mm, une largeur de 100 mm et un al\u00e9sage de 40 mm, elle assure une capacit\u00e9 de charge maximale et une conduite stable dans les op\u00e9rations industrielles et logistiques. Son rev\u00eatement en polyur\u00e9thane Vulkoprin de qualit\u00e9 sup\u00e9rieure offre une excellente r\u00e9sistance \u00e0 l&#8217;usure, aux impacts et aux produits chimiques. Enti\u00e8rement compatible avec les machines Jungheinrich, c&#8217;est une solution fiable et durable pour entrep\u00f4ts, usines et environnements industriels.<br data-start=\"4806\" data-end=\"4809\" \/><strong data-start=\"4809\" data-end=\"4831\">Caract\u00e9ristiques :<\/strong><br data-start=\"4831\" data-end=\"4834\" \/><strong data-start=\"4834\" data-end=\"4854\">Nom du produit :<\/strong> Roue de Charge 285\u00d7100-40 Jungheinrich Vulkoprin<br data-start=\"4903\" data-end=\"4906\" \/><strong data-start=\"4906\" data-end=\"4922\">Code pi\u00e8ce :<\/strong> 50303244, 50262621, 51078774<br data-start=\"4951\" data-end=\"4954\" \/><strong data-start=\"4954\" data-end=\"4968\">Mat\u00e9riau :<\/strong> Vulkollan (polyur\u00e9thane haute densit\u00e9), noyau m\u00e9tallique<br data-start=\"5025\" data-end=\"5028\" \/><strong data-start=\"5028\" data-end=\"5054\">Domaine d\u2019utilisation:<\/strong> Chariots \u00e9l\u00e9vateurs et \u00e9quipements de manutention Jungheinrich<br data-start=\"5117\" data-end=\"5120\" \/><strong data-start=\"5120\" data-end=\"5133\">Avantage:<\/strong> Grande capacit\u00e9 de charge, longue dur\u00e9e de vie, r\u00e9sistance \u00e0 l\u2019usure et aux produits chimiques, fonctionnement silencieux et stable<\/p>\n<p data-start=\"5269\" data-end=\"6375\">\n","protected":false},"featured_media":11011,"template":"","meta":[],"product_brand":[],"product_cat":[236,240,428,194],"product_tag":[],"class_list":{"0":"post-7724","1":"product","2":"type-product","3":"status-publish","4":"has-post-thumbnail","6":"product_cat-jungheinrich","7":"product_cat-yuk-tekeri-jungheinrich","8":"product_cat-yuk-tekeri-vulkoprin","9":"product_cat-yuk-tekeri","11":"first","12":"instock","13":"taxable","14":"shipping-taxable","15":"purchasable","16":"product-type-simple"},"_links":{"self":[{"href":"https:\/\/ceoparts.com\/fr\/wp-json\/wp\/v2\/product\/7724","targetHints":{"allow":["GET"]}}],"collection":[{"href":"https:\/\/ceoparts.com\/fr\/wp-json\/wp\/v2\/product"}],"about":[{"href":"https:\/\/ceoparts.com\/fr\/wp-json\/wp\/v2\/types\/product"}],"wp:featuredmedia":[{"embeddable":true,"href":"https:\/\/ceoparts.com\/fr\/wp-json\/wp\/v2\/media\/11011"}],"wp:attachment":[{"href":"https:\/\/ceoparts.com\/fr\/wp-json\/wp\/v2\/media?parent=7724"}],"wp:term":[{"taxonomy":"product_brand","embeddable":true,"href":"https:\/\/ceoparts.com\/fr\/wp-json\/wp\/v2\/product_brand?post=7724"},{"taxonomy":"product_cat","embeddable":true,"href":"https:\/\/ceoparts.com\/fr\/wp-json\/wp\/v2\/product_cat?post=7724"},{"taxonomy":"product_tag","embeddable":true,"href":"https:\/\/ceoparts.com\/fr\/wp-json\/wp\/v2\/product_tag?post=7724"}],"curies":[{"name":"wp","href":"https:\/\/api.w.org\/{rel}","templated":true}]}}