{"id":7740,"date":"2020-10-25T19:15:50","date_gmt":"2020-10-25T16:15:50","guid":{"rendered":"http:\/\/ceoparts.com\/?post_type=product&#038;p=7740"},"modified":"2026-05-16T10:41:40","modified_gmt":"2026-05-16T07:41:40","slug":"150x50-60-20-wicke-4498976","status":"publish","type":"product","link":"https:\/\/ceoparts.com\/fr\/urun\/150x50-60-20-wicke-4498976\/","title":{"rendered":"150&#215;50\/60-20 Wicke Roues D&#8217;\u00e9quilibre &#8211; 4498976, 4414979, 4412343"},"content":{"rendered":"<p>150&#215;50\/60-20 Wicke Roues D&#8217;\u00e9quilibre &#8211; 4498976, 4414979, 4412343<\/p>\n<p>STILL 4498976, 412343<\/p>\n<p>CX 20 \/711044\/01-07<br \/>\nCXM 10 \/711045\/01-07<br \/>\nCXS 16 \/711046\/01-07<br \/>\nEGD 16 \/710219\/01-07<br \/>\nEGD-S 16\/710219\/06-06<br \/>\nEGU-S 20-24\/II N 710124010323-710126010306\/01-07<br \/>\nEGV 10-12\/710239-710241\/01-07<br \/>\nEGV 10-12\/710240-710242\/01-07<br \/>\nEGV 14\/16-710248\/710250<br \/>\nEGV-S 710210\/710211\/05-95<\/p>\n<p>Crown WE\/WS2300, WE\/WS 2000<\/p>","protected":false},"excerpt":{"rendered":"<p data-start=\"140\" data-end=\"924\"><br data-start=\"3487\" data-end=\"3490\" \/>La Roue d\u2019\u00c9quilibre 150\u00d750\/60-20 Wicke est une roue d\u2019\u00e9quilibre de haute qualit\u00e9 con\u00e7ue pour les chariots \u00e9l\u00e9vateurs et les empileurs. Avec un diam\u00e8tre de 150 mm et une largeur de 50\/60 mm, elle am\u00e9liore la stabilit\u00e9 de la machine et pr\u00e9vient les pertes d\u2019\u00e9quilibre lors de la manutention et des man\u0153uvres de charge. Fabriqu\u00e9e avec des mat\u00e9riaux Wicke durables, elle garantit une longue dur\u00e9e de vie. Le rev\u00eatement en polyur\u00e9thane offre une r\u00e9sistance \u00e0 l\u2019usure et aux produits chimiques. Id\u00e9ale pour un fonctionnement silencieux et s\u00fbr dans les entrep\u00f4ts, la logistique et l\u2019industrie.<br data-start=\"4076\" data-end=\"4079\" \/><strong data-start=\"4079\" data-end=\"4101\">Caract\u00e9ristiques :<\/strong><br data-start=\"4101\" data-end=\"4104\" \/><strong data-start=\"4104\" data-end=\"4124\">Nom du produit :<\/strong> Roue d\u2019\u00c9quilibre 150\u00d750\/60-20 Wicke<br data-start=\"4160\" data-end=\"4163\" \/><strong data-start=\"4163\" data-end=\"4181\">Codes pi\u00e8ces :<\/strong> 4498976, 4414979, 4412343<br data-start=\"4207\" data-end=\"4210\" \/><strong data-start=\"4210\" data-end=\"4224\">Mat\u00e9riau :<\/strong> Rev\u00eatement en polyur\u00e9thane, noyau m\u00e9tallique<br data-start=\"4269\" data-end=\"4272\" \/><strong data-start=\"4272\" data-end=\"4298\">Domaine d\u2019utilisation:<\/strong> Chariots \u00e9l\u00e9vateurs et empileurs<br data-start=\"4331\" data-end=\"4334\" \/><strong data-start=\"4334\" data-end=\"4347\">Avantage:<\/strong> Haute r\u00e9sistance \u00e0 l\u2019usure, stabilit\u00e9 am\u00e9lior\u00e9e, fonctionnement silencieux, longue dur\u00e9e de vie<\/p>\n<p data-start=\"4447\" data-end=\"5348\">\n","protected":false},"featured_media":11570,"template":"","meta":[],"product_brand":[],"product_cat":[273,401,403,241,242,272,185],"product_tag":[],"class_list":{"0":"post-7740","1":"product","2":"type-product","3":"status-publish","4":"has-post-thumbnail","6":"product_cat-denge-tekeri-crown","7":"product_cat-wicke","8":"product_cat-denge-tekeri-wicke","9":"product_cat-still","10":"product_cat-denge-tekeri-still","11":"product_cat-crown","12":"product_cat-denge-tekeri","14":"first","15":"instock","16":"taxable","17":"shipping-taxable","18":"purchasable","19":"product-type-simple"},"_links":{"self":[{"href":"https:\/\/ceoparts.com\/fr\/wp-json\/wp\/v2\/product\/7740","targetHints":{"allow":["GET"]}}],"collection":[{"href":"https:\/\/ceoparts.com\/fr\/wp-json\/wp\/v2\/product"}],"about":[{"href":"https:\/\/ceoparts.com\/fr\/wp-json\/wp\/v2\/types\/product"}],"wp:featuredmedia":[{"embeddable":true,"href":"https:\/\/ceoparts.com\/fr\/wp-json\/wp\/v2\/media\/11570"}],"wp:attachment":[{"href":"https:\/\/ceoparts.com\/fr\/wp-json\/wp\/v2\/media?parent=7740"}],"wp:term":[{"taxonomy":"product_brand","embeddable":true,"href":"https:\/\/ceoparts.com\/fr\/wp-json\/wp\/v2\/product_brand?post=7740"},{"taxonomy":"product_cat","embeddable":true,"href":"https:\/\/ceoparts.com\/fr\/wp-json\/wp\/v2\/product_cat?post=7740"},{"taxonomy":"product_tag","embeddable":true,"href":"https:\/\/ceoparts.com\/fr\/wp-json\/wp\/v2\/product_tag?post=7740"}],"curies":[{"name":"wp","href":"https:\/\/api.w.org\/{rel}","templated":true}]}}