{"id":7843,"date":"2020-10-26T12:11:43","date_gmt":"2020-10-26T09:11:43","guid":{"rendered":"https:\/\/ceoparts.com\/?post_type=product&#038;p=7843"},"modified":"2026-05-16T17:57:39","modified_gmt":"2026-05-16T14:57:39","slug":"400x160-110-155-24-12b-52041025","status":"publish","type":"product","link":"https:\/\/ceoparts.com\/fr\/urun\/400x160-110-155-24-12b-52041025\/","title":{"rendered":"400&#215;160-110 12B Wicke Vulkollan Roue de marche &#8211; 52041025"},"content":{"rendered":"<p>400&#215;160-110 12B Wicke Vulkollan Roue de marche &#8211; 52041025<\/p>\n<p>Jungheinrich 52041025<\/p>\n<p>EKX 513\/515 (2007)5.07 &#8211;<br \/>\nEKS 515k Z\/P S\/F (2007)1.08 &#8211;<br \/>\nETX 513 S\/F 1.11 &#8211;<\/p>","protected":false},"excerpt":{"rendered":"<p data-start=\"138\" data-end=\"1163\"><br data-start=\"4337\" data-end=\"4340\" \/>La Roue Motrice 400\u00d7160-110 12B Wicke Vulkollan est une roue durable et performante con\u00e7ue pour les chariots \u00e9l\u00e9vateurs lourds et \u00e9quipements industriels. Le rev\u00eatement en Vulkollan offre une haute r\u00e9sistance \u00e0 l\u2019usure et une excellente r\u00e9sistance chimique. Avec un diam\u00e8tre de 400 mm et une largeur de 160 mm, elle offre une large surface de contact qui am\u00e9liore la stabilit\u00e9 de l\u2019\u00e9quipement et minimise les vibrations. La largeur de 110 mm offre une capacit\u00e9 de charge et un \u00e9quilibre suppl\u00e9mentaires. Son fonctionnement silencieux am\u00e9liore le confort de l\u2019op\u00e9rateur, tandis que le noyau m\u00e9tallique durable garantit une long\u00e9vit\u00e9 dans des conditions difficiles. Id\u00e9al pour les entrep\u00f4ts, la logistique et l\u2019industrie.<br data-start=\"5059\" data-end=\"5062\" \/><strong data-start=\"5062\" data-end=\"5084\">Caract\u00e9ristiques :<\/strong><br data-start=\"5084\" data-end=\"5087\" \/><strong data-start=\"5087\" data-end=\"5107\">Nom du produit :<\/strong> Roue Motrice 400\u00d7160-110 12B Wicke Vulkollan<br data-start=\"5152\" data-end=\"5155\" \/><strong data-start=\"5155\" data-end=\"5171\">Code pi\u00e8ce :<\/strong> 52041025<br data-start=\"5180\" data-end=\"5183\" \/><strong data-start=\"5183\" data-end=\"5197\">Mat\u00e9riau :<\/strong> Rev\u00eatement Vulkollan, noyau m\u00e9tallique<br data-start=\"5236\" data-end=\"5239\" \/><strong data-start=\"5239\" data-end=\"5265\">Domaine d\u2019utilisation:<\/strong> Chariots \u00e9l\u00e9vateurs et \u00e9quipements industriels<br data-start=\"5312\" data-end=\"5315\" \/><strong data-start=\"5315\" data-end=\"5328\">Avantage:<\/strong> Haute r\u00e9sistance \u00e0 l\u2019usure et chimique, large surface de contact, largeur suppl\u00e9mentaire pour une stabilit\u00e9 sup\u00e9rieure, fonctionnement silencieux, longue dur\u00e9e de vie<\/p>\n<p data-start=\"5499\" data-end=\"6635\">\n","protected":false},"featured_media":11365,"template":"","meta":[],"product_brand":[],"product_cat":[236,239,401,404,193],"product_tag":[],"class_list":{"0":"post-7843","1":"product","2":"type-product","3":"status-publish","4":"has-post-thumbnail","6":"product_cat-jungheinrich","7":"product_cat-yuruyus-tekeri-jungheinrich","8":"product_cat-wicke","9":"product_cat-yuruyus-tekeri-wicke","10":"product_cat-yuruyus-tekeri","12":"first","13":"instock","14":"taxable","15":"shipping-taxable","16":"purchasable","17":"product-type-simple"},"_links":{"self":[{"href":"https:\/\/ceoparts.com\/fr\/wp-json\/wp\/v2\/product\/7843","targetHints":{"allow":["GET"]}}],"collection":[{"href":"https:\/\/ceoparts.com\/fr\/wp-json\/wp\/v2\/product"}],"about":[{"href":"https:\/\/ceoparts.com\/fr\/wp-json\/wp\/v2\/types\/product"}],"wp:featuredmedia":[{"embeddable":true,"href":"https:\/\/ceoparts.com\/fr\/wp-json\/wp\/v2\/media\/11365"}],"wp:attachment":[{"href":"https:\/\/ceoparts.com\/fr\/wp-json\/wp\/v2\/media?parent=7843"}],"wp:term":[{"taxonomy":"product_brand","embeddable":true,"href":"https:\/\/ceoparts.com\/fr\/wp-json\/wp\/v2\/product_brand?post=7843"},{"taxonomy":"product_cat","embeddable":true,"href":"https:\/\/ceoparts.com\/fr\/wp-json\/wp\/v2\/product_cat?post=7843"},{"taxonomy":"product_tag","embeddable":true,"href":"https:\/\/ceoparts.com\/fr\/wp-json\/wp\/v2\/product_tag?post=7843"}],"curies":[{"name":"wp","href":"https:\/\/api.w.org\/{rel}","templated":true}]}}