{"id":7848,"date":"2020-10-26T19:28:30","date_gmt":"2020-10-26T16:28:30","guid":{"rendered":"https:\/\/ceoparts.com\/?post_type=product&#038;p=7848"},"modified":"2026-05-16T12:50:32","modified_gmt":"2026-05-16T09:50:32","slug":"250x65-75-80-5b-bt-138457","status":"publish","type":"product","link":"https:\/\/ceoparts.com\/fr\/urun\/250x65-75-80-5b-bt-138457\/","title":{"rendered":"250&#215;65\/75-80 5B BT 138457"},"content":{"rendered":"<p>250&#215;65\/75-80 5B BT 138457<\/p>\n","protected":false},"excerpt":{"rendered":"<p data-start=\"106\" data-end=\"904\"><br data-start=\"3452\" data-end=\"3455\" \/>La Roue Motrice 250\u00d765\/75-80 5B BT est une roue durable et performante sp\u00e9cialement con\u00e7ue pour les chariots \u00e9l\u00e9vateurs et \u00e9quipements de manutention d\u2019entrep\u00f4t. Avec un diam\u00e8tre de 250 mm et une largeur de 65\/75 mm, elle assure une stabilit\u00e9 sous charges lourdes. Le rev\u00eatement en polyur\u00e9thane est r\u00e9sistant \u00e0 l\u2019usure et aux produits chimiques, offrant un fonctionnement silencieux et durable. Compatible avec les chariots \u00e9l\u00e9vateurs BT, cette roue offre une performance et une fiabilit\u00e9 sup\u00e9rieures dans les entrep\u00f4ts, la logistique et les environnements industriels.<br data-start=\"4024\" data-end=\"4027\" \/><strong data-start=\"4027\" data-end=\"4049\">Caract\u00e9ristiques :<\/strong><br data-start=\"4049\" data-end=\"4052\" \/><strong data-start=\"4052\" data-end=\"4072\">Nom du produit :<\/strong> Roue Motrice 250\u00d765\/75-80 5B BT<br data-start=\"4104\" data-end=\"4107\" \/><strong data-start=\"4107\" data-end=\"4123\">Code pi\u00e8ce :<\/strong> 138457<br data-start=\"4130\" data-end=\"4133\" \/><strong data-start=\"4133\" data-end=\"4147\">Mat\u00e9riau :<\/strong> Rev\u00eatement en polyur\u00e9thane, noyau m\u00e9tallique<br data-start=\"4192\" data-end=\"4195\" \/><strong data-start=\"4195\" data-end=\"4221\">Domaine d\u2019utilisation:<\/strong> Chariots \u00e9l\u00e9vateurs BT et \u00e9quipements de manutention d\u2019entrep\u00f4t<br data-start=\"4285\" data-end=\"4288\" \/><strong data-start=\"4288\" data-end=\"4301\">Avantage:<\/strong> Haute r\u00e9sistance \u00e0 l\u2019usure et aux produits chimiques, fonctionnement silencieux, longue dur\u00e9e de vie, stabilit\u00e9 sup\u00e9rieure<\/p>\n<p data-start=\"4428\" data-end=\"5365\">\n","protected":false},"featured_media":17691,"template":"","meta":[],"product_brand":[],"product_cat":[251,254],"product_tag":[],"class_list":{"0":"post-7848","1":"product","2":"type-product","3":"status-publish","4":"has-post-thumbnail","6":"product_cat-bt","7":"product_cat-yuruyus-tekeri-bt","9":"first","10":"instock","11":"taxable","12":"shipping-taxable","13":"purchasable","14":"product-type-simple"},"_links":{"self":[{"href":"https:\/\/ceoparts.com\/fr\/wp-json\/wp\/v2\/product\/7848","targetHints":{"allow":["GET"]}}],"collection":[{"href":"https:\/\/ceoparts.com\/fr\/wp-json\/wp\/v2\/product"}],"about":[{"href":"https:\/\/ceoparts.com\/fr\/wp-json\/wp\/v2\/types\/product"}],"wp:featuredmedia":[{"embeddable":true,"href":"https:\/\/ceoparts.com\/fr\/wp-json\/wp\/v2\/media\/17691"}],"wp:attachment":[{"href":"https:\/\/ceoparts.com\/fr\/wp-json\/wp\/v2\/media?parent=7848"}],"wp:term":[{"taxonomy":"product_brand","embeddable":true,"href":"https:\/\/ceoparts.com\/fr\/wp-json\/wp\/v2\/product_brand?post=7848"},{"taxonomy":"product_cat","embeddable":true,"href":"https:\/\/ceoparts.com\/fr\/wp-json\/wp\/v2\/product_cat?post=7848"},{"taxonomy":"product_tag","embeddable":true,"href":"https:\/\/ceoparts.com\/fr\/wp-json\/wp\/v2\/product_tag?post=7848"}],"curies":[{"name":"wp","href":"https:\/\/api.w.org\/{rel}","templated":true}]}}