{"id":7849,"date":"2020-10-26T19:45:34","date_gmt":"2020-10-26T16:45:34","guid":{"rendered":"https:\/\/ceoparts.com\/?post_type=product&#038;p=7849"},"modified":"2026-05-16T11:59:13","modified_gmt":"2026-05-16T08:59:13","slug":"350x127-80-160-7b-bt-162602","status":"publish","type":"product","link":"https:\/\/ceoparts.com\/fr\/urun\/350x127-80-160-7b-bt-162602\/","title":{"rendered":"350&#215;127-80 Wicke Vulkollan Roue de marche &#8211; 162602 , 220403"},"content":{"rendered":"<p>350&#215;127-80 Wicke Vulkollan Roue de marche &#8211; 162602 , 220403<\/p>\n<div class=\"font12\">C15 Vector<br \/>\nVCE 125ACSF<br \/>\nVCE 125ASF<br \/>\nVCE 150A<br \/>\nVCE 150AC<br \/>\nFR 2.7 FREFLAX AC<br \/>\nFRE 270<br \/>\nRR B4-B6 REFLEX AC<br \/>\nRR B4-B6 REFLEX DC<br \/>\nRR B4CC-6CC<br \/>\nRR B5-B6 REFLEX AC<br \/>\nRR B6<br \/>\nRR B7<br \/>\nRR B7-B8 REFLEX AC<br \/>\nRR B7-B8 REFLEX DC<br \/>\nRR B7CC-8CC<br \/>\nRR E4-E6 REFLEX AC<br \/>\nRR E4-E6 REFLEX DC<br \/>\nRR E4CC-E6CC<br \/>\nRR E5-E6 REFLEX AC<br \/>\nRR E6<br \/>\nRR E7<br \/>\nRR E7-E8 REFLEX AC<br \/>\nRR E7-E8 REFLEX DC<br \/>\nRR E7CC-E8CC<br \/>\nVR C<br \/>\nVR SF<br \/>\nVR SF C<br \/>\nVR VEFLEX<\/div>\n<div class=\"font12\"><\/div>\n<div class=\"font12\">RRE140\/E<br \/>\nRRE160\/E<br \/>\nRRE180\/E<br \/>\nRRE200\/E<br \/>\nRRE250\/<\/div>","protected":false},"excerpt":{"rendered":"<div>\n<p data-start=\"139\" data-end=\"1027\"><br data-start=\"3801\" data-end=\"3804\" \/>La Roue Motrice 350\u00d7127-80 Wicke Vulkollan est une roue durable con\u00e7ue pour les chariots \u00e9l\u00e9vateurs et \u00e9quipements industriels. Le rev\u00eatement en Vulkollan offre une haute r\u00e9sistance \u00e0 l\u2019usure et une excellente capacit\u00e9 de charge. Avec un diam\u00e8tre de 350 mm et une largeur de 127 mm, elle offre une large surface de contact qui am\u00e9liore la stabilit\u00e9 de l\u2019\u00e9quipement et r\u00e9duit les vibrations. R\u00e9sistante aux produits chimiques, cette roue garantit un fonctionnement durable et silencieux dans les entrep\u00f4ts, la logistique et les environnements de production. C\u2019est un choix id\u00e9al mettant le confort de l\u2019op\u00e9rateur au premier plan.<br data-start=\"4432\" data-end=\"4435\" \/><strong data-start=\"4435\" data-end=\"4457\">Caract\u00e9ristiques :<\/strong><br data-start=\"4457\" data-end=\"4460\" \/><strong data-start=\"4460\" data-end=\"4480\">Nom du produit :<\/strong> Roue Motrice 350\u00d7127-80 Wicke Vulkollan<br data-start=\"4520\" data-end=\"4523\" \/><strong data-start=\"4523\" data-end=\"4541\">Codes pi\u00e8ces :<\/strong> 162602, 220403<br data-start=\"4556\" data-end=\"4559\" \/><strong data-start=\"4559\" data-end=\"4573\">Mat\u00e9riau :<\/strong> Rev\u00eatement en Vulkollan, noyau m\u00e9tallique<br data-start=\"4615\" data-end=\"4618\" \/><strong data-start=\"4618\" data-end=\"4644\">Domaine d\u2019utilisation:<\/strong> Chariots \u00e9l\u00e9vateurs et \u00e9quipements industriels<br data-start=\"4691\" data-end=\"4694\" \/><strong data-start=\"4694\" data-end=\"4707\">Avantage:<\/strong> Haute r\u00e9sistance \u00e0 l\u2019usure, large surface de contact, r\u00e9duction des vibrations, r\u00e9sistance chimique, longue dur\u00e9e de vie<\/p>\n<p data-start=\"4832\" data-end=\"5838\">\n","protected":false},"featured_media":11330,"template":"","meta":[],"product_brand":[],"product_cat":[251,254,401,404,193],"product_tag":[],"class_list":{"0":"post-7849","1":"product","2":"type-product","3":"status-publish","4":"has-post-thumbnail","6":"product_cat-bt","7":"product_cat-yuruyus-tekeri-bt","8":"product_cat-wicke","9":"product_cat-yuruyus-tekeri-wicke","10":"product_cat-yuruyus-tekeri","12":"first","13":"instock","14":"taxable","15":"shipping-taxable","16":"purchasable","17":"product-type-simple"},"_links":{"self":[{"href":"https:\/\/ceoparts.com\/fr\/wp-json\/wp\/v2\/product\/7849","targetHints":{"allow":["GET"]}}],"collection":[{"href":"https:\/\/ceoparts.com\/fr\/wp-json\/wp\/v2\/product"}],"about":[{"href":"https:\/\/ceoparts.com\/fr\/wp-json\/wp\/v2\/types\/product"}],"wp:featuredmedia":[{"embeddable":true,"href":"https:\/\/ceoparts.com\/fr\/wp-json\/wp\/v2\/media\/11330"}],"wp:attachment":[{"href":"https:\/\/ceoparts.com\/fr\/wp-json\/wp\/v2\/media?parent=7849"}],"wp:term":[{"taxonomy":"product_brand","embeddable":true,"href":"https:\/\/ceoparts.com\/fr\/wp-json\/wp\/v2\/product_brand?post=7849"},{"taxonomy":"product_cat","embeddable":true,"href":"https:\/\/ceoparts.com\/fr\/wp-json\/wp\/v2\/product_cat?post=7849"},{"taxonomy":"product_tag","embeddable":true,"href":"https:\/\/ceoparts.com\/fr\/wp-json\/wp\/v2\/product_tag?post=7849"}],"curies":[{"name":"wp","href":"https:\/\/api.w.org\/{rel}","templated":true}]}}