{"id":8173,"date":"2021-01-21T01:23:48","date_gmt":"2021-01-20T22:23:48","guid":{"rendered":"https:\/\/ceoparts.com\/?post_type=product&#038;p=8173"},"modified":"2026-05-16T21:11:12","modified_gmt":"2026-05-16T18:11:12","slug":"230x75-80-6b-o14-still-4494268","status":"publish","type":"product","link":"https:\/\/ceoparts.com\/fr\/urun\/230x75-80-6b-o14-still-4494268\/","title":{"rendered":"230&#215;75-80 Wicke Roue de marche &#8211; 0009933848, 4494268, 0009903807"},"content":{"rendered":"<p>230&#215;75-80 Wicke Roue de marche &#8211; 0009933848, 4494268, 0009903807<\/p>\n<p><span class=\"short_text\" lang=\"en\"><span class=\"hps\" title=\"Kliknij, aby wy\u015bwietli\u0107 alternatywne t\u0142umaczenia\">EGV-S 330221\/330222<br \/>\nEGV-S LB 330229\/330230<\/span><\/span><\/p>\n<p>YALE<\/p>\n<p>HYSTER<\/p>\n<p>OM PIMESPO, BR VESTERGAARD<\/p>\n<p>0009903807, 8494268, 4494268, 95309172, 50983508934, 129TA9068<\/p>","protected":false},"excerpt":{"rendered":"<p data-start=\"151\" data-end=\"662\"><br data-start=\"3840\" data-end=\"3843\" \/>La <strong data-start=\"3846\" data-end=\"3882\">Roulette motrice 230\u00d775-80 Wicke<\/strong> est une roue de haute qualit\u00e9 et durable utilis\u00e9e dans le m\u00e9canisme d&#8217;entra\u00eenement des chariots \u00e9l\u00e9vateurs et v\u00e9hicules industriels similaires. Elle poss\u00e8de un noyau m\u00e9tallique robuste avec un rev\u00eatement en caoutchouc ou polyur\u00e9thane r\u00e9sistant \u00e0 l&#8217;usure. Sa large surface assure un transport \u00e9quilibr\u00e9 et s\u00e9curis\u00e9 des charges. Elle r\u00e9duit les vibrations, offrant une op\u00e9ration silencieuse et confortable. Cette roue motrice performante est id\u00e9ale pour une utilisation longue dur\u00e9e dans des conditions exigeantes.<\/p>\n<p data-start=\"4397\" data-end=\"4872\"><strong data-start=\"4397\" data-end=\"4417\">Caract\u00e9ristiques<\/strong><br data-start=\"4417\" data-end=\"4420\" \/><strong data-start=\"4420\" data-end=\"4439\">Nom du produit:<\/strong> Roulette motrice 230\u00d775-80 Wicke<br data-start=\"4472\" data-end=\"4475\" \/><strong data-start=\"4475\" data-end=\"4496\">Num\u00e9ros de pi\u00e8ce:<\/strong> 0009933848, 4494268, 0009903807<br data-start=\"4528\" data-end=\"4531\" \/><strong data-start=\"4531\" data-end=\"4544\">Mat\u00e9riau:<\/strong> Noyau m\u00e9tallique robuste, rev\u00eatement en caoutchouc ou polyur\u00e9thane r\u00e9sistant \u00e0 l&#8217;usure<br data-start=\"4631\" data-end=\"4634\" \/><strong data-start=\"4634\" data-end=\"4650\">Application:<\/strong> M\u00e9canismes d&#8217;entra\u00eenement pour chariots \u00e9l\u00e9vateurs et v\u00e9hicules industriels<br data-start=\"4726\" data-end=\"4729\" \/><strong data-start=\"4729\" data-end=\"4742\">Avantage:<\/strong> Transport \u00e9quilibr\u00e9 des charges, r\u00e9duction des vibrations, fonctionnement silencieux, longue dur\u00e9e de vie, construction durable<\/p>\n<hr data-start=\"4874\" data-end=\"4877\" \/>\n<p data-start=\"4879\" data-end=\"5401\">\n","protected":false},"featured_media":11227,"template":"","meta":[],"product_brand":[],"product_cat":[256,260,401,404,193],"product_tag":[],"class_list":{"0":"post-8173","1":"product","2":"type-product","3":"status-publish","4":"has-post-thumbnail","6":"product_cat-hyster","7":"product_cat-yuruyus-tekeri-hyster","8":"product_cat-wicke","9":"product_cat-yuruyus-tekeri-wicke","10":"product_cat-yuruyus-tekeri","12":"first","13":"instock","14":"taxable","15":"shipping-taxable","16":"purchasable","17":"product-type-simple"},"_links":{"self":[{"href":"https:\/\/ceoparts.com\/fr\/wp-json\/wp\/v2\/product\/8173","targetHints":{"allow":["GET"]}}],"collection":[{"href":"https:\/\/ceoparts.com\/fr\/wp-json\/wp\/v2\/product"}],"about":[{"href":"https:\/\/ceoparts.com\/fr\/wp-json\/wp\/v2\/types\/product"}],"wp:featuredmedia":[{"embeddable":true,"href":"https:\/\/ceoparts.com\/fr\/wp-json\/wp\/v2\/media\/11227"}],"wp:attachment":[{"href":"https:\/\/ceoparts.com\/fr\/wp-json\/wp\/v2\/media?parent=8173"}],"wp:term":[{"taxonomy":"product_brand","embeddable":true,"href":"https:\/\/ceoparts.com\/fr\/wp-json\/wp\/v2\/product_brand?post=8173"},{"taxonomy":"product_cat","embeddable":true,"href":"https:\/\/ceoparts.com\/fr\/wp-json\/wp\/v2\/product_cat?post=8173"},{"taxonomy":"product_tag","embeddable":true,"href":"https:\/\/ceoparts.com\/fr\/wp-json\/wp\/v2\/product_tag?post=8173"}],"curies":[{"name":"wp","href":"https:\/\/api.w.org\/{rel}","templated":true}]}}