{"id":8253,"date":"2021-01-31T23:50:24","date_gmt":"2021-01-31T20:50:24","guid":{"rendered":"https:\/\/ceoparts.com\/?post_type=product&#038;p=8253"},"modified":"2026-05-16T15:01:32","modified_gmt":"2026-05-16T12:01:32","slug":"85x60-65-12-linde-0039903512","status":"publish","type":"product","link":"https:\/\/ceoparts.com\/fr\/urun\/85x60-65-12-linde-0039903512\/","title":{"rendered":"85&#215;60\/65-12 Ceoparts Roulettes Charge Linde 0039903512"},"content":{"rendered":"<p>85&#215;60\/65-12 Ceoparts Roulettes Charge Linde 0039903512<\/p>\n<p>132 N20\/N24\/N20L\/N20LI<br \/>\n133 L12\/L14-L12L\/L14L-L12LHP<br \/>\n139 L12\/16R<br \/>\n141 L12L\/L12LP<br \/>\n149 N20\/N25\/N20L\/LI\/LX<br \/>\n149 N20V-N20VI<br \/>\n360 T16\/T18\/T20\/T16L<br \/>\n365 L14\/16\/L14AP\/16AP<br \/>\n372 L14\/16<br \/>\n372 L14\/16\/L14AP\/16AP<br \/>\n377 N20\/N20<br \/>\n379 L10\/12-L10\/12AS<br \/>\n1110 V08-01\/V08-02<br \/>\n1111 N20VI &#8211; N20VLI<br \/>\n1152 T16\/T18\/T20\/T16L<br \/>\n1172 L10\/L12\/L12i<\/p>","protected":false},"excerpt":{"rendered":"<p data-start=\"122\" data-end=\"629\"><br data-start=\"3842\" data-end=\"3845\" \/>La <strong data-start=\"3848\" data-end=\"3891\">Roulette de charge 85\u00d760\/65-12 Ceoparts<\/strong> est une roulette durable et performante sp\u00e9cialement con\u00e7ue pour \u00eatre compatible avec les mod\u00e8les de chariots \u00e9l\u00e9vateurs Linde. Elle poss\u00e8de un noyau m\u00e9tallique robuste et un rev\u00eatement en polyur\u00e9thane r\u00e9sistant \u00e0 l\u2019usure pour une longue dur\u00e9e de vie. La large surface de contact assure une r\u00e9partition \u00e9quilibr\u00e9e de la charge, permettant un fonctionnement stable, silencieux et sans vibration. Son design compact facilite la maniabilit\u00e9 dans les espaces restreints. Adapt\u00e9e aux applications industrielles de stockage et logistique.<\/p>\n<p data-start=\"4426\" data-end=\"4881\"><strong data-start=\"4426\" data-end=\"4446\">Caract\u00e9ristiques<\/strong><br data-start=\"4446\" data-end=\"4449\" \/><strong data-start=\"4449\" data-end=\"4468\">Nom du produit:<\/strong> Roulette de charge 85\u00d760\/65-12 Ceoparts<br data-start=\"4508\" data-end=\"4511\" \/><strong data-start=\"4511\" data-end=\"4531\">Num\u00e9ro de pi\u00e8ce:<\/strong> 0039903512 (compatible Linde)<br data-start=\"4561\" data-end=\"4564\" \/><strong data-start=\"4564\" data-end=\"4577\">Mat\u00e9riau:<\/strong> Noyau m\u00e9tallique robuste, rev\u00eatement en polyur\u00e9thane r\u00e9sistant \u00e0 l\u2019usure<br data-start=\"4650\" data-end=\"4653\" \/><strong data-start=\"4653\" data-end=\"4669\">Application:<\/strong> Chariots \u00e9l\u00e9vateurs Linde et \u00e9quipements d\u2019entrep\u00f4t similaires<br data-start=\"4732\" data-end=\"4735\" \/><strong data-start=\"4735\" data-end=\"4748\">Avantage:<\/strong> R\u00e9partition \u00e9quilibr\u00e9e de la charge, fonctionnement stable et silencieux, longue dur\u00e9e de vie, design compact, installation facile<\/p>\n<hr data-start=\"4883\" data-end=\"4886\" \/>\n<p data-start=\"4888\" data-end=\"5477\">\n","protected":false},"featured_media":15964,"template":"","meta":[],"product_brand":[],"product_cat":[246,248,398,400],"product_tag":[],"class_list":{"0":"post-8253","1":"product","2":"type-product","3":"status-publish","4":"has-post-thumbnail","6":"product_cat-linde","7":"product_cat-catal-tekeri-linde","8":"product_cat-catal-tekeri-ceo","9":"product_cat-catal-tekeri","11":"first","12":"instock","13":"taxable","14":"shipping-taxable","15":"purchasable","16":"product-type-simple"},"_links":{"self":[{"href":"https:\/\/ceoparts.com\/fr\/wp-json\/wp\/v2\/product\/8253","targetHints":{"allow":["GET"]}}],"collection":[{"href":"https:\/\/ceoparts.com\/fr\/wp-json\/wp\/v2\/product"}],"about":[{"href":"https:\/\/ceoparts.com\/fr\/wp-json\/wp\/v2\/types\/product"}],"wp:featuredmedia":[{"embeddable":true,"href":"https:\/\/ceoparts.com\/fr\/wp-json\/wp\/v2\/media\/15964"}],"wp:attachment":[{"href":"https:\/\/ceoparts.com\/fr\/wp-json\/wp\/v2\/media?parent=8253"}],"wp:term":[{"taxonomy":"product_brand","embeddable":true,"href":"https:\/\/ceoparts.com\/fr\/wp-json\/wp\/v2\/product_brand?post=8253"},{"taxonomy":"product_cat","embeddable":true,"href":"https:\/\/ceoparts.com\/fr\/wp-json\/wp\/v2\/product_cat?post=8253"},{"taxonomy":"product_tag","embeddable":true,"href":"https:\/\/ceoparts.com\/fr\/wp-json\/wp\/v2\/product_tag?post=8253"}],"curies":[{"name":"wp","href":"https:\/\/api.w.org\/{rel}","templated":true}]}}