{"id":8350,"date":"2021-02-14T21:22:15","date_gmt":"2021-02-14T18:22:15","guid":{"rendered":"https:\/\/ceoparts.com\/?post_type=product&#038;p=8350"},"modified":"2026-05-16T19:21:07","modified_gmt":"2026-05-16T16:21:07","slug":"rll-003","status":"publish","type":"product","link":"https:\/\/ceoparts.com\/fr\/urun\/rll-003\/","title":{"rendered":"70&#215;60\/60-20 Ceoparts Roulettes charge"},"content":{"rendered":"<p>70&#215;60\/60-20 Ceoparts Roulettes charge<\/p>\n<p>70&#215;60\/60-20 Ceoparts Roulettes charge<\/p>\n<p>70&#215;60\/60-20 Ceoparts Roulettes charge<\/p>\n<p>70&#215;60\/60-20 Ceoparts Roulettes charge<\/p>\n<p>70&#215;60\/60-20 Ceoparts Roulettes charge<\/p>\n<p>70&#215;60\/60-20 Ceoparts Roulettes charge<\/p>","protected":false},"excerpt":{"rendered":"<p data-start=\"103\" data-end=\"583\"><br data-start=\"3760\" data-end=\"3763\" \/>La <strong data-start=\"3766\" data-end=\"3809\">Roulette de charge 70\u00d760\/60-20 Ceoparts<\/strong> est une roulette de haute qualit\u00e9 et durable con\u00e7ue pour les chariots \u00e9l\u00e9vateurs et \u00e9quipements d\u2019entrep\u00f4t. Elle poss\u00e8de un noyau m\u00e9tallique robuste et un rev\u00eatement en polyur\u00e9thane ou caoutchouc r\u00e9sistant \u00e0 l\u2019usure pour une longue dur\u00e9e de vie. La large surface de contact assure une r\u00e9partition \u00e9quilibr\u00e9e de la charge, permettant un fonctionnement stable, silencieux et sans vibration. Son design compact offre une grande maniabilit\u00e9 dans les espaces restreints et une installation facile, ce qui la rend id\u00e9ale pour les applications industrielles.<\/p>\n<p data-start=\"4363\" data-end=\"4811\"><strong data-start=\"4363\" data-end=\"4383\">Caract\u00e9ristiques<\/strong><br data-start=\"4383\" data-end=\"4386\" \/><strong data-start=\"4386\" data-end=\"4405\">Nom du produit:<\/strong> Roulette de charge 70\u00d760\/60-20 Ceoparts<br data-start=\"4445\" data-end=\"4448\" \/><strong data-start=\"4448\" data-end=\"4468\">Num\u00e9ro de pi\u00e8ce:<\/strong> &#8211;<br data-start=\"4470\" data-end=\"4473\" \/><strong data-start=\"4473\" data-end=\"4486\">Mat\u00e9riau:<\/strong> Noyau m\u00e9tallique robuste, rev\u00eatement en polyur\u00e9thane ou caoutchouc r\u00e9sistant \u00e0 l\u2019usure<br data-start=\"4573\" data-end=\"4576\" \/><strong data-start=\"4576\" data-end=\"4592\">Application:<\/strong> Syst\u00e8mes de charge pour chariots \u00e9l\u00e9vateurs et \u00e9quipements d\u2019entrep\u00f4t<br data-start=\"4662\" data-end=\"4665\" \/><strong data-start=\"4665\" data-end=\"4678\">Avantage:<\/strong> R\u00e9partition \u00e9quilibr\u00e9e de la charge, fonctionnement stable et silencieux, longue dur\u00e9e de vie, design compact, installation facile<\/p>\n<hr data-start=\"4813\" data-end=\"4816\" \/>\n<p data-start=\"4818\" data-end=\"5396\">\n","protected":false},"featured_media":15527,"template":"","meta":[],"product_brand":[],"product_cat":[539,540],"product_tag":[],"class_list":{"0":"post-8350","1":"product","2":"type-product","3":"status-publish","4":"has-post-thumbnail","6":"product_cat-transpalet-tekeri","7":"product_cat-poliuretan-transpalet-tekeri","9":"first","10":"instock","11":"taxable","12":"shipping-taxable","13":"purchasable","14":"product-type-simple"},"_links":{"self":[{"href":"https:\/\/ceoparts.com\/fr\/wp-json\/wp\/v2\/product\/8350","targetHints":{"allow":["GET"]}}],"collection":[{"href":"https:\/\/ceoparts.com\/fr\/wp-json\/wp\/v2\/product"}],"about":[{"href":"https:\/\/ceoparts.com\/fr\/wp-json\/wp\/v2\/types\/product"}],"wp:featuredmedia":[{"embeddable":true,"href":"https:\/\/ceoparts.com\/fr\/wp-json\/wp\/v2\/media\/15527"}],"wp:attachment":[{"href":"https:\/\/ceoparts.com\/fr\/wp-json\/wp\/v2\/media?parent=8350"}],"wp:term":[{"taxonomy":"product_brand","embeddable":true,"href":"https:\/\/ceoparts.com\/fr\/wp-json\/wp\/v2\/product_brand?post=8350"},{"taxonomy":"product_cat","embeddable":true,"href":"https:\/\/ceoparts.com\/fr\/wp-json\/wp\/v2\/product_cat?post=8350"},{"taxonomy":"product_tag","embeddable":true,"href":"https:\/\/ceoparts.com\/fr\/wp-json\/wp\/v2\/product_tag?post=8350"}],"curies":[{"name":"wp","href":"https:\/\/api.w.org\/{rel}","templated":true}]}}