{"id":8352,"date":"2021-02-14T21:25:20","date_gmt":"2021-02-14T18:25:20","guid":{"rendered":"https:\/\/ceoparts.com\/?post_type=product&#038;p=8352"},"modified":"2026-05-03T06:41:31","modified_gmt":"2026-05-03T03:41:31","slug":"77x70-75-125-yuk-tekeri","status":"publish","type":"product","link":"https:\/\/ceoparts.com\/fr\/urun\/77x70-75-125-yuk-tekeri\/","title":{"rendered":"77&#215;70\/75-12,5 Ceoparts Roulettes charge &#8211; 51026483"},"content":{"rendered":"<p>77&#215;70\/75-12,5 Ceoparts Roulettes charge &#8211; 51026483<\/p>\n<p>77&#215;70\/75-12,5 Ceoparts Roulettes charge &#8211; 51026483<\/p>\n<p>77&#215;70\/75-12,5 Ceoparts Roulettes charge &#8211; 51026483<\/p>\n<p>77&#215;70\/75-12,5 Ceoparts Roulettes charge &#8211; 51026483<\/p>\n<table border=\"0\" width=\"264\" cellspacing=\"0\" cellpadding=\"0\">\n<colgroup>\n<col width=\"166\" \/>\n<col width=\"98\" \/><\/colgroup>\n<tbody>\n<tr>\n<td width=\"166\" height=\"19\"><span style=\"font-family: Calibri;\">EMC 110 (US)<\/span><\/td>\n<td width=\"98\"><span style=\"font-family: Calibri;\">3.09 &#8211;\u00a0<\/span><\/td>\n<\/tr>\n<tr>\n<td height=\"19\"><span style=\"font-family: Calibri;\">EMC 110<\/span><\/td>\n<td><span style=\"font-family: Calibri;\">3.09 &#8211;\u00a0<\/span><\/td>\n<\/tr>\n<tr>\n<td height=\"19\"><span style=\"font-family: Calibri;\">PWF11<\/span><\/td>\n<td><span style=\"font-family: Calibri;\">3.09 &#8211;\u00a0<\/span><\/td>\n<\/tr>\n<tr>\n<td height=\"19\"><span style=\"font-family: Calibri;\">EMC 110 (2SF2200)<\/span><\/td>\n<td><span style=\"font-family: Calibri;\">3.09 &#8211; 3.10<\/span><\/td>\n<\/tr>\n<tr>\n<td height=\"19\"><span style=\"font-family: Calibri;\">EMC B10<\/span><\/td>\n<td><span style=\"font-family: Calibri;\">3.09 &#8211;\u00a0<\/span><\/td>\n<\/tr>\n<tr>\n<td height=\"19\"><span style=\"font-family: Calibri;\">EMC B10 (US)<\/span><\/td>\n<td><span style=\"font-family: Calibri;\">3.09 &#8211;\u00a0<\/span><\/td>\n<\/tr>\n<tr>\n<td height=\"19\"><span style=\"font-family: Calibri;\">PWT11<\/span><\/td>\n<td><span style=\"font-family: Calibri;\">3.09 &#8211;\u00a0<\/span><\/td>\n<\/tr>\n<tr>\n<td height=\"19\"><span style=\"font-family: Calibri;\">EMC B10 (2SS2200)<\/span><\/td>\n<td><span style=\"font-family: Calibri;\">3.09 &#8211;\u00a0<\/span><\/td>\n<\/tr>\n<tr>\n<td height=\"19\"><span style=\"font-family: Calibri;\">EJC 110\/112\/212<\/span><\/td>\n<td><span style=\"font-family: Calibri;\">8.11 &#8211; 9.19<\/span><\/td>\n<\/tr>\n<tr>\n<td height=\"19\"><span style=\"font-family: Calibri;\">EMC 105\/110\/B10<\/span><\/td>\n<td><span style=\"font-family: Calibri;\">11.14 &#8211;\u00a0<\/span><\/td>\n<\/tr>\n<tr>\n<td height=\"19\"><span style=\"font-family: Calibri;\">PWF11\/PWT11<\/span><\/td>\n<td><span style=\"font-family: Calibri;\">11.14 &#8211;\u00a0<\/span><\/td>\n<\/tr>\n<tr>\n<td height=\"19\"><span style=\"font-family: Calibri;\">EMC 105\/110\/B10 US<\/span><\/td>\n<td><span style=\"font-family: Calibri;\">11.14 &#8211;\u00a0<\/span><\/td>\n<\/tr>\n<tr>\n<td height=\"19\"><span style=\"font-family: Calibri;\">EMC 110\/B10<\/span><\/td>\n<td><span style=\"font-family: Calibri;\">11.14 &#8211;\u00a0<\/span><\/td>\n<\/tr>\n<tr>\n<td height=\"19\"><span style=\"font-family: Calibri;\">EJD 118\/120\/ EMD 118<\/span><\/td>\n<td><span style=\"font-family: Calibri;\">10.15 &#8211;\u00a0<\/span><\/td>\n<\/tr>\n<tr>\n<td height=\"19\"><span style=\"font-family: Calibri;\">EMD 115i<\/span><\/td>\n<td><span style=\"font-family: Calibri;\">7.16 &#8211;\u00a0<\/span><\/td>\n<\/tr>\n<tr>\n<td height=\"19\"><span style=\"font-family: Calibri;\">EJC 110\/112<\/span><\/td>\n<td><span style=\"font-family: Calibri;\">9.19 &#8211;\u00a0<\/span><\/td>\n<\/tr>\n<\/tbody>\n<\/table>\n<p><\/p>","protected":false},"excerpt":{"rendered":"<p data-start=\"116\" data-end=\"634\"><br data-start=\"3876\" data-end=\"3879\" \/>La <strong data-start=\"3882\" data-end=\"3927\">Roulette de charge 77\u00d770\/75-12,5 Ceoparts<\/strong> est une roulette durable et performante sp\u00e9cialement con\u00e7ue pour les chariots \u00e9l\u00e9vateurs et \u00e9quipements d\u2019entrep\u00f4t. Elle dispose d\u2019un noyau m\u00e9tallique robuste et d\u2019un rev\u00eatement en polyur\u00e9thane ou caoutchouc r\u00e9sistant \u00e0 l\u2019usure pour une longue dur\u00e9e de vie. La large surface de contact assure une r\u00e9partition \u00e9quilibr\u00e9e de la charge, permettant un fonctionnement stable, silencieux et sans vibration. Son design compact facilite la maniabilit\u00e9 dans les espaces restreints et son installation est simple. Adapt\u00e9e aux environnements industriels.<\/p>\n<p data-start=\"4473\" data-end=\"4930\"><strong data-start=\"4473\" data-end=\"4493\">Caract\u00e9ristiques<\/strong><br data-start=\"4493\" data-end=\"4496\" \/><strong data-start=\"4496\" data-end=\"4515\">Nom du produit:<\/strong> Roulette de charge 77\u00d770\/75-12,5 Ceoparts<br data-start=\"4557\" data-end=\"4560\" \/><strong data-start=\"4560\" data-end=\"4580\">Num\u00e9ro de pi\u00e8ce:<\/strong> 51026483<br data-start=\"4589\" data-end=\"4592\" \/><strong data-start=\"4592\" data-end=\"4605\">Mat\u00e9riau:<\/strong> Noyau m\u00e9tallique robuste, rev\u00eatement en polyur\u00e9thane ou caoutchouc r\u00e9sistant \u00e0 l\u2019usure<br data-start=\"4692\" data-end=\"4695\" \/><strong data-start=\"4695\" data-end=\"4711\">Application:<\/strong> Syst\u00e8mes de charge pour chariots \u00e9l\u00e9vateurs et \u00e9quipements d\u2019entrep\u00f4t<br data-start=\"4781\" data-end=\"4784\" \/><strong data-start=\"4784\" data-end=\"4797\">Avantage:<\/strong> R\u00e9partition \u00e9quilibr\u00e9e de la charge, fonctionnement stable et silencieux, longue dur\u00e9e de vie, design compact, installation facile<\/p>\n<hr data-start=\"4932\" data-end=\"4935\" \/>\n<p data-start=\"4937\" data-end=\"5526\">\n","protected":false},"featured_media":15530,"template":"","meta":[],"product_brand":[],"product_cat":[539,540],"product_tag":[],"class_list":{"0":"post-8352","1":"product","2":"type-product","3":"status-publish","4":"has-post-thumbnail","6":"product_cat-transpalet-tekeri","7":"product_cat-poliuretan-transpalet-tekeri","9":"first","10":"instock","11":"taxable","12":"shipping-taxable","13":"purchasable","14":"product-type-simple"},"_links":{"self":[{"href":"https:\/\/ceoparts.com\/fr\/wp-json\/wp\/v2\/product\/8352","targetHints":{"allow":["GET"]}}],"collection":[{"href":"https:\/\/ceoparts.com\/fr\/wp-json\/wp\/v2\/product"}],"about":[{"href":"https:\/\/ceoparts.com\/fr\/wp-json\/wp\/v2\/types\/product"}],"wp:featuredmedia":[{"embeddable":true,"href":"https:\/\/ceoparts.com\/fr\/wp-json\/wp\/v2\/media\/15530"}],"wp:attachment":[{"href":"https:\/\/ceoparts.com\/fr\/wp-json\/wp\/v2\/media?parent=8352"}],"wp:term":[{"taxonomy":"product_brand","embeddable":true,"href":"https:\/\/ceoparts.com\/fr\/wp-json\/wp\/v2\/product_brand?post=8352"},{"taxonomy":"product_cat","embeddable":true,"href":"https:\/\/ceoparts.com\/fr\/wp-json\/wp\/v2\/product_cat?post=8352"},{"taxonomy":"product_tag","embeddable":true,"href":"https:\/\/ceoparts.com\/fr\/wp-json\/wp\/v2\/product_tag?post=8352"}],"curies":[{"name":"wp","href":"https:\/\/api.w.org\/{rel}","templated":true}]}}