{"id":8356,"date":"2021-02-14T21:30:12","date_gmt":"2021-02-14T18:30:12","guid":{"rendered":"https:\/\/ceoparts.com\/?post_type=product&#038;p=8356"},"modified":"2026-05-16T06:16:37","modified_gmt":"2026-05-16T03:16:37","slug":"82x100-105-20-yuk-tekeri","status":"publish","type":"product","link":"https:\/\/ceoparts.com\/fr\/urun\/82x100-105-20-yuk-tekeri\/","title":{"rendered":"82&#215;100\/105-20 Ceoparts  Roulettes charge"},"content":{"rendered":"<p>82&#215;100\/105-20 Ceoparts  Roulettes charge<\/p>\n<p>82&#215;100\/105-20 Ceoparts Roulettes charge<\/p>","protected":false},"excerpt":{"rendered":"<p data-start=\"92\" data-end=\"586\"><br data-start=\"3857\" data-end=\"3860\" \/>La <strong data-start=\"3863\" data-end=\"3908\">Roulette de charge 82\u00d7100\/105-20 Ceoparts<\/strong> est une roulette durable et de haute qualit\u00e9 con\u00e7ue pour la manutention de charges moyennes \u00e0 lourdes sur chariots \u00e9l\u00e9vateurs et \u00e9quipements d\u2019entrep\u00f4t. Sa large surface de contact assure une r\u00e9partition \u00e9quilibr\u00e9e de la charge, contribuant \u00e0 un fonctionnement stable et silencieux. Dot\u00e9e d\u2019un noyau m\u00e9tallique robuste et d\u2019un rev\u00eatement en polyur\u00e9thane ou caoutchouc r\u00e9sistant, elle offre une longue dur\u00e9e de vie et un usage respectueux du sol. Son design compact garantit une excellente maniabilit\u00e9 dans les espaces restreints.<\/p>\n<p data-start=\"4440\" data-end=\"4907\"><strong data-start=\"4440\" data-end=\"4460\">Caract\u00e9ristiques<\/strong><br data-start=\"4460\" data-end=\"4463\" \/><strong data-start=\"4463\" data-end=\"4482\">Nom du produit:<\/strong> Roulette de charge 82\u00d7100\/105-20 Ceoparts<br data-start=\"4524\" data-end=\"4527\" \/><strong data-start=\"4527\" data-end=\"4547\">Num\u00e9ro de pi\u00e8ce:<\/strong> &#8211;<br data-start=\"4549\" data-end=\"4552\" \/><strong data-start=\"4552\" data-end=\"4565\">Mat\u00e9riau:<\/strong> Noyau m\u00e9tallique robuste, rev\u00eatement en polyur\u00e9thane ou caoutchouc r\u00e9sistant<br data-start=\"4642\" data-end=\"4645\" \/><strong data-start=\"4645\" data-end=\"4661\">Application:<\/strong> Syst\u00e8mes de charge pour chariots \u00e9l\u00e9vateurs et gerbeurs<br data-start=\"4717\" data-end=\"4720\" \/><strong data-start=\"4720\" data-end=\"4733\">Avantage:<\/strong> Large surface de contact pour une r\u00e9partition \u00e9quilibr\u00e9e, fonctionnement stable et silencieux, longue dur\u00e9e de vie, respectueux du sol, design compact, installation facile<\/p>\n<hr data-start=\"4909\" data-end=\"4912\" \/>\n<p data-start=\"4914\" data-end=\"5466\">\n","protected":false},"featured_media":15540,"template":"","meta":[],"product_brand":[],"product_cat":[398,400],"product_tag":[],"class_list":{"0":"post-8356","1":"product","2":"type-product","3":"status-publish","4":"has-post-thumbnail","6":"product_cat-catal-tekeri-ceo","7":"product_cat-catal-tekeri","9":"first","10":"instock","11":"taxable","12":"shipping-taxable","13":"purchasable","14":"product-type-simple"},"_links":{"self":[{"href":"https:\/\/ceoparts.com\/fr\/wp-json\/wp\/v2\/product\/8356","targetHints":{"allow":["GET"]}}],"collection":[{"href":"https:\/\/ceoparts.com\/fr\/wp-json\/wp\/v2\/product"}],"about":[{"href":"https:\/\/ceoparts.com\/fr\/wp-json\/wp\/v2\/types\/product"}],"wp:featuredmedia":[{"embeddable":true,"href":"https:\/\/ceoparts.com\/fr\/wp-json\/wp\/v2\/media\/15540"}],"wp:attachment":[{"href":"https:\/\/ceoparts.com\/fr\/wp-json\/wp\/v2\/media?parent=8356"}],"wp:term":[{"taxonomy":"product_brand","embeddable":true,"href":"https:\/\/ceoparts.com\/fr\/wp-json\/wp\/v2\/product_brand?post=8356"},{"taxonomy":"product_cat","embeddable":true,"href":"https:\/\/ceoparts.com\/fr\/wp-json\/wp\/v2\/product_cat?post=8356"},{"taxonomy":"product_tag","embeddable":true,"href":"https:\/\/ceoparts.com\/fr\/wp-json\/wp\/v2\/product_tag?post=8356"}],"curies":[{"name":"wp","href":"https:\/\/api.w.org\/{rel}","templated":true}]}}