{"id":8358,"date":"2021-02-14T21:33:57","date_gmt":"2021-02-14T18:33:57","guid":{"rendered":"https:\/\/ceoparts.com\/?post_type=product&#038;p=8358"},"modified":"2026-05-03T05:05:47","modified_gmt":"2026-05-03T02:05:47","slug":"85x60-62-17-yuk-tekeri","status":"publish","type":"product","link":"https:\/\/ceoparts.com\/fr\/urun\/85x60-62-17-yuk-tekeri\/","title":{"rendered":"85&#215;60\/62-17 Ceoparts Roulettes charge &#8211; 8190118"},"content":{"rendered":"<p>85&#215;60\/62-17 Ceoparts Roulettes charge &#8211; 8190118<\/p>\n<p>CS20\/711030<br \/>\nCS20\/711030\/II NR711030010263\/12-03<br \/>\nCS20L\/II NR711030010263\/03-03<\/p>\n<p>CSH20\/711032\/II NR711032010395\/03-03<br \/>\nCSH20L\/711032\/II NR711032010395<\/p>\n<p>EGD-S 1600\/710217\/03-97<br \/>\nEGD-S16\/710218\/06-06<br \/>\nEGD 1600\/710215\/01-97<br \/>\nEGD 16\/710219\/01-07<\/p>\n<p>EGU-H&#8211;71 0201<br \/>\nEGU-S20-24\/II NR710124010323-710126010306\/01-07<br \/>\nEGU 14\/710114\/11-97<br \/>\nEGU 16\/710116\/02-97<\/p>\n<p>EGV-S 710212\/710211\/05-95<br \/>\nEGV 710212\/710216\/710220\/12.00<br \/>\nEGV 14.16-710248\/710250<\/p>\n<p>EXD S20\/710203\/01-07<\/p>\n<p>EXU-H-AC\/710203\/01-07<br \/>\nEXU-H\/710202\/01-07<\/p>","protected":false},"excerpt":{"rendered":"<p data-start=\"74\" data-end=\"600\"><br data-start=\"3860\" data-end=\"3863\" \/>La <strong data-start=\"3866\" data-end=\"3909\">Roulette de charge 85\u00d760\/62-17 Ceoparts<\/strong> est une roulette de charge de haute qualit\u00e9 et durable, con\u00e7ue pour des op\u00e9rations de manutention l\u00e9g\u00e8res et moyennes sur chariots \u00e9l\u00e9vateurs et gerbeurs. Son noyau m\u00e9tallique robuste et son rev\u00eatement en polyur\u00e9thane ou caoutchouc r\u00e9sistant assurent un fonctionnement silencieux, stable et sans vibrations. Sa structure compacte et respectueuse du sol permet une excellente maniabilit\u00e9 dans les espaces restreints. R\u00e9f\u00e9rence pi\u00e8ce <strong data-start=\"4342\" data-end=\"4353\">8190118<\/strong> sous qualit\u00e9 Ceoparts reconnue.<\/p>\n<p data-start=\"4387\" data-end=\"4837\"><strong data-start=\"4387\" data-end=\"4407\">Caract\u00e9ristiques<\/strong><br data-start=\"4407\" data-end=\"4410\" \/><strong data-start=\"4410\" data-end=\"4429\">Nom du produit:<\/strong> Roulette de charge 85\u00d760\/62-17 Ceoparts<br data-start=\"4469\" data-end=\"4472\" \/><strong data-start=\"4472\" data-end=\"4492\">Num\u00e9ro de pi\u00e8ce:<\/strong> 8190118<br data-start=\"4500\" data-end=\"4503\" \/><strong data-start=\"4503\" data-end=\"4516\">Mat\u00e9riau:<\/strong> Noyau m\u00e9tallique robuste, rev\u00eatement en polyur\u00e9thane ou caoutchouc r\u00e9sistant<br data-start=\"4593\" data-end=\"4596\" \/><strong data-start=\"4596\" data-end=\"4612\">Application:<\/strong> Syst\u00e8mes de charge pour chariots \u00e9l\u00e9vateurs et gerbeurs<br data-start=\"4668\" data-end=\"4671\" \/><strong data-start=\"4671\" data-end=\"4684\">Avantage:<\/strong> Structure compacte, excellente maniabilit\u00e9, fonctionnement silencieux et sans vibrations, respect des sols, longue dur\u00e9e de vie et installation facile<\/p>\n<hr data-start=\"4839\" data-end=\"4842\" \/>\n<p data-start=\"4844\" data-end=\"5332\">\n","protected":false},"featured_media":15953,"template":"","meta":[],"product_brand":[],"product_cat":[398,400],"product_tag":[],"class_list":{"0":"post-8358","1":"product","2":"type-product","3":"status-publish","4":"has-post-thumbnail","6":"product_cat-catal-tekeri-ceo","7":"product_cat-catal-tekeri","9":"first","10":"instock","11":"taxable","12":"shipping-taxable","13":"purchasable","14":"product-type-simple"},"_links":{"self":[{"href":"https:\/\/ceoparts.com\/fr\/wp-json\/wp\/v2\/product\/8358","targetHints":{"allow":["GET"]}}],"collection":[{"href":"https:\/\/ceoparts.com\/fr\/wp-json\/wp\/v2\/product"}],"about":[{"href":"https:\/\/ceoparts.com\/fr\/wp-json\/wp\/v2\/types\/product"}],"wp:featuredmedia":[{"embeddable":true,"href":"https:\/\/ceoparts.com\/fr\/wp-json\/wp\/v2\/media\/15953"}],"wp:attachment":[{"href":"https:\/\/ceoparts.com\/fr\/wp-json\/wp\/v2\/media?parent=8358"}],"wp:term":[{"taxonomy":"product_brand","embeddable":true,"href":"https:\/\/ceoparts.com\/fr\/wp-json\/wp\/v2\/product_brand?post=8358"},{"taxonomy":"product_cat","embeddable":true,"href":"https:\/\/ceoparts.com\/fr\/wp-json\/wp\/v2\/product_cat?post=8358"},{"taxonomy":"product_tag","embeddable":true,"href":"https:\/\/ceoparts.com\/fr\/wp-json\/wp\/v2\/product_tag?post=8358"}],"curies":[{"name":"wp","href":"https:\/\/api.w.org\/{rel}","templated":true}]}}