{"id":8360,"date":"2021-02-14T21:37:46","date_gmt":"2021-02-14T18:37:46","guid":{"rendered":"https:\/\/ceoparts.com\/?post_type=product&#038;p=8360"},"modified":"2026-05-16T18:10:13","modified_gmt":"2026-05-16T15:10:13","slug":"85x45-45-20-yuk-tekeri","status":"publish","type":"product","link":"https:\/\/ceoparts.com\/fr\/urun\/85x45-45-20-yuk-tekeri\/","title":{"rendered":"85&#215;45\/45-20 Ceoparts Roulettes charge"},"content":{"rendered":"<p>85&#215;45\/45-20 Ceoparts Roulettes charge<\/p>","protected":false},"excerpt":{"rendered":"<p data-start=\"99\" data-end=\"550\"><br data-start=\"3544\" data-end=\"3547\" \/>La <strong data-start=\"3550\" data-end=\"3593\">Roulette de charge 85\u00d745\/45-20 Ceoparts<\/strong> est une roulette durable et respectueuse du sol, con\u00e7ue pour les op\u00e9rations de manutention l\u00e9g\u00e8res et moyennes sur chariots \u00e9l\u00e9vateurs et gerbeurs. Sa structure compacte permet une excellente maniabilit\u00e9 dans les espaces restreints. Son rev\u00eatement en polyur\u00e9thane ou caoutchouc de haute qualit\u00e9 garantit un fonctionnement silencieux et sans vibrations. Fabrication Ceoparts pour une utilisation longue dur\u00e9e et fiable.<\/p>\n<p data-start=\"4014\" data-end=\"4474\"><strong data-start=\"4014\" data-end=\"4034\">Caract\u00e9ristiques<\/strong><br data-start=\"4034\" data-end=\"4037\" \/><strong data-start=\"4037\" data-end=\"4056\">Nom du produit:<\/strong> Roulette de charge 85\u00d745\/45-20 Ceoparts<br data-start=\"4096\" data-end=\"4099\" \/><strong data-start=\"4099\" data-end=\"4119\">Num\u00e9ro de pi\u00e8ce:<\/strong> &#8211;<br data-start=\"4121\" data-end=\"4124\" \/><strong data-start=\"4124\" data-end=\"4137\">Mat\u00e9riau:<\/strong> Noyau m\u00e9tallique robuste, rev\u00eatement en polyur\u00e9thane ou caoutchouc r\u00e9sistant<br data-start=\"4214\" data-end=\"4217\" \/><strong data-start=\"4217\" data-end=\"4233\">Application:<\/strong> Syst\u00e8mes de charge pour chariots \u00e9l\u00e9vateurs et gerbeurs<br data-start=\"4289\" data-end=\"4292\" \/><strong data-start=\"4292\" data-end=\"4305\">Avantage:<\/strong> Structure compacte, excellente maniabilit\u00e9 en espace restreint, fonctionnement silencieux et sans vibrations, protection des sols, longue dur\u00e9e de vie, montage facile<\/p>\n<hr data-start=\"4476\" data-end=\"4479\" \/>\n<p data-start=\"4481\" data-end=\"4932\">\n","protected":false},"featured_media":15952,"template":"","meta":[],"product_brand":[],"product_cat":[395,398,400],"product_tag":[],"class_list":{"0":"post-8360","1":"product","2":"type-product","3":"status-publish","4":"has-post-thumbnail","6":"product_cat-ceoparts","7":"product_cat-catal-tekeri-ceo","8":"product_cat-catal-tekeri","10":"first","11":"instock","12":"taxable","13":"shipping-taxable","14":"purchasable","15":"product-type-simple"},"_links":{"self":[{"href":"https:\/\/ceoparts.com\/fr\/wp-json\/wp\/v2\/product\/8360","targetHints":{"allow":["GET"]}}],"collection":[{"href":"https:\/\/ceoparts.com\/fr\/wp-json\/wp\/v2\/product"}],"about":[{"href":"https:\/\/ceoparts.com\/fr\/wp-json\/wp\/v2\/types\/product"}],"wp:featuredmedia":[{"embeddable":true,"href":"https:\/\/ceoparts.com\/fr\/wp-json\/wp\/v2\/media\/15952"}],"wp:attachment":[{"href":"https:\/\/ceoparts.com\/fr\/wp-json\/wp\/v2\/media?parent=8360"}],"wp:term":[{"taxonomy":"product_brand","embeddable":true,"href":"https:\/\/ceoparts.com\/fr\/wp-json\/wp\/v2\/product_brand?post=8360"},{"taxonomy":"product_cat","embeddable":true,"href":"https:\/\/ceoparts.com\/fr\/wp-json\/wp\/v2\/product_cat?post=8360"},{"taxonomy":"product_tag","embeddable":true,"href":"https:\/\/ceoparts.com\/fr\/wp-json\/wp\/v2\/product_tag?post=8360"}],"curies":[{"name":"wp","href":"https:\/\/api.w.org\/{rel}","templated":true}]}}