{"id":8362,"date":"2021-02-14T21:43:22","date_gmt":"2021-02-14T18:43:22","guid":{"rendered":"https:\/\/ceoparts.com\/?post_type=product&#038;p=8362"},"modified":"2026-05-16T17:05:26","modified_gmt":"2026-05-16T14:05:26","slug":"85x60-65-20-yuk-tekeri","status":"publish","type":"product","link":"https:\/\/ceoparts.com\/fr\/urun\/85x60-65-20-yuk-tekeri\/","title":{"rendered":"85&#215;60\/65-20 Ceoparts Roulettes charge &#8211; Linde 0039903500, 0039903584"},"content":{"rendered":"<p>85&#215;60\/65-20 Ceoparts Roulettes charge &#8211; Linde 0039903500, 0039903584<\/p>\n<p>361 T16\/T20X<\/p>\n<p>362 T20\/30<\/p>\n<p>365 L14\/16\/L14AP\/16AP<\/p>\n<p>377 N20\/N20H<\/p>","protected":false},"excerpt":{"rendered":"<p data-start=\"142\" data-end=\"658\"><br data-start=\"3773\" data-end=\"3776\" \/>La <strong data-start=\"3779\" data-end=\"3822\">Roulette de charge 85\u00d760\/65-20 Ceoparts<\/strong> est une roulette de charge haute performance con\u00e7ue pour des op\u00e9rations intensives sur chariots \u00e9l\u00e9vateurs et gerbeurs. Cette roulette de qualit\u00e9 sup\u00e9rieure est parfaitement compatible avec les chariots \u00e9l\u00e9vateurs <strong data-start=\"4037\" data-end=\"4046\">Linde<\/strong>. Son noyau m\u00e9tallique robuste et son rev\u00eatement en polyur\u00e9thane ou caoutchouc assurent un fonctionnement silencieux, stable et durable, tout en pr\u00e9servant le sol de votre environnement de travail.<\/p>\n<p data-start=\"4245\" data-end=\"4730\"><strong data-start=\"4245\" data-end=\"4265\">Caract\u00e9ristiques<\/strong><br data-start=\"4265\" data-end=\"4268\" \/><strong data-start=\"4268\" data-end=\"4287\">Nom du produit:<\/strong> Roulette de charge 85\u00d760\/65-20 Ceoparts<br data-start=\"4327\" data-end=\"4330\" \/><strong data-start=\"4330\" data-end=\"4350\">Num\u00e9ro de pi\u00e8ce:<\/strong> Linde 0039903500, 0039903584<br data-start=\"4379\" data-end=\"4382\" \/><strong data-start=\"4382\" data-end=\"4395\">Mat\u00e9riau:<\/strong> Noyau m\u00e9tallique robuste, rev\u00eatement en polyur\u00e9thane ou caoutchouc r\u00e9sistant<br data-start=\"4472\" data-end=\"4475\" \/><strong data-start=\"4475\" data-end=\"4491\">Application:<\/strong> Syst\u00e8mes de charge pour chariots \u00e9l\u00e9vateurs et gerbeurs<br data-start=\"4547\" data-end=\"4550\" \/><strong data-start=\"4550\" data-end=\"4563\">Avantage:<\/strong> Compatible Linde, haute capacit\u00e9 de charge, longue dur\u00e9e de vie, fonctionnement silencieux et sans vibrations, respectueux du sol, installation et entretien faciles<\/p>\n<hr data-start=\"4732\" data-end=\"4735\" \/>\n<p data-start=\"4737\" data-end=\"5162\">\n","protected":false},"featured_media":15973,"template":"","meta":[],"product_brand":[],"product_cat":[246,248,398,400],"product_tag":[],"class_list":{"0":"post-8362","1":"product","2":"type-product","3":"status-publish","4":"has-post-thumbnail","6":"product_cat-linde","7":"product_cat-catal-tekeri-linde","8":"product_cat-catal-tekeri-ceo","9":"product_cat-catal-tekeri","11":"first","12":"instock","13":"taxable","14":"shipping-taxable","15":"purchasable","16":"product-type-simple"},"_links":{"self":[{"href":"https:\/\/ceoparts.com\/fr\/wp-json\/wp\/v2\/product\/8362","targetHints":{"allow":["GET"]}}],"collection":[{"href":"https:\/\/ceoparts.com\/fr\/wp-json\/wp\/v2\/product"}],"about":[{"href":"https:\/\/ceoparts.com\/fr\/wp-json\/wp\/v2\/types\/product"}],"wp:featuredmedia":[{"embeddable":true,"href":"https:\/\/ceoparts.com\/fr\/wp-json\/wp\/v2\/media\/15973"}],"wp:attachment":[{"href":"https:\/\/ceoparts.com\/fr\/wp-json\/wp\/v2\/media?parent=8362"}],"wp:term":[{"taxonomy":"product_brand","embeddable":true,"href":"https:\/\/ceoparts.com\/fr\/wp-json\/wp\/v2\/product_brand?post=8362"},{"taxonomy":"product_cat","embeddable":true,"href":"https:\/\/ceoparts.com\/fr\/wp-json\/wp\/v2\/product_cat?post=8362"},{"taxonomy":"product_tag","embeddable":true,"href":"https:\/\/ceoparts.com\/fr\/wp-json\/wp\/v2\/product_tag?post=8362"}],"curies":[{"name":"wp","href":"https:\/\/api.w.org\/{rel}","templated":true}]}}