{"id":8367,"date":"2021-02-14T22:23:47","date_gmt":"2021-02-14T19:23:47","guid":{"rendered":"https:\/\/ceoparts.com\/?post_type=product&#038;p=8367"},"modified":"2026-05-16T14:01:05","modified_gmt":"2026-05-16T11:01:05","slug":"85x70-75-12-yuk-tekeri","status":"publish","type":"product","link":"https:\/\/ceoparts.com\/fr\/urun\/85x70-75-12-yuk-tekeri\/","title":{"rendered":"85&#215;70\/75-12 Ceoparts Roulettes charge &#8211; 77800066 , 50454245"},"content":{"rendered":"<p>85&#215;70\/75-12 Ceoparts Roulettes charge &#8211; 77800066 , 50454245<\/p>\n<p>EMC\/EMB 10 &#8211; 5.96 &#8211; 2.00<br \/>\nEMC 110 &#8211; 5.04 &#8211; 11.09<br \/>\nEMC 110 (US) &#8211; 10.06 &#8211;<br \/>\nEMC 10 (BOSS) &#8211; 3.00 &#8211; 12.01<\/p>","protected":false},"excerpt":{"rendered":"<p data-start=\"121\" data-end=\"562\"><br data-start=\"3391\" data-end=\"3394\" \/>La <strong data-start=\"3397\" data-end=\"3440\">Roulette de charge 85\u00d770\/75-12 Ceoparts<\/strong> est une roulette de charge de haute qualit\u00e9, sp\u00e9cialement con\u00e7ue pour les chariots \u00e9l\u00e9vateurs et les gerbeurs. Fabriqu\u00e9e par Ceoparts, elle dispose d\u2019un noyau m\u00e9tallique robuste et d\u2019un rev\u00eatement en caoutchouc ou polyur\u00e9thane r\u00e9sistant \u00e0 l\u2019usure, offrant une utilisation silencieuse et sans vibrations. Parfaite pour les espaces \u00e9troits et les zones de travail exigeantes.<\/p>\n<p data-start=\"3816\" data-end=\"4263\"><strong data-start=\"3816\" data-end=\"3836\">Caract\u00e9ristiques<\/strong><br data-start=\"3836\" data-end=\"3839\" \/><strong data-start=\"3839\" data-end=\"3858\">Nom du produit:<\/strong> Roulette de charge 85\u00d770\/75-12 Ceoparts<br data-start=\"3898\" data-end=\"3901\" \/><strong data-start=\"3901\" data-end=\"3921\">Num\u00e9ro de pi\u00e8ce:<\/strong> 77800066,50454245<br data-start=\"3940\" data-end=\"3943\" \/><strong data-start=\"3943\" data-end=\"3956\">Mat\u00e9riau:<\/strong> Noyau m\u00e9tallique robuste, rev\u00eatement en caoutchouc ou polyur\u00e9thane<br data-start=\"4023\" data-end=\"4026\" \/><strong data-start=\"4026\" data-end=\"4042\">Application:<\/strong> Syst\u00e8mes de charge pour chariots \u00e9l\u00e9vateurs et gerbeurs<br data-start=\"4098\" data-end=\"4101\" \/><strong data-start=\"4101\" data-end=\"4114\">Avantage:<\/strong> Haute durabilit\u00e9, longue dur\u00e9e de vie, fonctionnement silencieux et sans vibrations, forte capacit\u00e9 de charge, installation et maintenance faciles<\/p>\n<hr data-start=\"4265\" data-end=\"4268\" \/>\n<p data-start=\"4270\" data-end=\"4694\">\n","protected":false},"featured_media":15991,"template":"","meta":[],"product_brand":[],"product_cat":[398,400],"product_tag":[],"class_list":{"0":"post-8367","1":"product","2":"type-product","3":"status-publish","4":"has-post-thumbnail","6":"product_cat-catal-tekeri-ceo","7":"product_cat-catal-tekeri","9":"first","10":"instock","11":"taxable","12":"shipping-taxable","13":"purchasable","14":"product-type-simple"},"_links":{"self":[{"href":"https:\/\/ceoparts.com\/fr\/wp-json\/wp\/v2\/product\/8367","targetHints":{"allow":["GET"]}}],"collection":[{"href":"https:\/\/ceoparts.com\/fr\/wp-json\/wp\/v2\/product"}],"about":[{"href":"https:\/\/ceoparts.com\/fr\/wp-json\/wp\/v2\/types\/product"}],"wp:featuredmedia":[{"embeddable":true,"href":"https:\/\/ceoparts.com\/fr\/wp-json\/wp\/v2\/media\/15991"}],"wp:attachment":[{"href":"https:\/\/ceoparts.com\/fr\/wp-json\/wp\/v2\/media?parent=8367"}],"wp:term":[{"taxonomy":"product_brand","embeddable":true,"href":"https:\/\/ceoparts.com\/fr\/wp-json\/wp\/v2\/product_brand?post=8367"},{"taxonomy":"product_cat","embeddable":true,"href":"https:\/\/ceoparts.com\/fr\/wp-json\/wp\/v2\/product_cat?post=8367"},{"taxonomy":"product_tag","embeddable":true,"href":"https:\/\/ceoparts.com\/fr\/wp-json\/wp\/v2\/product_tag?post=8367"}],"curies":[{"name":"wp","href":"https:\/\/api.w.org\/{rel}","templated":true}]}}