{"id":8368,"date":"2021-02-14T22:24:49","date_gmt":"2021-02-14T19:24:49","guid":{"rendered":"https:\/\/ceoparts.com\/?post_type=product&#038;p=8368"},"modified":"2026-05-03T04:40:26","modified_gmt":"2026-05-03T01:40:26","slug":"85x70-17-yuk-tekeri","status":"publish","type":"product","link":"https:\/\/ceoparts.com\/fr\/urun\/85x70-17-yuk-tekeri\/","title":{"rendered":"85&#215;70\/75-17 Ceoparts Roulettes charge &#8211; 167607 , 200968"},"content":{"rendered":"<p>85&#215;70\/75-17 Ceoparts Roulettes charge &#8211; 167607 , 200968<\/p>\n<p>BT L2000<br \/>\nBT L23<br \/>\nBT OSE 120<br \/>\nBT HWE 100<br \/>\nBT LWE 140LEVIO<br \/>\nBT LWE 160 LEVIO<br \/>\nBT LWE 180<br \/>\nBT LWE 200 N<br \/>\nBT MP14<br \/>\nBT PPT 1400 MX<br \/>\nBT PPT 1600 MX<br \/>\nBT PPT 2000MMD<br \/>\nBT W18 Orion<br \/>\nBT W20N<\/p>","protected":false},"excerpt":{"rendered":"<p data-start=\"123\" data-end=\"564\"><br data-start=\"3479\" data-end=\"3482\" \/>La <strong data-start=\"3485\" data-end=\"3528\">Roulette de charge 85\u00d770\/75-17 Ceoparts<\/strong> est une roulette de charge de haute qualit\u00e9 con\u00e7ue pour les op\u00e9rations de manutention intensives sur chariots \u00e9l\u00e9vateurs et gerbeurs. Fabriqu\u00e9e par Ceoparts, cette roulette dispose d\u2019un noyau m\u00e9tallique robuste et d\u2019un rev\u00eatement en caoutchouc ou polyur\u00e9thane r\u00e9sistant \u00e0 l\u2019usure, garantissant une utilisation durable, silencieuse et stable. Id\u00e9ale pour les espaces restreints et les environnements exigeants.<\/p>\n<p data-start=\"3940\" data-end=\"4398\"><strong data-start=\"3940\" data-end=\"3960\">Caract\u00e9ristiques<\/strong><br data-start=\"3960\" data-end=\"3963\" \/><strong data-start=\"3963\" data-end=\"3982\">Nom du produit:<\/strong> Roulette de charge 85\u00d770\/75-17 Ceoparts<br data-start=\"4022\" data-end=\"4025\" \/><strong data-start=\"4025\" data-end=\"4045\">Num\u00e9ro de pi\u00e8ce:<\/strong> 167607, 200968<br data-start=\"4060\" data-end=\"4063\" \/><strong data-start=\"4063\" data-end=\"4076\">Mat\u00e9riau:<\/strong> Noyau m\u00e9tallique robuste, rev\u00eatement en caoutchouc ou polyur\u00e9thane<br data-start=\"4143\" data-end=\"4146\" \/><strong data-start=\"4146\" data-end=\"4162\">Application:<\/strong> Syst\u00e8me de charge pour chariots \u00e9l\u00e9vateurs, gerbeurs et machines lourdes<br data-start=\"4235\" data-end=\"4238\" \/><strong data-start=\"4238\" data-end=\"4251\">Avantage:<\/strong> Grande durabilit\u00e9, longue dur\u00e9e de vie, fonctionnement silencieux sans vibrations, forte capacit\u00e9 de charge, installation et maintenance faciles<\/p>\n<hr data-start=\"4400\" data-end=\"4403\" \/>\n<p data-start=\"4405\" data-end=\"4841\">\n","protected":false},"featured_media":15994,"template":"","meta":[],"product_brand":[],"product_cat":[251,253,398,400],"product_tag":[],"class_list":{"0":"post-8368","1":"product","2":"type-product","3":"status-publish","4":"has-post-thumbnail","6":"product_cat-bt","7":"product_cat-catal-tekeri-bt","8":"product_cat-catal-tekeri-ceo","9":"product_cat-catal-tekeri","11":"first","12":"instock","13":"taxable","14":"shipping-taxable","15":"purchasable","16":"product-type-simple"},"_links":{"self":[{"href":"https:\/\/ceoparts.com\/fr\/wp-json\/wp\/v2\/product\/8368","targetHints":{"allow":["GET"]}}],"collection":[{"href":"https:\/\/ceoparts.com\/fr\/wp-json\/wp\/v2\/product"}],"about":[{"href":"https:\/\/ceoparts.com\/fr\/wp-json\/wp\/v2\/types\/product"}],"wp:featuredmedia":[{"embeddable":true,"href":"https:\/\/ceoparts.com\/fr\/wp-json\/wp\/v2\/media\/15994"}],"wp:attachment":[{"href":"https:\/\/ceoparts.com\/fr\/wp-json\/wp\/v2\/media?parent=8368"}],"wp:term":[{"taxonomy":"product_brand","embeddable":true,"href":"https:\/\/ceoparts.com\/fr\/wp-json\/wp\/v2\/product_brand?post=8368"},{"taxonomy":"product_cat","embeddable":true,"href":"https:\/\/ceoparts.com\/fr\/wp-json\/wp\/v2\/product_cat?post=8368"},{"taxonomy":"product_tag","embeddable":true,"href":"https:\/\/ceoparts.com\/fr\/wp-json\/wp\/v2\/product_tag?post=8368"}],"curies":[{"name":"wp","href":"https:\/\/api.w.org\/{rel}","templated":true}]}}