{"id":8370,"date":"2021-02-14T22:27:40","date_gmt":"2021-02-14T19:27:40","guid":{"rendered":"https:\/\/ceoparts.com\/?post_type=product&#038;p=8370"},"modified":"2026-05-16T11:44:34","modified_gmt":"2026-05-16T08:44:34","slug":"85x70-75-20-yuk-tekeri","status":"publish","type":"product","link":"https:\/\/ceoparts.com\/fr\/urun\/85x70-75-20-yuk-tekeri\/","title":{"rendered":"85&#215;70\/75-20 Ceoparts Roulettes charge &#8211; 50440837 , 277548200 , 0039903507"},"content":{"rendered":"<p>85&#215;70\/75-20 Ceoparts Roulettes charge &#8211; 50440837 , 277548200 , 0039903507<\/p>\n<p>ERE 120 \u2013 9.05 \u2013 10.07<br \/>\nERE 120n \u2013 9.09 &#8211;<br \/>\nERE 120 (Qingpu) \u2013 9.06 \u2013 12.08<br \/>\nERE 120 (Qingpu) \u2013 1.09 \u2013 8.09<br \/>\nERE 120 \u2013 6.08 &#8211;<\/p>\n<p>ERD \u2013 10.09 &#8211;<\/p>\n<p>ELS 18 \u2013 7.96 \u2013 4.04<br \/>\nELS 12 \u2013 2.03 \u2013 12.03<\/p>\n<p>ELE 16-20 ac \u2013 9.02 \u2013 8.03<br \/>\nELE 16-20 \u2013 4.96 \u2013 8.02<\/p>\n<p>EJE C20 \u2013 10.07 &#8211;<br \/>\nEJE 135\/145 \u2013 9.03 \u2013 10.06<br \/>\nEJE 116\/120 (Qingpu) \u2013 9.06 \u2013 9.07<br \/>\nEJE 116\/118\/120 \u2013 9.03 \u2013 10.07<\/p>\n<p>EJD K18 \u2013 6.08 &#8211;<\/p>\n<p>ECE 118 \u2013 4.10 &#8211;<br \/>\nECE 118 \u2013 12.06 \u2013 3.10<\/p>\n<p>CROWN WS 2300<\/p>","protected":false},"excerpt":{"rendered":"<p data-start=\"152\" data-end=\"581\"><br data-start=\"3604\" data-end=\"3607\" \/>La <strong data-start=\"3610\" data-end=\"3653\">Roulette de charge 85\u00d770\/75-20 Ceoparts<\/strong> est une roulette de charge de haute qualit\u00e9 et durable utilis\u00e9e dans les chariots \u00e9l\u00e9vateurs et les machines lourdes pour les op\u00e9rations de manutention intensives. Fabriqu\u00e9e par Ceoparts, elle dispose d\u2019un noyau m\u00e9tallique robuste et d\u2019un rev\u00eatement en caoutchouc ou polyur\u00e9thane r\u00e9sistant \u00e0 l\u2019usure, garantissant une utilisation silencieuse, sans vibration et durable. Elle am\u00e9liore la capacit\u00e9 de charge et la performance des chariots \u00e9l\u00e9vateurs.<\/p>\n<p data-start=\"4104\" data-end=\"4571\"><strong data-start=\"4104\" data-end=\"4124\">Caract\u00e9ristiques<\/strong><br data-start=\"4124\" data-end=\"4127\" \/><strong data-start=\"4127\" data-end=\"4146\">Nom du produit:<\/strong> Roulette de charge 85\u00d770\/75-20 Ceoparts<br data-start=\"4186\" data-end=\"4189\" \/><strong data-start=\"4189\" data-end=\"4209\">Num\u00e9ro de pi\u00e8ce:<\/strong> 50440837, 277548200, 0039903507<br data-start=\"4241\" data-end=\"4244\" \/><strong data-start=\"4244\" data-end=\"4257\">Mat\u00e9riau:<\/strong> Noyau m\u00e9tallique robuste, rev\u00eatement en caoutchouc ou polyur\u00e9thane<br data-start=\"4324\" data-end=\"4327\" \/><strong data-start=\"4327\" data-end=\"4343\">Application:<\/strong> Syst\u00e8me de charge pour chariots \u00e9l\u00e9vateurs et machines lourdes<br data-start=\"4406\" data-end=\"4409\" \/><strong data-start=\"4409\" data-end=\"4422\">Avantage:<\/strong> Grande durabilit\u00e9, longue dur\u00e9e de vie, fonctionnement silencieux et sans vibration, forte capacit\u00e9 de charge, installation et maintenance faciles<\/p>\n<hr data-start=\"4573\" data-end=\"4576\" \/>\n<p data-start=\"4578\" data-end=\"5067\">\n","protected":false},"featured_media":15997,"template":"","meta":[],"product_brand":[],"product_cat":[272,274,398,400],"product_tag":[],"class_list":{"0":"post-8370","1":"product","2":"type-product","3":"status-publish","4":"has-post-thumbnail","6":"product_cat-crown","7":"product_cat-catal-tekeri-crown","8":"product_cat-catal-tekeri-ceo","9":"product_cat-catal-tekeri","11":"first","12":"instock","13":"taxable","14":"shipping-taxable","15":"purchasable","16":"product-type-simple"},"_links":{"self":[{"href":"https:\/\/ceoparts.com\/fr\/wp-json\/wp\/v2\/product\/8370","targetHints":{"allow":["GET"]}}],"collection":[{"href":"https:\/\/ceoparts.com\/fr\/wp-json\/wp\/v2\/product"}],"about":[{"href":"https:\/\/ceoparts.com\/fr\/wp-json\/wp\/v2\/types\/product"}],"wp:featuredmedia":[{"embeddable":true,"href":"https:\/\/ceoparts.com\/fr\/wp-json\/wp\/v2\/media\/15997"}],"wp:attachment":[{"href":"https:\/\/ceoparts.com\/fr\/wp-json\/wp\/v2\/media?parent=8370"}],"wp:term":[{"taxonomy":"product_brand","embeddable":true,"href":"https:\/\/ceoparts.com\/fr\/wp-json\/wp\/v2\/product_brand?post=8370"},{"taxonomy":"product_cat","embeddable":true,"href":"https:\/\/ceoparts.com\/fr\/wp-json\/wp\/v2\/product_cat?post=8370"},{"taxonomy":"product_tag","embeddable":true,"href":"https:\/\/ceoparts.com\/fr\/wp-json\/wp\/v2\/product_tag?post=8370"}],"curies":[{"name":"wp","href":"https:\/\/api.w.org\/{rel}","templated":true}]}}