{"id":8378,"date":"2021-02-14T22:46:13","date_gmt":"2021-02-14T19:46:13","guid":{"rendered":"https:\/\/ceoparts.com\/?post_type=product&#038;p=8378"},"modified":"2026-05-16T15:01:44","modified_gmt":"2026-05-16T12:01:44","slug":"85x75-80-20-yuk-tekeri","status":"publish","type":"product","link":"https:\/\/ceoparts.com\/fr\/urun\/85x75-80-20-yuk-tekeri\/","title":{"rendered":"85&#215;75\/80-20 Ceoparts Roulettes charge &#8211; 0009903531"},"content":{"rendered":"<p>85&#215;75\/80-20 Ceoparts Roulettes charge &#8211; 0009903531<\/p>\n<p>LINDE 0009903531<\/p>\n<p>140\u00a0T20R<\/p>\n<p>141\u00a0T20AP<br \/>\n141\u00a0T20\/30<\/p>\n<p>144\u00a0T20S\/T20SF<\/p>\n<p>149\u00a0N20\/N25\/N20L\/LI\/LX<br \/>\n149\u00a0N20V-N20VI<\/p>\n<p>360\u00a0T16\/T18\/T20\/T16L<\/p>","protected":false},"excerpt":{"rendered":"<p data-start=\"107\" data-end=\"499\"><br data-start=\"3070\" data-end=\"3073\" \/>La <strong data-start=\"3076\" data-end=\"3115\">Roue de charge 85\u00d775\/80-20 Ceoparts<\/strong> est une roue robuste et performante utilis\u00e9e dans les chariots \u00e9l\u00e9vateurs et \u00e9quipements d\u2019entrep\u00f4t. Son corps en alliage m\u00e9tallique solide et son rev\u00eatement en caoutchouc r\u00e9sistant \u00e0 l\u2019usure garantissent une utilisation durable et silencieuse. Elle offre une excellente stabilit\u00e9 et maniabilit\u00e9 dans des conditions de travail difficiles. Parfait pour la logistique, la production et les environnements industriels.<\/p>\n<p data-start=\"3533\" data-end=\"3936\"><strong data-start=\"3533\" data-end=\"3553\">Caract\u00e9ristiques<\/strong><br data-start=\"3553\" data-end=\"3556\" \/><strong data-start=\"3556\" data-end=\"3575\">Nom du produit:<\/strong> Roue de charge 85\u00d775\/80-20 Ceoparts<br data-start=\"3611\" data-end=\"3614\" \/><strong data-start=\"3614\" data-end=\"3634\">Num\u00e9ro de pi\u00e8ce:<\/strong> 0009903531<br data-start=\"3645\" data-end=\"3648\" \/><strong data-start=\"3648\" data-end=\"3661\">Mat\u00e9riau:<\/strong> Caoutchouc r\u00e9sistant \u00e0 l\u2019usure et alliage m\u00e9tallique robuste<br data-start=\"3722\" data-end=\"3725\" \/><strong data-start=\"3725\" data-end=\"3741\">Application:<\/strong> Syst\u00e8mes de manutention et stabilisation des charges pour chariots \u00e9l\u00e9vateurs<br data-start=\"3819\" data-end=\"3822\" \/><strong data-start=\"3822\" data-end=\"3835\">Avantage:<\/strong> Haute durabilit\u00e9, fonctionnement silencieux et \u00e9quilibr\u00e9, longue dur\u00e9e de vie, installation facile<\/p>\n<hr data-start=\"3938\" data-end=\"3941\" \/>\n<p data-start=\"3943\" data-end=\"4372\">\n","protected":false},"featured_media":20185,"template":"","meta":[],"product_brand":[],"product_cat":[246,248,398,400],"product_tag":[],"class_list":{"0":"post-8378","1":"product","2":"type-product","3":"status-publish","4":"has-post-thumbnail","6":"product_cat-linde","7":"product_cat-catal-tekeri-linde","8":"product_cat-catal-tekeri-ceo","9":"product_cat-catal-tekeri","11":"first","12":"instock","13":"taxable","14":"shipping-taxable","15":"purchasable","16":"product-type-simple"},"_links":{"self":[{"href":"https:\/\/ceoparts.com\/fr\/wp-json\/wp\/v2\/product\/8378","targetHints":{"allow":["GET"]}}],"collection":[{"href":"https:\/\/ceoparts.com\/fr\/wp-json\/wp\/v2\/product"}],"about":[{"href":"https:\/\/ceoparts.com\/fr\/wp-json\/wp\/v2\/types\/product"}],"wp:featuredmedia":[{"embeddable":true,"href":"https:\/\/ceoparts.com\/fr\/wp-json\/wp\/v2\/media\/20185"}],"wp:attachment":[{"href":"https:\/\/ceoparts.com\/fr\/wp-json\/wp\/v2\/media?parent=8378"}],"wp:term":[{"taxonomy":"product_brand","embeddable":true,"href":"https:\/\/ceoparts.com\/fr\/wp-json\/wp\/v2\/product_brand?post=8378"},{"taxonomy":"product_cat","embeddable":true,"href":"https:\/\/ceoparts.com\/fr\/wp-json\/wp\/v2\/product_cat?post=8378"},{"taxonomy":"product_tag","embeddable":true,"href":"https:\/\/ceoparts.com\/fr\/wp-json\/wp\/v2\/product_tag?post=8378"}],"curies":[{"name":"wp","href":"https:\/\/api.w.org\/{rel}","templated":true}]}}