{"id":8381,"date":"2021-02-14T22:52:36","date_gmt":"2021-02-14T19:52:36","guid":{"rendered":"https:\/\/ceoparts.com\/?post_type=product&#038;p=8381"},"modified":"2026-05-16T13:16:14","modified_gmt":"2026-05-16T10:16:14","slug":"85x80-82-17-yuk-tekeri","status":"publish","type":"product","link":"https:\/\/ceoparts.com\/fr\/urun\/85x80-82-17-yuk-tekeri\/","title":{"rendered":"85&#215;80\/82-17 Ceoparts Roulettes charge &#8211; 0009933902"},"content":{"rendered":"<p>85&#215;80\/82-17 Ceoparts Roulettes charge &#8211; 0009933902<\/p>\n<p>85&#215;80\/82-17 Ceoparts Roulettes charge<\/p>","protected":false},"excerpt":{"rendered":"<p data-start=\"107\" data-end=\"565\"><br data-start=\"3383\" data-end=\"3386\" \/>La <strong data-start=\"3389\" data-end=\"3428\">Roue de charge 85\u00d780\/82-17 Ceoparts<\/strong> est une roue robuste et performante con\u00e7ue pour les chariots \u00e9l\u00e9vateurs et \u00e9quipements d\u2019entrep\u00f4t. Son rev\u00eatement en caoutchouc de haute qualit\u00e9 offre une excellente r\u00e9sistance \u00e0 l\u2019usure et aux chocs. Associ\u00e9e \u00e0 un noyau m\u00e9tallique solide, elle am\u00e9liore la stabilit\u00e9 du chariot pour un fonctionnement s\u00fbr et silencieux. Elle offre une performance sup\u00e9rieure et une longue dur\u00e9e de vie dans les applications industrielles. Couramment utilis\u00e9e dans les entrep\u00f4ts et centres logistiques.<\/p>\n<p data-start=\"3915\" data-end=\"4324\"><strong data-start=\"3915\" data-end=\"3935\">Caract\u00e9ristiques<\/strong><br data-start=\"3935\" data-end=\"3938\" \/><strong data-start=\"3938\" data-end=\"3957\">Nom du produit:<\/strong> Roue de charge 85\u00d780\/82-17 Ceoparts<br data-start=\"3993\" data-end=\"3996\" \/><strong data-start=\"3996\" data-end=\"4016\">Num\u00e9ro de pi\u00e8ce:<\/strong> 0009933902<br data-start=\"4027\" data-end=\"4030\" \/><strong data-start=\"4030\" data-end=\"4043\">Mat\u00e9riau:<\/strong> Caoutchouc r\u00e9sistant \u00e0 l\u2019usure et alliage m\u00e9tallique durable<br data-start=\"4104\" data-end=\"4107\" \/><strong data-start=\"4107\" data-end=\"4123\">Application:<\/strong> Syst\u00e8mes de manutention et stabilisation des charges pour chariots \u00e9l\u00e9vateurs<br data-start=\"4201\" data-end=\"4204\" \/><strong data-start=\"4204\" data-end=\"4217\">Avantage:<\/strong> Haute durabilit\u00e9, fonctionnement silencieux et sans vibrations, longue dur\u00e9e de vie, installation facile<\/p>\n<hr data-start=\"4326\" data-end=\"4329\" \/>\n<p data-start=\"4331\" data-end=\"4839\">\n","protected":false},"featured_media":15455,"template":"","meta":[],"product_brand":[],"product_cat":[398,400],"product_tag":[],"class_list":{"0":"post-8381","1":"product","2":"type-product","3":"status-publish","4":"has-post-thumbnail","6":"product_cat-catal-tekeri-ceo","7":"product_cat-catal-tekeri","9":"first","10":"instock","11":"taxable","12":"shipping-taxable","13":"purchasable","14":"product-type-simple"},"_links":{"self":[{"href":"https:\/\/ceoparts.com\/fr\/wp-json\/wp\/v2\/product\/8381","targetHints":{"allow":["GET"]}}],"collection":[{"href":"https:\/\/ceoparts.com\/fr\/wp-json\/wp\/v2\/product"}],"about":[{"href":"https:\/\/ceoparts.com\/fr\/wp-json\/wp\/v2\/types\/product"}],"wp:featuredmedia":[{"embeddable":true,"href":"https:\/\/ceoparts.com\/fr\/wp-json\/wp\/v2\/media\/15455"}],"wp:attachment":[{"href":"https:\/\/ceoparts.com\/fr\/wp-json\/wp\/v2\/media?parent=8381"}],"wp:term":[{"taxonomy":"product_brand","embeddable":true,"href":"https:\/\/ceoparts.com\/fr\/wp-json\/wp\/v2\/product_brand?post=8381"},{"taxonomy":"product_cat","embeddable":true,"href":"https:\/\/ceoparts.com\/fr\/wp-json\/wp\/v2\/product_cat?post=8381"},{"taxonomy":"product_tag","embeddable":true,"href":"https:\/\/ceoparts.com\/fr\/wp-json\/wp\/v2\/product_tag?post=8381"}],"curies":[{"name":"wp","href":"https:\/\/api.w.org\/{rel}","templated":true}]}}