{"id":8382,"date":"2021-02-14T22:55:21","date_gmt":"2021-02-14T19:55:21","guid":{"rendered":"https:\/\/ceoparts.com\/?post_type=product&#038;p=8382"},"modified":"2026-05-16T18:35:12","modified_gmt":"2026-05-16T15:35:12","slug":"85x80-85-20-yuk-tekeri","status":"publish","type":"product","link":"https:\/\/ceoparts.com\/fr\/urun\/85x80-85-20-yuk-tekeri\/","title":{"rendered":"85&#215;80\/85-20 Ceoparts Roulettes charge &#8211; 0009903524"},"content":{"rendered":"<p>85&#215;80\/85-20 Ceoparts Roulettes charge &#8211; 0009903524<\/p>\n<table border=\"0\" width=\"229\" cellspacing=\"0\" cellpadding=\"0\">\n<colgroup><\/colgroup>\n<colgroup>\n<col width=\"81\" \/>\n<col width=\"148\" \/><\/colgroup>\n<tbody>\n<tr>\n<td class=\"xl63\" width=\"81\" height=\"20\"><span style=\"font-family: tim;\">BR<\/span><\/td>\n<td class=\"xl63\" width=\"148\"><span style=\"font-family: tim;\">Typ<\/span><\/td>\n<\/tr>\n<tr>\n<td class=\"xl63\" height=\"20\"><span style=\"font-family: tim;\">134<\/span><\/td>\n<td class=\"xl63\"><span style=\"font-family: tim;\">L 20 L\/LP<\/span><\/td>\n<\/tr>\n<tr>\n<td class=\"xl63\" height=\"20\"><span style=\"font-family: tim;\">1111<\/span><\/td>\n<td class=\"xl63\"><span style=\"font-family: tim;\">N20VI &#8211; N20VLI<\/span><\/td>\n<\/tr>\n<tr>\n<td class=\"xl63\" height=\"20\"><span style=\"font-family: tim;\">1151<\/span><\/td>\n<td class=\"xl63\"><span style=\"font-family: tim;\">T16\/T16P\/T20\/T20P<\/span><\/td>\n<\/tr>\n<tr>\n<td class=\"xl63\" height=\"20\"><span style=\"font-family: tim;\">1152<\/span><\/td>\n<td class=\"xl63\"><span style=\"font-family: tim;\">T16\/T18\/T20\/T16L<\/span><\/td>\n<\/tr>\n<tr>\n<td class=\"xl63\" height=\"20\"><span style=\"font-family: tim;\">131<\/span><\/td>\n<td class=\"xl63\"><span style=\"font-family: tim;\">T20AP\/T20SP<\/span><\/td>\n<\/tr>\n<tr>\n<td class=\"xl63\" height=\"20\"><span style=\"font-family: tim;\">131<\/span><\/td>\n<td class=\"xl63\"><span style=\"font-family: tim;\">T30<\/span><\/td>\n<\/tr>\n<tr>\n<td class=\"xl63\" height=\"20\"><span style=\"font-family: tim;\">132<\/span><\/td>\n<td class=\"xl63\"><span style=\"font-family: tim;\">N20\/N24\/N20L\/N20LI<\/span><\/td>\n<\/tr>\n<tr>\n<td class=\"xl63\" height=\"20\"><span style=\"font-family: tim;\">138<\/span><\/td>\n<td class=\"xl63\"><span style=\"font-family: tim;\">L 12\/16<\/span><\/td>\n<\/tr>\n<tr>\n<td class=\"xl63\" height=\"20\"><span style=\"font-family: tim;\">138<\/span><\/td>\n<td class=\"xl63\"><span style=\"font-family: tim;\">L 12\/16<\/span><\/td>\n<\/tr>\n<tr>\n<td class=\"xl63\" height=\"20\"><span style=\"font-family: tim;\">139<\/span><\/td>\n<td class=\"xl63\"><span style=\"font-family: tim;\">L 12\/16 S<\/span><\/td>\n<\/tr>\n<tr>\n<td class=\"xl63\" height=\"20\"><span style=\"font-family: tim;\">139<\/span><\/td>\n<td class=\"xl63\"><span style=\"font-family: tim;\">L 12\/16 S<\/span><\/td>\n<\/tr>\n<tr>\n<td class=\"xl63\" height=\"20\"><span style=\"font-family: tim;\">139<\/span><\/td>\n<td class=\"xl63\"><span style=\"font-family: tim;\">L 12\/16 S<\/span><\/td>\n<\/tr>\n<tr>\n<td class=\"xl63\" height=\"20\"><span style=\"font-family: tim;\">139<\/span><\/td>\n<td class=\"xl63\"><span style=\"font-family: tim;\">L 12\/16 R<\/span><\/td>\n<\/tr>\n<tr>\n<td class=\"xl63\" height=\"20\"><span style=\"font-family: tim;\">139<\/span><\/td>\n<td class=\"xl63\"><span style=\"font-family: tim;\">L 12\/16 R<\/span><\/td>\n<\/tr>\n<tr>\n<td class=\"xl63\" height=\"20\"><span style=\"font-family: tim;\">139<\/span><\/td>\n<td class=\"xl63\"><span style=\"font-family: tim;\">L 12\/16 R<\/span><\/td>\n<\/tr>\n<tr>\n<td class=\"xl63\" height=\"20\"><span style=\"font-family: tim;\">140<\/span><\/td>\n<td class=\"xl63\"><span style=\"font-family: tim;\">T20R<\/span><\/td>\n<\/tr>\n<tr>\n<td class=\"xl63\" height=\"20\"><span style=\"font-family: tim;\">141<\/span><\/td>\n<td class=\"xl63\"><span style=\"font-family: tim;\">T20AP<\/span><\/td>\n<\/tr>\n<tr>\n<td class=\"xl63\" height=\"20\"><span style=\"font-family: tim;\">141<\/span><\/td>\n<td class=\"xl63\"><span style=\"font-family: tim;\">T20AP<\/span><\/td>\n<\/tr>\n<tr>\n<td class=\"xl63\" height=\"20\"><span style=\"font-family: tim;\">141<\/span><\/td>\n<td class=\"xl63\"><span style=\"font-family: tim;\">T20\/30<\/span><\/td>\n<\/tr>\n<tr>\n<td class=\"xl63\" height=\"20\"><span style=\"font-family: tim;\">142<\/span><\/td>\n<td class=\"xl63\"><span style=\"font-family: tim;\">T20 S01\/S02<\/span><\/td>\n<\/tr>\n<tr>\n<td class=\"xl63\" height=\"20\"><span style=\"font-family: tim;\">144<\/span><\/td>\n<td class=\"xl63\"><span style=\"font-family: tim;\">T20S\/T20SF<\/span><\/td>\n<\/tr>\n<tr>\n<td class=\"xl63\" height=\"20\"><span style=\"font-family: tim;\">149<\/span><\/td>\n<td class=\"xl63\"><span style=\"font-family: tim;\">N20\/N25\/N20L\/LI\/LX<\/span><\/td>\n<\/tr>\n<tr>\n<td class=\"xl63\" height=\"20\"><span style=\"font-family: tim;\">149<\/span><\/td>\n<td class=\"xl63\"><span style=\"font-family: tim;\">N20V-N20VI<\/span><\/td>\n<\/tr>\n<tr>\n<td class=\"xl63\" height=\"20\"><span style=\"font-family: tim;\">360<\/span><\/td>\n<td class=\"xl63\"><span style=\"font-family: tim;\">T16\/T18\/T20\/T16L<\/span><\/td>\n<\/tr>\n<\/tbody>\n<\/table>\n<p>&nbsp;<\/p>\n<p>Crown<\/p>\n<p>WP2300S , WP2300, WP2000S, WP2000<\/p>","protected":false},"excerpt":{"rendered":"<p data-start=\"111\" data-end=\"604\"><br data-start=\"3499\" data-end=\"3502\" \/>La <strong data-start=\"3505\" data-end=\"3544\">Roue de charge 85\u00d780\/85-20 Ceoparts<\/strong> est une roue de charge robuste et durable, con\u00e7ue pour les chariots \u00e9l\u00e9vateurs et \u00e9quipements d\u2019entrep\u00f4t. Son noyau m\u00e9tallique solide et son rev\u00eatement en caoutchouc sp\u00e9cial r\u00e9sistant \u00e0 l\u2019usure garantissent un fonctionnement silencieux, stable et sans vibrations, m\u00eame dans des conditions d\u2019utilisation intensives. Sa grande capacit\u00e9 de charge et son excellente adh\u00e9rence au sol am\u00e9liorent la maniabilit\u00e9 et la s\u00e9curit\u00e9 d\u2019utilisation des chariots. Parfaite pour les entrep\u00f4ts, unit\u00e9s de production et applications industrielles.<\/p>\n<p data-start=\"4075\" data-end=\"4472\"><strong data-start=\"4075\" data-end=\"4095\">Caract\u00e9ristiques<\/strong><br data-start=\"4095\" data-end=\"4098\" \/><strong data-start=\"4098\" data-end=\"4117\">Nom du produit:<\/strong> Roue de charge 85\u00d780\/85-20 Ceoparts<br data-start=\"4153\" data-end=\"4156\" \/><strong data-start=\"4156\" data-end=\"4176\">Num\u00e9ro de pi\u00e8ce:<\/strong> 0009903524<br data-start=\"4187\" data-end=\"4190\" \/><strong data-start=\"4190\" data-end=\"4203\">Mat\u00e9riau:<\/strong> Caoutchouc r\u00e9sistant \u00e0 l\u2019usure et alliage m\u00e9tallique robuste<br data-start=\"4264\" data-end=\"4267\" \/><strong data-start=\"4267\" data-end=\"4283\">Application:<\/strong> Syst\u00e8mes de manutention pour chariots \u00e9l\u00e9vateurs<br data-start=\"4332\" data-end=\"4335\" \/><strong data-start=\"4335\" data-end=\"4348\">Avantage:<\/strong> Haute r\u00e9sistance aux chocs et \u00e0 l\u2019usure, fonctionnement silencieux et \u00e9quilibr\u00e9, longue dur\u00e9e de vie, installation facile<\/p>\n<hr data-start=\"4474\" data-end=\"4477\" \/>\n<p data-start=\"4479\" data-end=\"5031\">\n","protected":false},"featured_media":20192,"template":"","meta":[],"product_brand":[],"product_cat":[272,274,398,400],"product_tag":[],"class_list":{"0":"post-8382","1":"product","2":"type-product","3":"status-publish","4":"has-post-thumbnail","6":"product_cat-crown","7":"product_cat-catal-tekeri-crown","8":"product_cat-catal-tekeri-ceo","9":"product_cat-catal-tekeri","11":"first","12":"instock","13":"taxable","14":"shipping-taxable","15":"purchasable","16":"product-type-simple"},"_links":{"self":[{"href":"https:\/\/ceoparts.com\/fr\/wp-json\/wp\/v2\/product\/8382","targetHints":{"allow":["GET"]}}],"collection":[{"href":"https:\/\/ceoparts.com\/fr\/wp-json\/wp\/v2\/product"}],"about":[{"href":"https:\/\/ceoparts.com\/fr\/wp-json\/wp\/v2\/types\/product"}],"wp:featuredmedia":[{"embeddable":true,"href":"https:\/\/ceoparts.com\/fr\/wp-json\/wp\/v2\/media\/20192"}],"wp:attachment":[{"href":"https:\/\/ceoparts.com\/fr\/wp-json\/wp\/v2\/media?parent=8382"}],"wp:term":[{"taxonomy":"product_brand","embeddable":true,"href":"https:\/\/ceoparts.com\/fr\/wp-json\/wp\/v2\/product_brand?post=8382"},{"taxonomy":"product_cat","embeddable":true,"href":"https:\/\/ceoparts.com\/fr\/wp-json\/wp\/v2\/product_cat?post=8382"},{"taxonomy":"product_tag","embeddable":true,"href":"https:\/\/ceoparts.com\/fr\/wp-json\/wp\/v2\/product_tag?post=8382"}],"curies":[{"name":"wp","href":"https:\/\/api.w.org\/{rel}","templated":true}]}}