{"id":8383,"date":"2021-02-14T22:56:41","date_gmt":"2021-02-14T19:56:41","guid":{"rendered":"https:\/\/ceoparts.com\/?post_type=product&#038;p=8383"},"modified":"2026-05-16T19:51:51","modified_gmt":"2026-05-16T16:51:51","slug":"85x80-85-25-yuk-tekeri","status":"publish","type":"product","link":"https:\/\/ceoparts.com\/fr\/urun\/85x80-85-25-yuk-tekeri\/","title":{"rendered":"85&#215;80\/85-25 Ceoparts Roulettes charge &#8211; 27631380"},"content":{"rendered":"<p>85&#215;80\/85-25 Ceoparts Roulettes charge &#8211; 27631380<\/p>\n<p>Jungheinrich 0763138, 2763138, 27631380, 27623820, 27623900, 63143540, 63145510, 63145550<\/p>\n<p>ECC 10 5.94 &#8211; 3.98<br \/>\nECC 10 4.98 &#8211; 4.98<br \/>\nEJC 12,5 9.92 &#8211; 7.93<br \/>\nEJC 12-16 7.96 &#8211; 4.98<br \/>\nEJC 16 10.88 &#8211; 10.92<br \/>\nEJC 16 11.92 &#8211; 7.93<br \/>\nEJC-L 08\/10 12.89 &#8211; 3.92<br \/>\nEJC-L 10 5.93 &#8211; 7.93<br \/>\nEJC-L 10 5.94 &#8211; 6.96<br \/>\nEJC-L 10 7.96 &#8211; 9.97<br \/>\nEJC-Z 12,5 10.88 &#8211; 12.92<br \/>\nEJE\/-R 18-24 5.94 &#8211; 5.96<br \/>\nEKC 12,5 \/ 16 2.95 &#8211; 12.99<br \/>\nEKC 12,5 \/ 16 1.00 &#8211; 4.04<br \/>\nEKC 20 5.04 &#8211; 12.04<br \/>\nEKE 20\/30 +L 5.82 &#8211; 12.90<br \/>\nERC 12-16 10.94 &#8211; 3.01<br \/>\nESC 2 1.05 &#8211; 7.09<br \/>\nKmS 2\/3\/4 Z 1.89 &#8211; 9.89<\/p>","protected":false},"excerpt":{"rendered":"<p data-start=\"109\" data-end=\"682\"><br data-start=\"3728\" data-end=\"3731\" \/>La <strong data-start=\"3734\" data-end=\"3773\">Roue de charge 85\u00d780\/85-25 Ceoparts<\/strong> est une pi\u00e8ce de rechange hautes performances et durable, con\u00e7ue pour les syst\u00e8mes de manutention de charges lourdes sur chariots \u00e9l\u00e9vateurs et \u00e9quipements d\u2019entrep\u00f4t. Gr\u00e2ce \u00e0 son noyau en alliage m\u00e9tallique robuste et son rev\u00eatement en caoutchouc sp\u00e9cial r\u00e9sistant aux chocs et \u00e0 l\u2019usure, elle offre un fonctionnement silencieux, stable et sans vibrations m\u00eame dans des conditions de travail exigeantes. Sa grande capacit\u00e9 de charge et son excellente adh\u00e9rence au sol am\u00e9liorent la maniabilit\u00e9 et garantissent des op\u00e9rations s\u00fbres et efficaces. Parfait pour les entrep\u00f4ts, centres logistiques et sites industriels.<\/p>\n<p data-start=\"4391\" data-end=\"4786\"><strong data-start=\"4391\" data-end=\"4411\">Caract\u00e9ristiques<\/strong><br data-start=\"4411\" data-end=\"4414\" \/><strong data-start=\"4414\" data-end=\"4433\">Nom du produit:<\/strong> Roue de charge 85\u00d780\/85-25 Ceoparts<br data-start=\"4469\" data-end=\"4472\" \/><strong data-start=\"4472\" data-end=\"4492\">Num\u00e9ro de pi\u00e8ce:<\/strong> 27631380<br data-start=\"4501\" data-end=\"4504\" \/><strong data-start=\"4504\" data-end=\"4517\">Mat\u00e9riau:<\/strong> Caoutchouc r\u00e9sistant \u00e0 l\u2019usure et alliage m\u00e9tallique robuste<br data-start=\"4578\" data-end=\"4581\" \/><strong data-start=\"4581\" data-end=\"4597\">Application:<\/strong> Syst\u00e8mes de manutention pour chariots \u00e9l\u00e9vateurs<br data-start=\"4646\" data-end=\"4649\" \/><strong data-start=\"4649\" data-end=\"4662\">Avantage:<\/strong> Haute r\u00e9sistance aux chocs et \u00e0 l\u2019usure, fonctionnement silencieux et \u00e9quilibr\u00e9, longue dur\u00e9e de vie, installation facile<\/p>\n<hr data-start=\"4788\" data-end=\"4791\" \/>\n<p data-start=\"4793\" data-end=\"5404\">\n","protected":false},"featured_media":20189,"template":"","meta":[],"product_brand":[],"product_cat":[236,238,398,400],"product_tag":[],"class_list":{"0":"post-8383","1":"product","2":"type-product","3":"status-publish","4":"has-post-thumbnail","6":"product_cat-jungheinrich","7":"product_cat-catal-tekeri-jungheinrich","8":"product_cat-catal-tekeri-ceo","9":"product_cat-catal-tekeri","11":"first","12":"instock","13":"taxable","14":"shipping-taxable","15":"purchasable","16":"product-type-simple"},"_links":{"self":[{"href":"https:\/\/ceoparts.com\/fr\/wp-json\/wp\/v2\/product\/8383","targetHints":{"allow":["GET"]}}],"collection":[{"href":"https:\/\/ceoparts.com\/fr\/wp-json\/wp\/v2\/product"}],"about":[{"href":"https:\/\/ceoparts.com\/fr\/wp-json\/wp\/v2\/types\/product"}],"wp:featuredmedia":[{"embeddable":true,"href":"https:\/\/ceoparts.com\/fr\/wp-json\/wp\/v2\/media\/20189"}],"wp:attachment":[{"href":"https:\/\/ceoparts.com\/fr\/wp-json\/wp\/v2\/media?parent=8383"}],"wp:term":[{"taxonomy":"product_brand","embeddable":true,"href":"https:\/\/ceoparts.com\/fr\/wp-json\/wp\/v2\/product_brand?post=8383"},{"taxonomy":"product_cat","embeddable":true,"href":"https:\/\/ceoparts.com\/fr\/wp-json\/wp\/v2\/product_cat?post=8383"},{"taxonomy":"product_tag","embeddable":true,"href":"https:\/\/ceoparts.com\/fr\/wp-json\/wp\/v2\/product_tag?post=8383"}],"curies":[{"name":"wp","href":"https:\/\/api.w.org\/{rel}","templated":true}]}}