{"id":8386,"date":"2021-02-14T23:00:17","date_gmt":"2021-02-14T20:00:17","guid":{"rendered":"https:\/\/ceoparts.com\/?post_type=product&#038;p=8386"},"modified":"2026-05-16T19:51:35","modified_gmt":"2026-05-16T16:51:35","slug":"85x82-85-25-yuk-tekeri","status":"publish","type":"product","link":"https:\/\/ceoparts.com\/fr\/urun\/85x82-85-25-yuk-tekeri\/","title":{"rendered":"85&#215;82\/85-25 Ceoparts Roulettes charge"},"content":{"rendered":"<p>85&#215;82\/85-25 Ceoparts Roulettes charge<\/p>","protected":false},"excerpt":{"rendered":"<p data-start=\"99\" data-end=\"645\"><br data-start=\"3652\" data-end=\"3655\" \/>La <strong data-start=\"3658\" data-end=\"3697\">Roue de charge 85\u00d782\/85-25 Ceoparts<\/strong> est une pi\u00e8ce de rechange hautes performances et durable, sp\u00e9cialement con\u00e7ue pour les syst\u00e8mes de manutention de charges lourdes sur chariots \u00e9l\u00e9vateurs et \u00e9quipements d\u2019entrep\u00f4t. Son rev\u00eatement en caoutchouc sp\u00e9cial r\u00e9sistant aux chocs et \u00e0 l\u2019usure garantit un fonctionnement fluide, silencieux et stable m\u00eame dans des conditions d\u2019utilisation intensive. Son noyau en alliage m\u00e9tallique robuste augmente la capacit\u00e9 de charge et la maniabilit\u00e9 du chariot. Id\u00e9al pour entrep\u00f4ts, centres logistiques et sites industriels.<\/p>\n<p data-start=\"4221\" data-end=\"4630\"><strong data-start=\"4221\" data-end=\"4241\">Caract\u00e9ristiques<\/strong><br data-start=\"4241\" data-end=\"4244\" \/><strong data-start=\"4244\" data-end=\"4263\">Nom du produit:<\/strong> Roue de charge 85\u00d782\/85-25 Ceoparts<br data-start=\"4299\" data-end=\"4302\" \/><strong data-start=\"4302\" data-end=\"4322\">Num\u00e9ro de pi\u00e8ce:<\/strong>\u00a0<br data-start=\"4345\" data-end=\"4348\" \/><strong data-start=\"4348\" data-end=\"4361\">Mat\u00e9riau:<\/strong> Caoutchouc r\u00e9sistant \u00e0 l\u2019usure et alliage m\u00e9tallique robuste<br data-start=\"4422\" data-end=\"4425\" \/><strong data-start=\"4425\" data-end=\"4441\">Application:<\/strong> Syst\u00e8mes de manutention pour chariots \u00e9l\u00e9vateurs<br data-start=\"4490\" data-end=\"4493\" \/><strong data-start=\"4493\" data-end=\"4506\">Avantage:<\/strong> Haute r\u00e9sistance aux chocs et \u00e0 l\u2019usure, fonctionnement silencieux et \u00e9quilibr\u00e9, longue dur\u00e9e de vie, installation facile<\/p>\n<hr data-start=\"4632\" data-end=\"4635\" \/>\n<p data-start=\"4637\" data-end=\"5172\">\n","protected":false},"featured_media":15461,"template":"","meta":[],"product_brand":[],"product_cat":[398,400],"product_tag":[],"class_list":{"0":"post-8386","1":"product","2":"type-product","3":"status-publish","4":"has-post-thumbnail","6":"product_cat-catal-tekeri-ceo","7":"product_cat-catal-tekeri","9":"first","10":"instock","11":"taxable","12":"shipping-taxable","13":"purchasable","14":"product-type-simple"},"_links":{"self":[{"href":"https:\/\/ceoparts.com\/fr\/wp-json\/wp\/v2\/product\/8386","targetHints":{"allow":["GET"]}}],"collection":[{"href":"https:\/\/ceoparts.com\/fr\/wp-json\/wp\/v2\/product"}],"about":[{"href":"https:\/\/ceoparts.com\/fr\/wp-json\/wp\/v2\/types\/product"}],"wp:featuredmedia":[{"embeddable":true,"href":"https:\/\/ceoparts.com\/fr\/wp-json\/wp\/v2\/media\/15461"}],"wp:attachment":[{"href":"https:\/\/ceoparts.com\/fr\/wp-json\/wp\/v2\/media?parent=8386"}],"wp:term":[{"taxonomy":"product_brand","embeddable":true,"href":"https:\/\/ceoparts.com\/fr\/wp-json\/wp\/v2\/product_brand?post=8386"},{"taxonomy":"product_cat","embeddable":true,"href":"https:\/\/ceoparts.com\/fr\/wp-json\/wp\/v2\/product_cat?post=8386"},{"taxonomy":"product_tag","embeddable":true,"href":"https:\/\/ceoparts.com\/fr\/wp-json\/wp\/v2\/product_tag?post=8386"}],"curies":[{"name":"wp","href":"https:\/\/api.w.org\/{rel}","templated":true}]}}