{"id":8389,"date":"2021-02-14T23:03:59","date_gmt":"2021-02-14T20:03:59","guid":{"rendered":"https:\/\/ceoparts.com\/?post_type=product&#038;p=8389"},"modified":"2026-05-16T18:10:36","modified_gmt":"2026-05-16T15:10:36","slug":"85x85-90-20-yuk-tekeri","status":"publish","type":"product","link":"https:\/\/ceoparts.com\/fr\/urun\/85x85-90-20-yuk-tekeri\/","title":{"rendered":"85&#215;85\/90-20 Ceoparts Roulettes charge &#8211; 452008102 , 4494413 , 0009903501"},"content":{"rendered":"<p>85&#215;85\/90-20 Ceoparts Roulettes charge &#8211; 452008102 , 4494413 , 0009903501<\/p>\n<p>452008102 Pimespo, \u00a04494413 Still<\/p>\n<p>Still EGV-S 14\u00a0\u00a0\u00a0 3302213<\/p>\n<p>Still EGV-S 20\u00a0\u00a0\u00a0 3302223<\/p>\n<p>Still EGV 20\u00a0\u00a0\u00a0 3302233<\/p>\n<p>Still EGP 14\u00a0\u00a0\u00a0\u00a0 3302273<\/p>\n<p>Still EGP\u00a020\u00a0\u00a0\u00a0\u00a0 3302283<\/p>\n<p>Still EGU 30\u00a0\u00a0\u00a0\u00a0 3301363<\/p>\n<p>Pimespo TL12\/4305<\/p>","protected":false},"excerpt":{"rendered":"<p data-start=\"124\" data-end=\"667\"><br data-start=\"3769\" data-end=\"3772\" \/>La <strong data-start=\"3775\" data-end=\"3814\">Roue de charge 85\u00d785\/90-20 Ceoparts<\/strong> est une pi\u00e8ce de rechange r\u00e9sistante \u00e0 l\u2019usure de haute qualit\u00e9, sp\u00e9cialement con\u00e7ue pour les applications de manutention intensive sur chariots \u00e9l\u00e9vateurs et \u00e9quipements d\u2019entrep\u00f4t. Son noyau en alliage m\u00e9tallique robuste et son rev\u00eatement en caoutchouc r\u00e9sistant aux chocs garantissent une performance durable et une man\u0153uvrabilit\u00e9 s\u00e9curis\u00e9e. Fonctionnement silencieux et excellente adh\u00e9rence au sol pour des op\u00e9rations stables et s\u00fbres. Id\u00e9al pour entrep\u00f4ts, centres logistiques et sites industriels.<\/p>\n<p data-start=\"4320\" data-end=\"4757\"><strong data-start=\"4320\" data-end=\"4340\">Caract\u00e9ristiques<\/strong><br data-start=\"4340\" data-end=\"4343\" \/><strong data-start=\"4343\" data-end=\"4362\">Nom du produit:<\/strong> Roue de charge 85\u00d785\/90-20 Ceoparts<br data-start=\"4398\" data-end=\"4401\" \/><strong data-start=\"4401\" data-end=\"4421\">Num\u00e9ro de pi\u00e8ce:<\/strong> 452008102, 4494413, 0009903501<br data-start=\"4452\" data-end=\"4455\" \/><strong data-start=\"4455\" data-end=\"4468\">Mat\u00e9riau:<\/strong> Caoutchouc r\u00e9sistant \u00e0 l\u2019usure et alliage m\u00e9tallique robuste<br data-start=\"4529\" data-end=\"4532\" \/><strong data-start=\"4532\" data-end=\"4548\">Application:<\/strong> Syst\u00e8mes de manutention et de stabilisation pour chariots \u00e9l\u00e9vateurs<br data-start=\"4617\" data-end=\"4620\" \/><strong data-start=\"4620\" data-end=\"4633\">Avantage:<\/strong> Haute r\u00e9sistance aux chocs et \u00e0 l\u2019usure, fonctionnement silencieux et \u00e9quilibr\u00e9, longue dur\u00e9e de vie, installation facile<\/p>\n<hr data-start=\"4759\" data-end=\"4762\" \/>\n<p data-start=\"4764\" data-end=\"5267\">\n","protected":false},"featured_media":15491,"template":"","meta":[],"product_brand":[],"product_cat":[241,243,398,400],"product_tag":[],"class_list":{"0":"post-8389","1":"product","2":"type-product","3":"status-publish","4":"has-post-thumbnail","6":"product_cat-still","7":"product_cat-catal-tekeri-still","8":"product_cat-catal-tekeri-ceo","9":"product_cat-catal-tekeri","11":"first","12":"instock","13":"taxable","14":"shipping-taxable","15":"purchasable","16":"product-type-simple"},"_links":{"self":[{"href":"https:\/\/ceoparts.com\/fr\/wp-json\/wp\/v2\/product\/8389","targetHints":{"allow":["GET"]}}],"collection":[{"href":"https:\/\/ceoparts.com\/fr\/wp-json\/wp\/v2\/product"}],"about":[{"href":"https:\/\/ceoparts.com\/fr\/wp-json\/wp\/v2\/types\/product"}],"wp:featuredmedia":[{"embeddable":true,"href":"https:\/\/ceoparts.com\/fr\/wp-json\/wp\/v2\/media\/15491"}],"wp:attachment":[{"href":"https:\/\/ceoparts.com\/fr\/wp-json\/wp\/v2\/media?parent=8389"}],"wp:term":[{"taxonomy":"product_brand","embeddable":true,"href":"https:\/\/ceoparts.com\/fr\/wp-json\/wp\/v2\/product_brand?post=8389"},{"taxonomy":"product_cat","embeddable":true,"href":"https:\/\/ceoparts.com\/fr\/wp-json\/wp\/v2\/product_cat?post=8389"},{"taxonomy":"product_tag","embeddable":true,"href":"https:\/\/ceoparts.com\/fr\/wp-json\/wp\/v2\/product_tag?post=8389"}],"curies":[{"name":"wp","href":"https:\/\/api.w.org\/{rel}","templated":true}]}}