{"id":8390,"date":"2021-02-14T23:05:11","date_gmt":"2021-02-14T20:05:11","guid":{"rendered":"https:\/\/ceoparts.com\/?post_type=product&#038;p=8390"},"modified":"2026-05-16T11:44:35","modified_gmt":"2026-05-16T08:44:35","slug":"85x85-90-25-yuk-tekeri","status":"publish","type":"product","link":"https:\/\/ceoparts.com\/fr\/urun\/85x85-90-25-yuk-tekeri\/","title":{"rendered":"85&#215;85\/90-25 Ceoparts Roulettes charge &#8211; 50010588"},"content":{"rendered":"<p>85&#215;85\/90-25 Ceoparts Roulettes charge &#8211; 50010588<\/p>\n<p>ECC 10\u00a05.94 &#8211; 3.98<br \/>\nECC SH 20 AC\u00a011.02 &#8211; 3.04<\/p>\n<p>ECE 20 &#8211; TC\u00a07.99 &#8211; 3.03<br \/>\nECE 20 AC\u00a07.01 &#8211; 3.04<br \/>\nECE 20 AC XL\u00a06.02 &#8211; 3.04<br \/>\nECE 20 ASDA\/SAFEWAY\u00a03.00 &#8211; 9.02<br \/>\nECE 20 hebbare Standplattform\u00a09.97 &#8211; 12.02<br \/>\nECE 20 Serie\/Tesco -03.2000\u00a04.98 &#8211; 2.00<br \/>\nECE 220 HP AC\u00a04.04 &#8211; 11.07<br \/>\nECE 220 XL\u00a04.04 &#8211; 3.08<br \/>\nECE 220-ac\u00a04.04 &#8211; 4.07<br \/>\nECE 220\/225\u00a012.06 &#8211; 7.09<br \/>\nECE 220\/225\u00a08.09 &#8211;<br \/>\nECE 225 HP\u00a012.07 &#8211;<br \/>\nECE 225 XL\u00a012.07 &#8211; 12.08<br \/>\nECE 225 XL\u00a01.09 &#8211;<br \/>\nECE 320\u00a04.04 &#8211; 12.07<\/p>\n<p>EJC 10\/12\u00a010.97 &#8211;<br \/>\nEJC 110\/112\u00a09.07 &#8211;<br \/>\nEJC 110\/112 (Qingpu)\u00a07.08 &#8211; 9.09<br \/>\nEJC 110n\/112n\u00a010.09 &#8211;<br \/>\nEJC 12 C\u00a07.03 &#8211;<br \/>\nEJC 14\/16\u00a06.98 &#8211; 2.06<br \/>\nEJC 212 \/ 214 \/ 216\u00a06.08 &#8211;<br \/>\nEJC 212-216\u00a01.06 &#8211; 5.08<br \/>\nEJC 220\u00a08.06 &#8211;<\/p>\n<p>EJE 220\/222\/225\/ 220r\/222r\u00a09.03 &#8211; 11.07<br \/>\nEJE 220r\/222r\u00a05.06 &#8211;<br \/>\nEJE 235\u00a05.08 &#8211;<br \/>\nEJE 30\u00a06.05 &#8211;<br \/>\nEJE 30\u00a06.05 &#8211;<br \/>\nEJE\/-R 20-25\u00a01.97 &#8211; 8.03<\/p>\n<p>EKE 20 24V\u00a08.97 &#8211; 5.03<br \/>\nEKE 20 s\u00a08.03 &#8211; 12.04<\/p>\n<p>ERC 12-16\u00a04.01 &#8211; 3.04<br \/>\nERC 212\/214\/216\u00a04.04 &#8211;<\/p>\n<p>ERD 16-20\u00a03.03 &#8211; 10.03<br \/>\nERD 220\u00a010.03 &#8211;<\/p>\n<p>ERE 20\u00a07.97 &#8211; 9.98<br \/>\nERE 20\u00a011.98 &#8211; 1.01<br \/>\nERE 20 fester Antrieb\u00a01.01 &#8211; 10.03<br \/>\nERE 20 SAFEWAY\u00a02.01 &#8211; 8.03<br \/>\nERE 20 Schmal\u00a010.95 &#8211; 12.98<br \/>\nERE 220\u00a010.03 &#8211; 9.05<br \/>\nERE 224\u00a010.05 &#8211; 9.07<br \/>\nERE 225\u00a09.07 &#8211;<\/p>\n<p>ESC 2\u00a01.05 &#8211; 7.09<br \/>\nESC 214\/216Z\u00a08.09 &#8211;<br \/>\nESC 316\/316Z\u00a011.07 &#8211;<\/p>\n<p>ESD 20\u00a011.99 &#8211; 7.03<\/p>\n<p>ESE 120\u00a01.05 &#8211;<br \/>\nESE 120\u00a01.05 &#8211;<br \/>\nESE 20\u00a03.99 &#8211; 3.04<br \/>\nESE 20\u00a04.04 &#8211; 12.04<br \/>\nESE 220\u00a01.05 &#8211; 1.10<br \/>\nESE 220\/320\u00a02.10 &#8211;<br \/>\nESE 320\u00a01.05 &#8211; 1.10<br \/>\nESE 420\/430\u00a05.05 &#8211; 7.09<\/p>","protected":false},"excerpt":{"rendered":"<p data-start=\"103\" data-end=\"638\"><br data-start=\"3569\" data-end=\"3572\" \/>La <strong data-start=\"3575\" data-end=\"3614\">Roue de charge 85\u00d785\/90-25 Ceoparts<\/strong> est une pi\u00e8ce de rechange haut de gamme con\u00e7ue pour garantir performance et durabilit\u00e9 dans les syst\u00e8mes de manutention des chariots \u00e9l\u00e9vateurs. Son rev\u00eatement en caoutchouc sp\u00e9cial r\u00e9sistant \u00e0 l\u2019usure et aux chocs, associ\u00e9 \u00e0 son noyau en alliage m\u00e9tallique robuste, assure des d\u00e9placements fluides et s\u00e9curis\u00e9s dans les op\u00e9rations intensives. Excellente adh\u00e9rence au sol, conduite \u00e9quilibr\u00e9e et fonctionnement silencieux en font un choix id\u00e9al pour les entrep\u00f4ts, centres logistiques et environnements industriels.<\/p>\n<p data-start=\"4132\" data-end=\"4554\"><strong data-start=\"4132\" data-end=\"4152\">Caract\u00e9ristiques<\/strong><br data-start=\"4152\" data-end=\"4155\" \/><strong data-start=\"4155\" data-end=\"4174\">Nom du produit:<\/strong> Roue de charge 85\u00d785\/90-25 Ceoparts<br data-start=\"4210\" data-end=\"4213\" \/><strong data-start=\"4213\" data-end=\"4233\">Num\u00e9ro de pi\u00e8ce:<\/strong> 50010588<br data-start=\"4242\" data-end=\"4245\" \/><strong data-start=\"4245\" data-end=\"4258\">Mat\u00e9riau:<\/strong> Caoutchouc sp\u00e9cial r\u00e9sistant \u00e0 l\u2019usure et alliage m\u00e9tallique robuste<br data-start=\"4327\" data-end=\"4330\" \/><strong data-start=\"4330\" data-end=\"4346\">Application:<\/strong> Syst\u00e8mes de manutention et de stabilisation pour chariots \u00e9l\u00e9vateurs<br data-start=\"4415\" data-end=\"4418\" \/><strong data-start=\"4418\" data-end=\"4431\">Avantage:<\/strong> Haute r\u00e9sistance aux chocs et \u00e0 l\u2019usure, longue dur\u00e9e de vie, fonctionnement silencieux et s\u00e9curis\u00e9, installation facile<\/p>\n<hr data-start=\"4556\" data-end=\"4559\" \/>\n<p data-start=\"4561\" data-end=\"5064\">\n","protected":false},"featured_media":15494,"template":"","meta":[],"product_brand":[],"product_cat":[398,400],"product_tag":[],"class_list":{"0":"post-8390","1":"product","2":"type-product","3":"status-publish","4":"has-post-thumbnail","6":"product_cat-catal-tekeri-ceo","7":"product_cat-catal-tekeri","9":"first","10":"instock","11":"taxable","12":"shipping-taxable","13":"purchasable","14":"product-type-simple"},"_links":{"self":[{"href":"https:\/\/ceoparts.com\/fr\/wp-json\/wp\/v2\/product\/8390","targetHints":{"allow":["GET"]}}],"collection":[{"href":"https:\/\/ceoparts.com\/fr\/wp-json\/wp\/v2\/product"}],"about":[{"href":"https:\/\/ceoparts.com\/fr\/wp-json\/wp\/v2\/types\/product"}],"wp:featuredmedia":[{"embeddable":true,"href":"https:\/\/ceoparts.com\/fr\/wp-json\/wp\/v2\/media\/15494"}],"wp:attachment":[{"href":"https:\/\/ceoparts.com\/fr\/wp-json\/wp\/v2\/media?parent=8390"}],"wp:term":[{"taxonomy":"product_brand","embeddable":true,"href":"https:\/\/ceoparts.com\/fr\/wp-json\/wp\/v2\/product_brand?post=8390"},{"taxonomy":"product_cat","embeddable":true,"href":"https:\/\/ceoparts.com\/fr\/wp-json\/wp\/v2\/product_cat?post=8390"},{"taxonomy":"product_tag","embeddable":true,"href":"https:\/\/ceoparts.com\/fr\/wp-json\/wp\/v2\/product_tag?post=8390"}],"curies":[{"name":"wp","href":"https:\/\/api.w.org\/{rel}","templated":true}]}}