{"id":8394,"date":"2021-02-14T23:09:33","date_gmt":"2021-02-14T20:09:33","guid":{"rendered":"https:\/\/ceoparts.com\/?post_type=product&#038;p=8394"},"modified":"2026-05-16T18:38:44","modified_gmt":"2026-05-16T15:38:44","slug":"85x90-95-20-yuk-tekeri","status":"publish","type":"product","link":"https:\/\/ceoparts.com\/fr\/urun\/85x90-95-20-yuk-tekeri\/","title":{"rendered":"85&#215;90\/95-20 Ceoparts Roulettes charge"},"content":{"rendered":"<p>85&#215;90\/95-20 Ceoparts Roulettes charge<\/p>","protected":false},"excerpt":{"rendered":"<p data-start=\"105\" data-end=\"633\"><br data-start=\"3298\" data-end=\"3301\" \/>La <strong data-start=\"3304\" data-end=\"3343\">Roue de charge 85\u00d790\/95-20 Ceoparts<\/strong> est une roue de qualit\u00e9 sup\u00e9rieure offrant performance, s\u00e9curit\u00e9 et durabilit\u00e9 dans les syst\u00e8mes de manutention des chariots \u00e9l\u00e9vateurs. Gr\u00e2ce \u00e0 son rev\u00eatement en caoutchouc r\u00e9sistant \u00e0 l\u2019usure et \u00e0 son noyau en alliage m\u00e9tallique robuste, elle garantit une excellente r\u00e9sistance \u00e0 l\u2019usure, aux chocs et aux frottements dans des conditions de travail difficiles. Id\u00e9ale pour les entrep\u00f4ts, la logistique et les installations industrielles.<\/p>\n<p data-start=\"3785\" data-end=\"4139\"><strong data-start=\"3785\" data-end=\"3805\">Caract\u00e9ristiques<\/strong><br data-start=\"3805\" data-end=\"3808\" \/><strong data-start=\"3808\" data-end=\"3827\">Nom du produit:<\/strong> Roue de charge 85\u00d790\/95-20 Ceoparts<br data-start=\"3863\" data-end=\"3866\" \/><strong data-start=\"3866\" data-end=\"3879\">Mat\u00e9riau:<\/strong> Caoutchouc r\u00e9sistant \u00e0 l\u2019usure et alliage m\u00e9tallique robuste<br data-start=\"3940\" data-end=\"3943\" \/><strong data-start=\"3943\" data-end=\"3959\">Application:<\/strong> Syst\u00e8mes de manutention et de stabilisation pour chariots \u00e9l\u00e9vateurs<br data-start=\"4028\" data-end=\"4031\" \/><strong data-start=\"4031\" data-end=\"4044\">Avantage:<\/strong> Haute r\u00e9sistance \u00e0 l\u2019usure et aux chocs, longue dur\u00e9e de vie, installation facile, usage s\u00fbr<\/p>\n<hr data-start=\"4141\" data-end=\"4144\" \/>\n<p data-start=\"4146\" data-end=\"4597\">\n","protected":false},"featured_media":15515,"template":"","meta":[],"product_brand":[],"product_cat":[398,400],"product_tag":[],"class_list":{"0":"post-8394","1":"product","2":"type-product","3":"status-publish","4":"has-post-thumbnail","6":"product_cat-catal-tekeri-ceo","7":"product_cat-catal-tekeri","9":"first","10":"instock","11":"taxable","12":"shipping-taxable","13":"purchasable","14":"product-type-simple"},"_links":{"self":[{"href":"https:\/\/ceoparts.com\/fr\/wp-json\/wp\/v2\/product\/8394","targetHints":{"allow":["GET"]}}],"collection":[{"href":"https:\/\/ceoparts.com\/fr\/wp-json\/wp\/v2\/product"}],"about":[{"href":"https:\/\/ceoparts.com\/fr\/wp-json\/wp\/v2\/types\/product"}],"wp:featuredmedia":[{"embeddable":true,"href":"https:\/\/ceoparts.com\/fr\/wp-json\/wp\/v2\/media\/15515"}],"wp:attachment":[{"href":"https:\/\/ceoparts.com\/fr\/wp-json\/wp\/v2\/media?parent=8394"}],"wp:term":[{"taxonomy":"product_brand","embeddable":true,"href":"https:\/\/ceoparts.com\/fr\/wp-json\/wp\/v2\/product_brand?post=8394"},{"taxonomy":"product_cat","embeddable":true,"href":"https:\/\/ceoparts.com\/fr\/wp-json\/wp\/v2\/product_cat?post=8394"},{"taxonomy":"product_tag","embeddable":true,"href":"https:\/\/ceoparts.com\/fr\/wp-json\/wp\/v2\/product_tag?post=8394"}],"curies":[{"name":"wp","href":"https:\/\/api.w.org\/{rel}","templated":true}]}}