{"id":8402,"date":"2021-02-14T23:20:53","date_gmt":"2021-02-14T20:20:53","guid":{"rendered":"https:\/\/ceoparts.com\/?post_type=product&#038;p=8402"},"modified":"2026-05-16T18:10:10","modified_gmt":"2026-05-16T15:10:10","slug":"85x100-105-12-yuk-tekeri","status":"publish","type":"product","link":"https:\/\/ceoparts.com\/fr\/urun\/85x100-105-12-yuk-tekeri\/","title":{"rendered":"85&#215;100\/105-12 Ceoparts Roulettes charge"},"content":{"rendered":"<p>85&#215;100\/105-12 Ceoparts Roulettes charge<\/p>","protected":false},"excerpt":{"rendered":"<p data-start=\"97\" data-end=\"519\"><br data-start=\"2944\" data-end=\"2947\" \/>La <strong data-start=\"2950\" data-end=\"2991\">Roue de charge 85\u00d7100\/105-12 Ceoparts<\/strong> est une roue durable et de haute qualit\u00e9 con\u00e7ue pour am\u00e9liorer la capacit\u00e9 de charge des chariots \u00e9l\u00e9vateurs. Fabriqu\u00e9e en caoutchouc r\u00e9sistant \u00e0 l\u2019usure et en alliage m\u00e9tallique robuste, elle garantit une longue dur\u00e9e de vie dans des conditions de travail difficiles. Cette roue soutient un d\u00e9placement stable et s\u00fbr du chariot \u00e9l\u00e9vateur. Avec la qualit\u00e9 Ceoparts, elle assure une installation facile et une efficacit\u00e9 maximale.<\/p>\n<p data-start=\"3423\" data-end=\"3736\"><strong data-start=\"3423\" data-end=\"3443\">Caract\u00e9ristiques<\/strong><br data-start=\"3443\" data-end=\"3446\" \/><strong data-start=\"3446\" data-end=\"3465\">Nom du produit:<\/strong> Roue de charge 85\u00d7100\/105-12 Ceoparts<br data-start=\"3503\" data-end=\"3506\" \/><strong data-start=\"3506\" data-end=\"3519\">Mat\u00e9riau:<\/strong> Caoutchouc haute r\u00e9sistance et alliage m\u00e9tallique<br data-start=\"3569\" data-end=\"3572\" \/><strong data-start=\"3572\" data-end=\"3588\">Application:<\/strong> Syst\u00e8me de charge pour chariots \u00e9l\u00e9vateurs<br data-start=\"3631\" data-end=\"3634\" \/><strong data-start=\"3634\" data-end=\"3647\">Avantage:<\/strong> Haute r\u00e9sistance \u00e0 l\u2019usure, longue dur\u00e9e de vie, installation facile, utilisation s\u00fbre<\/p>\n<p data-start=\"3738\" data-end=\"4186\">\n","protected":false},"featured_media":15564,"template":"","meta":[],"product_brand":[],"product_cat":[398,400],"product_tag":[],"class_list":{"0":"post-8402","1":"product","2":"type-product","3":"status-publish","4":"has-post-thumbnail","6":"product_cat-catal-tekeri-ceo","7":"product_cat-catal-tekeri","9":"first","10":"instock","11":"taxable","12":"shipping-taxable","13":"purchasable","14":"product-type-simple"},"_links":{"self":[{"href":"https:\/\/ceoparts.com\/fr\/wp-json\/wp\/v2\/product\/8402","targetHints":{"allow":["GET"]}}],"collection":[{"href":"https:\/\/ceoparts.com\/fr\/wp-json\/wp\/v2\/product"}],"about":[{"href":"https:\/\/ceoparts.com\/fr\/wp-json\/wp\/v2\/types\/product"}],"wp:featuredmedia":[{"embeddable":true,"href":"https:\/\/ceoparts.com\/fr\/wp-json\/wp\/v2\/media\/15564"}],"wp:attachment":[{"href":"https:\/\/ceoparts.com\/fr\/wp-json\/wp\/v2\/media?parent=8402"}],"wp:term":[{"taxonomy":"product_brand","embeddable":true,"href":"https:\/\/ceoparts.com\/fr\/wp-json\/wp\/v2\/product_brand?post=8402"},{"taxonomy":"product_cat","embeddable":true,"href":"https:\/\/ceoparts.com\/fr\/wp-json\/wp\/v2\/product_cat?post=8402"},{"taxonomy":"product_tag","embeddable":true,"href":"https:\/\/ceoparts.com\/fr\/wp-json\/wp\/v2\/product_tag?post=8402"}],"curies":[{"name":"wp","href":"https:\/\/api.w.org\/{rel}","templated":true}]}}