{"id":8403,"date":"2021-02-14T23:22:07","date_gmt":"2021-02-14T20:22:07","guid":{"rendered":"https:\/\/ceoparts.com\/?post_type=product&#038;p=8403"},"modified":"2026-05-16T17:05:12","modified_gmt":"2026-05-16T14:05:12","slug":"85x100-105-17-yuk-tekeri","status":"publish","type":"product","link":"https:\/\/ceoparts.com\/fr\/urun\/85x100-105-17-yuk-tekeri\/","title":{"rendered":"85&#215;100\/105-17 Ceoparts Roulettes charge"},"content":{"rendered":"<p>85&#215;100\/105-17 Ceoparts Roulettes charge<\/p>","protected":false},"excerpt":{"rendered":"<p data-start=\"97\" data-end=\"571\"><br data-start=\"3058\" data-end=\"3061\" \/>La <strong data-start=\"3064\" data-end=\"3105\">Roue de charge 85\u00d7100\/105-17 Ceoparts<\/strong> est une roue durable et de haute qualit\u00e9 con\u00e7ue pour augmenter la capacit\u00e9 de charge des chariots \u00e9l\u00e9vateurs. Fabriqu\u00e9e en caoutchouc r\u00e9sistant \u00e0 l\u2019usure et en alliage m\u00e9tallique robuste, elle offre une longue dur\u00e9e de vie dans des conditions de travail difficiles. Cette roue am\u00e9liore la stabilit\u00e9 et la maniabilit\u00e9 du chariot \u00e9l\u00e9vateur, assurant une manipulation s\u00fbre des charges. Avec la qualit\u00e9 Ceoparts, elle garantit une installation facile et une utilisation durable.<\/p>\n<p data-start=\"3582\" data-end=\"3895\"><strong data-start=\"3582\" data-end=\"3602\">Caract\u00e9ristiques<\/strong><br data-start=\"3602\" data-end=\"3605\" \/><strong data-start=\"3605\" data-end=\"3624\">Nom du produit:<\/strong> Roue de charge 85\u00d7100\/105-17 Ceoparts<br data-start=\"3662\" data-end=\"3665\" \/><strong data-start=\"3665\" data-end=\"3678\">Mat\u00e9riau:<\/strong> Caoutchouc haute r\u00e9sistance et alliage m\u00e9tallique<br data-start=\"3728\" data-end=\"3731\" \/><strong data-start=\"3731\" data-end=\"3747\">Application:<\/strong> Syst\u00e8me de charge pour chariots \u00e9l\u00e9vateurs<br data-start=\"3790\" data-end=\"3793\" \/><strong data-start=\"3793\" data-end=\"3806\">Avantage:<\/strong> Haute r\u00e9sistance \u00e0 l\u2019usure, utilisation durable, installation facile, utilisation s\u00fbre<\/p>\n<p data-start=\"3897\" data-end=\"4385\">\n","protected":false},"featured_media":15567,"template":"","meta":[],"product_brand":[],"product_cat":[398,400],"product_tag":[],"class_list":{"0":"post-8403","1":"product","2":"type-product","3":"status-publish","4":"has-post-thumbnail","6":"product_cat-catal-tekeri-ceo","7":"product_cat-catal-tekeri","9":"first","10":"instock","11":"taxable","12":"shipping-taxable","13":"purchasable","14":"product-type-simple"},"_links":{"self":[{"href":"https:\/\/ceoparts.com\/fr\/wp-json\/wp\/v2\/product\/8403","targetHints":{"allow":["GET"]}}],"collection":[{"href":"https:\/\/ceoparts.com\/fr\/wp-json\/wp\/v2\/product"}],"about":[{"href":"https:\/\/ceoparts.com\/fr\/wp-json\/wp\/v2\/types\/product"}],"wp:featuredmedia":[{"embeddable":true,"href":"https:\/\/ceoparts.com\/fr\/wp-json\/wp\/v2\/media\/15567"}],"wp:attachment":[{"href":"https:\/\/ceoparts.com\/fr\/wp-json\/wp\/v2\/media?parent=8403"}],"wp:term":[{"taxonomy":"product_brand","embeddable":true,"href":"https:\/\/ceoparts.com\/fr\/wp-json\/wp\/v2\/product_brand?post=8403"},{"taxonomy":"product_cat","embeddable":true,"href":"https:\/\/ceoparts.com\/fr\/wp-json\/wp\/v2\/product_cat?post=8403"},{"taxonomy":"product_tag","embeddable":true,"href":"https:\/\/ceoparts.com\/fr\/wp-json\/wp\/v2\/product_tag?post=8403"}],"curies":[{"name":"wp","href":"https:\/\/api.w.org\/{rel}","templated":true}]}}