{"id":8404,"date":"2021-02-14T23:23:10","date_gmt":"2021-02-14T20:23:10","guid":{"rendered":"https:\/\/ceoparts.com\/?post_type=product&#038;p=8404"},"modified":"2026-05-16T15:33:18","modified_gmt":"2026-05-16T12:33:18","slug":"85x100-105-20-yuk-tekeri","status":"publish","type":"product","link":"https:\/\/ceoparts.com\/fr\/urun\/85x100-105-20-yuk-tekeri\/","title":{"rendered":"85&#215;100\/105-20 Ceoparts Roulettes charge &#8211; 50452737"},"content":{"rendered":"<p>85&#215;100\/105-20 Ceoparts Roulettes charge &#8211; 50452737<\/p>\n<p>85&#215;100\/105-20 Ceoparts Roulettes charge<\/p>","protected":false},"excerpt":{"rendered":"<p data-start=\"108\" data-end=\"535\"><br data-start=\"3020\" data-end=\"3023\" \/>La <strong data-start=\"3026\" data-end=\"3067\">Roue de charge 85\u00d7100\/105-20 Ceoparts<\/strong> est une roue durable et de haute qualit\u00e9 sp\u00e9cialement con\u00e7ue pour augmenter la capacit\u00e9 de charge des chariots \u00e9l\u00e9vateurs. Fabriqu\u00e9e en caoutchouc r\u00e9sistant \u00e0 l\u2019usure et en alliage m\u00e9tallique robuste, cette roue am\u00e9liore la stabilit\u00e9 et la maniabilit\u00e9 du chariot \u00e9l\u00e9vateur, offrant une manipulation s\u00fbre et efficace des charges. Avec la garantie Ceoparts, elle assure une installation facile et une longue dur\u00e9e de vie.<\/p>\n<p data-start=\"3489\" data-end=\"3826\"><strong data-start=\"3489\" data-end=\"3509\">Caract\u00e9ristiques<\/strong><br data-start=\"3509\" data-end=\"3512\" \/><strong data-start=\"3512\" data-end=\"3531\">Nom du produit:<\/strong> Roue de charge 85\u00d7100\/105-20 Ceoparts<br data-start=\"3569\" data-end=\"3572\" \/><strong data-start=\"3572\" data-end=\"3592\">Num\u00e9ro de pi\u00e8ce:<\/strong> 50452737<br data-start=\"3601\" data-end=\"3604\" \/><strong data-start=\"3604\" data-end=\"3617\">Mat\u00e9riau:<\/strong> Caoutchouc durable et alliage m\u00e9tallique<br data-start=\"3658\" data-end=\"3661\" \/><strong data-start=\"3661\" data-end=\"3677\">Application:<\/strong> Syst\u00e8me de charge pour chariots \u00e9l\u00e9vateurs<br data-start=\"3720\" data-end=\"3723\" \/><strong data-start=\"3723\" data-end=\"3736\">Avantage:<\/strong> Haute r\u00e9sistance \u00e0 l\u2019usure, construction durable, installation facile, utilisation s\u00fbre<\/p>\n<p data-start=\"3828\" data-end=\"4285\">\n","protected":false},"featured_media":15570,"template":"","meta":[],"product_brand":[],"product_cat":[398,400],"product_tag":[],"class_list":{"0":"post-8404","1":"product","2":"type-product","3":"status-publish","4":"has-post-thumbnail","6":"product_cat-catal-tekeri-ceo","7":"product_cat-catal-tekeri","9":"first","10":"instock","11":"taxable","12":"shipping-taxable","13":"purchasable","14":"product-type-simple"},"_links":{"self":[{"href":"https:\/\/ceoparts.com\/fr\/wp-json\/wp\/v2\/product\/8404","targetHints":{"allow":["GET"]}}],"collection":[{"href":"https:\/\/ceoparts.com\/fr\/wp-json\/wp\/v2\/product"}],"about":[{"href":"https:\/\/ceoparts.com\/fr\/wp-json\/wp\/v2\/types\/product"}],"wp:featuredmedia":[{"embeddable":true,"href":"https:\/\/ceoparts.com\/fr\/wp-json\/wp\/v2\/media\/15570"}],"wp:attachment":[{"href":"https:\/\/ceoparts.com\/fr\/wp-json\/wp\/v2\/media?parent=8404"}],"wp:term":[{"taxonomy":"product_brand","embeddable":true,"href":"https:\/\/ceoparts.com\/fr\/wp-json\/wp\/v2\/product_brand?post=8404"},{"taxonomy":"product_cat","embeddable":true,"href":"https:\/\/ceoparts.com\/fr\/wp-json\/wp\/v2\/product_cat?post=8404"},{"taxonomy":"product_tag","embeddable":true,"href":"https:\/\/ceoparts.com\/fr\/wp-json\/wp\/v2\/product_tag?post=8404"}],"curies":[{"name":"wp","href":"https:\/\/api.w.org\/{rel}","templated":true}]}}