{"id":8405,"date":"2021-02-14T23:24:14","date_gmt":"2021-02-14T20:24:14","guid":{"rendered":"https:\/\/ceoparts.com\/?post_type=product&#038;p=8405"},"modified":"2026-05-16T17:04:51","modified_gmt":"2026-05-16T14:04:51","slug":"85x100-105-25-yuk-tekeri","status":"publish","type":"product","link":"https:\/\/ceoparts.com\/fr\/urun\/85x100-105-25-yuk-tekeri\/","title":{"rendered":"85&#215;100\/105-25 Ceoparts Roulettes charge &#8211; 27631330 , 51064610"},"content":{"rendered":"<p>85&#215;100\/105-25 Ceoparts Roulettes charge &#8211; 27631330 , 51064610<\/p>\n<p>Jungheinrich 85&#215;100\/105-25<\/p>\n<p>27631330 50410186, 51064610<\/p>\n<p>EJC 12 &#8211; 5.94 &#8211; 6.94<br \/>\nEJC 12-16 &#8211; 7.96 &#8211; 4.98<br \/>\nEJC 12,5\/15 &#8211; 10,84 &#8211; 4,87<br \/>\nEJC 15 &#8211; 5.87 &#8211; 9.88<br \/>\nEJC 16 &#8211; 11.92 &#8211; 7.93<br \/>\nEJC 220 &#8211; 8.06 &#8211;<br \/>\nEJC-Z 12.5 &#8211; 10.88 &#8211; 12.92<br \/>\nEJC c 12,5\/16 &#8211; 2.85 &#8211; 5.87<br \/>\nEJC c 12,5\/16 &#8211; 2,88 &#8211; 9,88<br \/>\nEJC c 12.5\/16 &#8211; 6.87 &#8211; 1.88<\/p>\n<p>EJG 06-10 &#8211; 12.04 &#8211;<br \/>\nEJG 06-10 (PR) &#8211; 1.98 &#8211; 4.05<\/p>\n<p>EKC 12,5 &#8211; 6,86 &#8211; 12,90<br \/>\nEKC 12,5 \/ 16 &#8211; 1.00 &#8211; 4.04<br \/>\nEKC 12,5 \/ 16 &#8211; 2,95 &#8211; 12,99<br \/>\nEKC 20 &#8211; 5.04 &#8211; 12.04<\/p>\n<p>EKE 20 48V &#8211; 8,94 &#8211; 10,97<\/p>\n<p>ERC 12,5 &#8211; 4,87 &#8211; 6,88<br \/>\nERC 12,5 &#8211; 6,84 &#8211; 7,85<br \/>\nERC 12,5 &#8211; 8,85 &#8211; 3,87<\/p>\n<p>&nbsp;<\/p>","protected":false},"excerpt":{"rendered":"<p data-start=\"118\" data-end=\"580\"><br data-start=\"3310\" data-end=\"3313\" \/>La <strong data-start=\"3316\" data-end=\"3357\">Roue de charge 85\u00d7100\/105-25 Ceoparts<\/strong> est une roue durable et de haute qualit\u00e9 con\u00e7ue pour augmenter la capacit\u00e9 de charge des chariots \u00e9l\u00e9vateurs et optimiser les performances op\u00e9rationnelles. Fabriqu\u00e9e \u00e0 partir d\u2019un caoutchouc sp\u00e9cial et d\u2019un alliage m\u00e9tallique offrant une excellente r\u00e9sistance \u00e0 l\u2019usure, elle assure une longue dur\u00e9e de vie dans des conditions de travail difficiles. Cette roue de charge soutient un d\u00e9placement stable et s\u00fbr du chariot \u00e9l\u00e9vateur. Avec la qualit\u00e9 Ceoparts, elle garantit une installation facile et une efficacit\u00e9 maximale.<\/p>\n<p data-start=\"3882\" data-end=\"4238\"><strong data-start=\"3882\" data-end=\"3902\">Caract\u00e9ristiques<\/strong><br data-start=\"3902\" data-end=\"3905\" \/><strong data-start=\"3905\" data-end=\"3924\">Nom du produit:<\/strong> Roue de charge 85\u00d7100\/105-25 Ceoparts<br data-start=\"3962\" data-end=\"3965\" \/><strong data-start=\"3965\" data-end=\"3986\">Num\u00e9ros de pi\u00e8ce:<\/strong> 27631330, 51064610<br data-start=\"4005\" data-end=\"4008\" \/><strong data-start=\"4008\" data-end=\"4021\">Mat\u00e9riau:<\/strong> Caoutchouc haute r\u00e9sistance et alliage m\u00e9tallique<br data-start=\"4071\" data-end=\"4074\" \/><strong data-start=\"4074\" data-end=\"4090\">Application:<\/strong> Syst\u00e8me de charge pour chariots \u00e9l\u00e9vateurs<br data-start=\"4133\" data-end=\"4136\" \/><strong data-start=\"4136\" data-end=\"4149\">Avantage:<\/strong> Haute r\u00e9sistance \u00e0 l\u2019usure, longue dur\u00e9e de vie, installation facile, utilisation s\u00fbre<\/p>\n<p data-start=\"4240\" data-end=\"4739\">\n","protected":false},"featured_media":15576,"template":"","meta":[],"product_brand":[],"product_cat":[236,238,398,400],"product_tag":[],"class_list":{"0":"post-8405","1":"product","2":"type-product","3":"status-publish","4":"has-post-thumbnail","6":"product_cat-jungheinrich","7":"product_cat-catal-tekeri-jungheinrich","8":"product_cat-catal-tekeri-ceo","9":"product_cat-catal-tekeri","11":"first","12":"instock","13":"taxable","14":"shipping-taxable","15":"purchasable","16":"product-type-simple"},"_links":{"self":[{"href":"https:\/\/ceoparts.com\/fr\/wp-json\/wp\/v2\/product\/8405","targetHints":{"allow":["GET"]}}],"collection":[{"href":"https:\/\/ceoparts.com\/fr\/wp-json\/wp\/v2\/product"}],"about":[{"href":"https:\/\/ceoparts.com\/fr\/wp-json\/wp\/v2\/types\/product"}],"wp:featuredmedia":[{"embeddable":true,"href":"https:\/\/ceoparts.com\/fr\/wp-json\/wp\/v2\/media\/15576"}],"wp:attachment":[{"href":"https:\/\/ceoparts.com\/fr\/wp-json\/wp\/v2\/media?parent=8405"}],"wp:term":[{"taxonomy":"product_brand","embeddable":true,"href":"https:\/\/ceoparts.com\/fr\/wp-json\/wp\/v2\/product_brand?post=8405"},{"taxonomy":"product_cat","embeddable":true,"href":"https:\/\/ceoparts.com\/fr\/wp-json\/wp\/v2\/product_cat?post=8405"},{"taxonomy":"product_tag","embeddable":true,"href":"https:\/\/ceoparts.com\/fr\/wp-json\/wp\/v2\/product_tag?post=8405"}],"curies":[{"name":"wp","href":"https:\/\/api.w.org\/{rel}","templated":true}]}}